{"id":184098,"date":"2023-10-25T08:17:44","date_gmt":"2023-10-25T06:17:44","guid":{"rendered":"https:\/\/vendig.se\/nachhaltigkeit\/"},"modified":"2023-10-25T08:17:52","modified_gmt":"2023-10-25T06:17:52","slug":"nachhaltigkeit","status":"publish","type":"page","link":"https:\/\/vendig.se\/de\/nachhaltigkeit\/","title":{"rendered":"Nachhaltigkeit"},"content":{"rendered":"\n<div class=\"wp-block-group full-width\"><div class=\"wp-block-group__inner-container is-layout-flow wp-block-group-is-layout-flow\">\n<figure class=\"wp-block-image size-full full-width\"><img loading=\"lazy\" decoding=\"async\" width=\"1918\" height=\"566\" src=\"https:\/\/vendig.se\/wp-content\/uploads\/2023\/10\/Sustainability-new2.webp\" alt=\"\" class=\"wp-image-181442\" srcset=\"https:\/\/vendig.se\/wp-content\/uploads\/2023\/10\/Sustainability-new2.webp 1918w, https:\/\/vendig.se\/wp-content\/uploads\/2023\/10\/Sustainability-new2-300x89.webp 300w, https:\/\/vendig.se\/wp-content\/uploads\/2023\/10\/Sustainability-new2-1024x302.webp 1024w, https:\/\/vendig.se\/wp-content\/uploads\/2023\/10\/Sustainability-new2-768x227.webp 768w, https:\/\/vendig.se\/wp-content\/uploads\/2023\/10\/Sustainability-new2-1536x453.webp 1536w, https:\/\/vendig.se\/wp-content\/uploads\/2023\/10\/Sustainability-new2-530x156.webp 530w, https:\/\/vendig.se\/wp-content\/uploads\/2023\/10\/Sustainability-new2-720x212.webp 720w, https:\/\/vendig.se\/wp-content\/uploads\/2023\/10\/Sustainability-new2-64x19.webp 64w\" sizes=\"auto, (max-width: 1918px) 100vw, 1918px\" \/><\/figure>\n\n\n\n<figure class=\"wp-block-video alignfull full-width hidden\"><video height=\"714\" style=\"aspect-ratio: 1920 \/ 714;\" width=\"1920\" autoplay=\"\" muted=\"\" src=\"https:\/\/vendig.se\/wp-content\/uploads\/2023\/03\/trandansen-4.mov\"><\/video><\/figure>\n<\/div><\/div>\n\n<h2 class=\"wp-block-heading\"><\/h2>\n\n<h2 class=\"wp-block-heading\"> <\/h2>\n\n<p><p>Vendig ist Teil der Lagercrantz-Gruppe, einem Technologiekonzern, dessen Gesch\u00e4ft auf engen und langfristigen Beziehungen mit dem Ziel basiert, ein zuverl\u00e4ssiger Partner zu sein.<\/p><p>Mehr \u00fcber Vendigs Nachhaltigkeitsarbeit k\u00f6nnen <a href=\"https:\/\/vendig.se\/sustainability\/?lang=en\" data-mce-href=\"https:\/\/vendig.se\/sustainability\/?lang=en\">Sie hier auf Englisch lesen!<\/a><\/p><\/p>\n\n<p> <\/p>\n\n<p><p>\u00a0\u00a0<\/p><\/p>\n\n<h3 class=\"wp-block-heading\"> <\/h3>\n\n<p> <\/p>\n\n<p><p>\u00a0\u00a0<\/p><\/p>\n\n<p><p>\u00a0\u00a0<\/p><\/p>\n\n<p> <\/p>\n\n<h3 class=\"wp-block-heading\"> <\/h3>\n\n<p> <\/p>\n\n<figure class=\"wp-block-image size-large\"><img loading=\"lazy\" decoding=\"async\" width=\"1024\" height=\"202\" src=\"https:\/\/vendig.se\/wp-content\/uploads\/2023\/10\/Save-the-children-sponsorship-1024x202.webp\" alt=\"\" class=\"wp-image-181464\" srcset=\"https:\/\/vendig.se\/wp-content\/uploads\/2023\/10\/Save-the-children-sponsorship-1024x202.webp 1024w, https:\/\/vendig.se\/wp-content\/uploads\/2023\/10\/Save-the-children-sponsorship-300x59.webp 300w, https:\/\/vendig.se\/wp-content\/uploads\/2023\/10\/Save-the-children-sponsorship-768x152.webp 768w, https:\/\/vendig.se\/wp-content\/uploads\/2023\/10\/Save-the-children-sponsorship-1536x303.webp 1536w, https:\/\/vendig.se\/wp-content\/uploads\/2023\/10\/Save-the-children-sponsorship-530x105.webp 530w, https:\/\/vendig.se\/wp-content\/uploads\/2023\/10\/Save-the-children-sponsorship-720x142.webp 720w, https:\/\/vendig.se\/wp-content\/uploads\/2023\/10\/Save-the-children-sponsorship-64x13.webp 64w, https:\/\/vendig.se\/wp-content\/uploads\/2023\/10\/Save-the-children-sponsorship.webp 1792w\" sizes=\"auto, (max-width: 1024px) 100vw, 1024px\" \/><\/figure>\n\n<p> <\/p>\n\n<div style=\"color: #ddd;\" class=\"wp-block-genesis-blocks-gb-spacer gb-block-spacer gb-divider-solid gb-divider-size-1\" data-mce-style=\"color: #ddd;\"><hr style=\"height: 30px;\" data-mce-style=\"height: 30px;\"><\/div>\n\n<section class=\"wp-block-uagb-columns uagb-columns__wrap uagb-columns__background-none uagb-columns__stack-none uagb-columns__valign- uagb-columns__gap-0 align uagb-block-dad98511 uagb-columns__columns-4 uagb-columns__max_width-custom fullwidth\"><div class=\"uagb-columns__overlay\"><\/div><div class=\"uagb-columns__inner-wrap uagb-columns__columns-4\">\n<div class=\"wp-block-uagb-column uagb-column__wrap uagb-column__background-undefined uagb-block-19e10533\"><div class=\"uagb-column__overlay\"><\/div>\n<figure class=\"wp-block-image size-full\"><img loading=\"lazy\" decoding=\"async\" width=\"750\" height=\"750\" src=\"https:\/\/vendig.se\/wp-content\/uploads\/2023\/03\/Hallbarhet-3-1.jpg\" alt=\"\" class=\"wp-image-47545\" srcset=\"https:\/\/vendig.se\/wp-content\/uploads\/2023\/03\/Hallbarhet-3-1.jpg 750w, https:\/\/vendig.se\/wp-content\/uploads\/2023\/03\/Hallbarhet-3-1-300x300.jpg 300w, https:\/\/vendig.se\/wp-content\/uploads\/2023\/03\/Hallbarhet-3-1-150x150.jpg 150w, https:\/\/vendig.se\/wp-content\/uploads\/2023\/03\/Hallbarhet-3-1-600x600.jpg 600w, https:\/\/vendig.se\/wp-content\/uploads\/2023\/03\/Hallbarhet-3-1-530x530.jpg 530w, https:\/\/vendig.se\/wp-content\/uploads\/2023\/03\/Hallbarhet-3-1-720x720.jpg 720w, https:\/\/vendig.se\/wp-content\/uploads\/2023\/03\/Hallbarhet-3-1-100x100.jpg 100w, https:\/\/vendig.se\/wp-content\/uploads\/2023\/03\/Hallbarhet-3-1-64x64.jpg 64w\" sizes=\"auto, (max-width: 750px) 100vw, 750px\" \/><\/figure>\n<\/div>\n\n\n\n<div class=\"wp-block-uagb-column uagb-column__wrap uagb-column__background-undefined uagb-block-8336d9f6\"><div class=\"uagb-column__overlay\"><\/div>\n<figure class=\"wp-block-image size-full\"><img loading=\"lazy\" decoding=\"async\" width=\"750\" height=\"750\" src=\"https:\/\/vendig.se\/wp-content\/uploads\/2023\/03\/Hallbarhet-14-1.jpg\" alt=\"\" class=\"wp-image-47567\" srcset=\"https:\/\/vendig.se\/wp-content\/uploads\/2023\/03\/Hallbarhet-14-1.jpg 750w, https:\/\/vendig.se\/wp-content\/uploads\/2023\/03\/Hallbarhet-14-1-300x300.jpg 300w, https:\/\/vendig.se\/wp-content\/uploads\/2023\/03\/Hallbarhet-14-1-150x150.jpg 150w, https:\/\/vendig.se\/wp-content\/uploads\/2023\/03\/Hallbarhet-14-1-600x600.jpg 600w, https:\/\/vendig.se\/wp-content\/uploads\/2023\/03\/Hallbarhet-14-1-530x530.jpg 530w, https:\/\/vendig.se\/wp-content\/uploads\/2023\/03\/Hallbarhet-14-1-720x720.jpg 720w, https:\/\/vendig.se\/wp-content\/uploads\/2023\/03\/Hallbarhet-14-1-100x100.jpg 100w, https:\/\/vendig.se\/wp-content\/uploads\/2023\/03\/Hallbarhet-14-1-64x64.jpg 64w\" sizes=\"auto, (max-width: 750px) 100vw, 750px\" \/><\/figure>\n<\/div>\n\n\n\n<div class=\"wp-block-uagb-column uagb-column__wrap uagb-column__background-undefined uagb-block-3dbd490c uag-hide-mob uag-hide-mob\"><div class=\"uagb-column__overlay\"><\/div>\n<figure class=\"wp-block-image size-full\"><img loading=\"lazy\" decoding=\"async\" width=\"750\" height=\"750\" src=\"https:\/\/vendig.se\/wp-content\/uploads\/2023\/09\/eagle-owl-kvad.webp\" alt=\"\" class=\"wp-image-125521\" srcset=\"https:\/\/vendig.se\/wp-content\/uploads\/2023\/09\/eagle-owl-kvad.webp 750w, https:\/\/vendig.se\/wp-content\/uploads\/2023\/09\/eagle-owl-kvad-300x300.webp 300w, https:\/\/vendig.se\/wp-content\/uploads\/2023\/09\/eagle-owl-kvad-150x150.webp 150w, https:\/\/vendig.se\/wp-content\/uploads\/2023\/09\/eagle-owl-kvad-600x600.webp 600w, https:\/\/vendig.se\/wp-content\/uploads\/2023\/09\/eagle-owl-kvad-530x530.webp 530w, https:\/\/vendig.se\/wp-content\/uploads\/2023\/09\/eagle-owl-kvad-720x720.webp 720w, https:\/\/vendig.se\/wp-content\/uploads\/2023\/09\/eagle-owl-kvad-100x100.webp 100w, https:\/\/vendig.se\/wp-content\/uploads\/2023\/09\/eagle-owl-kvad-64x64.webp 64w\" sizes=\"auto, (max-width: 750px) 100vw, 750px\" \/><\/figure>\n<\/div>\n\n\n\n<div class=\"wp-block-uagb-column uagb-column__wrap uagb-column__background-undefined uagb-block-a5945216 uag-hide-tab uag-hide-mob uag-hide-tab uag-hide-mob\"><div class=\"uagb-column__overlay\"><\/div>\n<figure class=\"wp-block-image size-full\"><img loading=\"lazy\" decoding=\"async\" width=\"1024\" height=\"683\" src=\"https:\/\/vendig.se\/wp-content\/uploads\/2023\/03\/Hallbarhet-6-1.jpg\" alt=\"\" class=\"wp-image-47578\" srcset=\"https:\/\/vendig.se\/wp-content\/uploads\/2023\/03\/Hallbarhet-6-1.jpg 1024w, https:\/\/vendig.se\/wp-content\/uploads\/2023\/03\/Hallbarhet-6-1-300x200.jpg 300w, https:\/\/vendig.se\/wp-content\/uploads\/2023\/03\/Hallbarhet-6-1-768x512.jpg 768w, https:\/\/vendig.se\/wp-content\/uploads\/2023\/03\/Hallbarhet-6-1-600x400.jpg 600w, https:\/\/vendig.se\/wp-content\/uploads\/2023\/03\/Hallbarhet-6-1-530x354.jpg 530w, https:\/\/vendig.se\/wp-content\/uploads\/2023\/03\/Hallbarhet-6-1-720x480.jpg 720w, https:\/\/vendig.se\/wp-content\/uploads\/2023\/03\/Hallbarhet-6-1-64x43.jpg 64w\" sizes=\"auto, (max-width: 1024px) 100vw, 1024px\" \/><\/figure>\n<\/div>\n<\/div><\/section>\n","protected":false},"excerpt":{"rendered":"<p>Vendig ist Teil der Lagercrantz-Gruppe, einem Technologiekonzern, dessen Gesch\u00e4ft auf engen und langfristigen Beziehungen mit dem Ziel basiert, ein zuverl\u00e4ssiger Partner zu sein.<br \/>\nLagercrantz sieht Nachhaltigkeit und Langfristigkeit als entscheidende Voraussetzungen f\u00fcr das Unternehmen und strebt danach, dass alle Tochtergesellschaften verantwortungsvolle Unternehmen sind, die einen Mehrwert f\u00fcr die Gesellschaft schaffen.<\/p>\n","protected":false},"author":2,"featured_media":0,"parent":0,"menu_order":0,"comment_status":"closed","ping_status":"closed","template":"","meta":{"_acf_changed":false,"_uag_custom_page_level_css":"","_themeisle_gutenberg_block_has_review":false,"footnotes":""},"class_list":["post-184098","page","type-page","status-publish","hentry"],"acf":[],"yoast_head":"<!-- This site is optimized with the Yoast SEO plugin v27.0 - https:\/\/yoast.com\/product\/yoast-seo-wordpress\/ -->\n<title>Nachhaltigkeit - Vendig.se<\/title>\n<meta name=\"robots\" content=\"index, follow, max-snippet:-1, max-image-preview:large, max-video-preview:-1\" \/>\n<link rel=\"canonical\" href=\"https:\/\/vendig.se\/nachhaltigkeit\/?lang=de\" \/>\n<meta property=\"og:locale\" content=\"de_DE\" \/>\n<meta property=\"og:type\" content=\"article\" \/>\n<meta property=\"og:title\" content=\"Nachhaltigkeit - Vendig.se\" \/>\n<meta property=\"og:description\" content=\"Vendig ist Teil der Lagercrantz-Gruppe, einem Technologiekonzern, dessen Gesch\u00e4ft auf engen und langfristigen Beziehungen mit dem Ziel basiert, ein zuverl\u00e4ssiger Partner zu sein.  Lagercrantz sieht Nachhaltigkeit und Langfristigkeit als entscheidende Voraussetzungen f\u00fcr das Unternehmen und strebt danach, dass alle Tochtergesellschaften verantwortungsvolle Unternehmen sind, die einen Mehrwert f\u00fcr die Gesellschaft schaffen.\" \/>\n<meta property=\"og:url\" content=\"https:\/\/vendig.se\/nachhaltigkeit\/?lang=de\" \/>\n<meta property=\"og:site_name\" content=\"Vendig.se\" \/>\n<meta property=\"article:modified_time\" content=\"2023-10-25T06:17:52+00:00\" \/>\n<meta property=\"og:image\" content=\"https:\/\/vendig.se\/wp-content\/uploads\/2023\/10\/Sustainability-new2.webp\" \/>\n<meta name=\"twitter:card\" content=\"summary_large_image\" \/>\n<!-- \/ Yoast SEO plugin. -->","yoast_head_json":{"title":"Nachhaltigkeit - Vendig.se","robots":{"index":"index","follow":"follow","max-snippet":"max-snippet:-1","max-image-preview":"max-image-preview:large","max-video-preview":"max-video-preview:-1"},"canonical":"https:\/\/vendig.se\/nachhaltigkeit\/?lang=de","og_locale":"de_DE","og_type":"article","og_title":"Nachhaltigkeit - Vendig.se","og_description":"Vendig ist Teil der Lagercrantz-Gruppe, einem Technologiekonzern, dessen Gesch\u00e4ft auf engen und langfristigen Beziehungen mit dem Ziel basiert, ein zuverl\u00e4ssiger Partner zu sein.  Lagercrantz sieht Nachhaltigkeit und Langfristigkeit als entscheidende Voraussetzungen f\u00fcr das Unternehmen und strebt danach, dass alle Tochtergesellschaften verantwortungsvolle Unternehmen sind, die einen Mehrwert f\u00fcr die Gesellschaft schaffen.","og_url":"https:\/\/vendig.se\/nachhaltigkeit\/?lang=de","og_site_name":"Vendig.se","article_modified_time":"2023-10-25T06:17:52+00:00","og_image":[{"url":"https:\/\/vendig.se\/wp-content\/uploads\/2023\/10\/Sustainability-new2.webp","type":"","width":"","height":""}],"twitter_card":"summary_large_image","schema":{"@context":"https:\/\/schema.org","@graph":[{"@type":"WebPage","@id":"https:\/\/vendig.se\/nachhaltigkeit\/?lang=de","url":"https:\/\/vendig.se\/nachhaltigkeit\/?lang=de","name":"Nachhaltigkeit - Vendig.se","isPartOf":{"@id":"https:\/\/vendig.se\/#website"},"primaryImageOfPage":{"@id":"https:\/\/vendig.se\/nachhaltigkeit\/?lang=de#primaryimage"},"image":{"@id":"https:\/\/vendig.se\/nachhaltigkeit\/?lang=de#primaryimage"},"thumbnailUrl":"https:\/\/vendig.se\/wp-content\/uploads\/2023\/10\/Sustainability-new2.webp","datePublished":"2023-10-25T06:17:44+00:00","dateModified":"2023-10-25T06:17:52+00:00","breadcrumb":{"@id":"https:\/\/vendig.se\/nachhaltigkeit\/?lang=de#breadcrumb"},"inLanguage":"de","potentialAction":[{"@type":"ReadAction","target":["https:\/\/vendig.se\/nachhaltigkeit\/?lang=de"]}]},{"@type":"ImageObject","inLanguage":"de","@id":"https:\/\/vendig.se\/nachhaltigkeit\/?lang=de#primaryimage","url":"https:\/\/vendig.se\/wp-content\/uploads\/2023\/10\/Sustainability-new2.webp","contentUrl":"https:\/\/vendig.se\/wp-content\/uploads\/2023\/10\/Sustainability-new2.webp"},{"@type":"BreadcrumbList","@id":"https:\/\/vendig.se\/nachhaltigkeit\/?lang=de#breadcrumb","itemListElement":[{"@type":"ListItem","position":1,"name":"Home","item":"https:\/\/vendig.se\/de\/"},{"@type":"ListItem","position":2,"name":"Nachhaltigkeit"}]},{"@type":"WebSite","@id":"https:\/\/vendig.se\/#website","url":"https:\/\/vendig.se\/","name":"Vendig.se","description":"VENDIG LEVERERAR TRANSPORT\u00d6RKOMPONENTER!","publisher":{"@id":"https:\/\/vendig.se\/#organization"},"potentialAction":[{"@type":"SearchAction","target":{"@type":"EntryPoint","urlTemplate":"https:\/\/vendig.se\/?s={search_term_string}"},"query-input":{"@type":"PropertyValueSpecification","valueRequired":true,"valueName":"search_term_string"}}],"inLanguage":"de"},{"@type":"Organization","@id":"https:\/\/vendig.se\/#organization","name":"Vendig.se","url":"https:\/\/vendig.se\/","logo":{"@type":"ImageObject","inLanguage":"de","@id":"https:\/\/vendig.se\/#\/schema\/logo\/image\/","url":"https:\/\/vendig.se\/wp-content\/uploads\/2021\/09\/cropped-cropped-logo-4.png","contentUrl":"https:\/\/vendig.se\/wp-content\/uploads\/2021\/09\/cropped-cropped-logo-4.png","width":479,"height":69,"caption":"Vendig.se"},"image":{"@id":"https:\/\/vendig.se\/#\/schema\/logo\/image\/"}}]}},"uagb_featured_image_src":{"full":false,"thumbnail":false,"medium":false,"medium_large":false,"large":false,"1536x1536":false,"2048x2048":false,"gb-block-post-grid-landscape":false,"gb-block-post-grid-square":false,"woocommerce_thumbnail":false,"woocommerce_single":false,"woocommerce_gallery_thumbnail":false,"dgwt-wcas-product-suggestion":false},"uagb_author_info":{"display_name":"Jenny Schubert","author_link":"https:\/\/vendig.se\/de\/author\/jenny\/"},"uagb_comment_info":0,"uagb_excerpt":"Vendig ist Teil der Lagercrantz-Gruppe, einem Technologiekonzern, dessen Gesch\u00e4ft auf engen und langfristigen Beziehungen mit dem Ziel basiert, ein zuverl\u00e4ssiger Partner zu sein. Lagercrantz sieht Nachhaltigkeit und Langfristigkeit als entscheidende Voraussetzungen f\u00fcr das Unternehmen und strebt danach, dass alle Tochtergesellschaften verantwortungsvolle Unternehmen sind, die einen Mehrwert f\u00fcr die Gesellschaft schaffen.","featured_image_src":null,"featured_image_src_square":null,"_links":{"self":[{"href":"https:\/\/vendig.se\/de\/wp-json\/wp\/v2\/pages\/184098","targetHints":{"allow":["GET"]}}],"collection":[{"href":"https:\/\/vendig.se\/de\/wp-json\/wp\/v2\/pages"}],"about":[{"href":"https:\/\/vendig.se\/de\/wp-json\/wp\/v2\/types\/page"}],"author":[{"embeddable":true,"href":"https:\/\/vendig.se\/de\/wp-json\/wp\/v2\/users\/2"}],"replies":[{"embeddable":true,"href":"https:\/\/vendig.se\/de\/wp-json\/wp\/v2\/comments?post=184098"}],"version-history":[{"count":3,"href":"https:\/\/vendig.se\/de\/wp-json\/wp\/v2\/pages\/184098\/revisions"}],"predecessor-version":[{"id":184101,"href":"https:\/\/vendig.se\/de\/wp-json\/wp\/v2\/pages\/184098\/revisions\/184101"}],"wp:attachment":[{"href":"https:\/\/vendig.se\/de\/wp-json\/wp\/v2\/media?parent=184098"}],"curies":[{"name":"wp","href":"https:\/\/api.w.org\/{rel}","templated":true}]}}