{"id":5851,"date":"2021-12-03T13:16:10","date_gmt":"2021-12-03T13:16:10","guid":{"rendered":"https:\/\/vendig.se\/ueber-uns"},"modified":"2023-01-02T17:32:35","modified_gmt":"2023-01-02T15:32:35","slug":"ueber-uns","status":"publish","type":"page","link":"https:\/\/vendig.se\/de\/ueber-uns\/","title":{"rendered":"\u00dcber uns"},"content":{"rendered":"\n<h2 class=\"wp-block-heading\">OM OSS P\u00c5 VENDIG<\/h2>\n\n\n\n<div style=\"color:#ddd\" class=\"wp-block-genesis-blocks-gb-spacer gb-block-spacer gb-divider-solid gb-divider-size-1\"><hr style=\"height:12px\"\/><\/div>\n\n\n\n<div class=\"wp-block-genesis-blocks-gb-container gb-block-container\"><div class=\"gb-container-inside\"><div class=\"gb-container-content\">\n<div class=\"wp-block-columns is-layout-flex wp-container-core-columns-is-layout-9d6595d7 wp-block-columns-is-layout-flex\">\n<div class=\"wp-block-column is-layout-flow wp-block-column-is-layout-flow\">\n<figure class=\"wp-block-image size-full\"><img loading=\"lazy\" decoding=\"async\" width=\"750\" height=\"750\" src=\"https:\/\/vendig.se\/wp-content\/uploads\/2022\/11\/nyTransportor.jpg\" alt=\"\" class=\"wp-image-40100\" srcset=\"https:\/\/vendig.se\/wp-content\/uploads\/2022\/11\/nyTransportor.jpg 750w, https:\/\/vendig.se\/wp-content\/uploads\/2022\/11\/nyTransportor-300x300.jpg 300w, https:\/\/vendig.se\/wp-content\/uploads\/2022\/11\/nyTransportor-150x150.jpg 150w, https:\/\/vendig.se\/wp-content\/uploads\/2022\/11\/nyTransportor-600x600.jpg 600w, https:\/\/vendig.se\/wp-content\/uploads\/2022\/11\/nyTransportor-530x530.jpg 530w, https:\/\/vendig.se\/wp-content\/uploads\/2022\/11\/nyTransportor-720x720.jpg 720w, https:\/\/vendig.se\/wp-content\/uploads\/2022\/11\/nyTransportor-100x100.jpg 100w\" sizes=\"auto, (max-width: 750px) 100vw, 750px\" \/><\/figure>\n\n\n\n<p><\/p>\n\n\n\n<figure class=\"wp-block-image size-full\"><img decoding=\"async\" src=\"https:\/\/vendig.se\/wp-content\/uploads\/2022\/11\/8300_1-1.jpg\" alt=\"\" class=\"wp-image-46557\"\/><\/figure>\n<\/div>\n\n\n\n<div class=\"wp-block-column is-layout-flow wp-block-column-is-layout-flow\">\n<p><strong>Vendig<\/strong>&nbsp;ist als Ingenieursfirma im Jahr&nbsp;<strong>1979<\/strong>&nbsp;mit der Entwicklung von Bandreinigern und dem Verkauf von F\u00f6rderband-Zubeh\u00f6r gestartet.<\/p>\n\n\n\n<p>In den&nbsp;<strong>80er<\/strong>&nbsp;Jahren kam der Durchbruch mit den Vorabstreifern&nbsp;&nbsp;&nbsp; Pontus\u00ae und &nbsp;Rasmus\u00ae .<\/p>\n\n\n\n<p>In den fr\u00fchen \u201990zigern erwarb Vendig die Rechte f\u00fcr SICAB-Abstreifer, welche sp\u00e4ter zu der Entwicklung der Serie&nbsp;&nbsp;&nbsp; Hampus\u00ae&nbsp; gef\u00fchrt haben.<\/p>\n\n\n\n<p>Sp\u00e4ter in den \u201990zigern ergab sich die M\u00f6glichkeit, mit Metso Tampere als Lieferant f\u00fcr Nordberg-Lokomos mobile Gesteinsbrecher zusammen zu arbeiten. <\/p>\n\n\n\n<p>Seitdem wurden Zehntausende von Abstreifern und Pfl\u00fcgen von Skara nach Tampere, sowie zu Subunternehmern von Metso geliefert.<\/p>\n\n\n\n<p>Ebenfalls zu dieser Zeit lieferte Vendig die ersten Abstreifer zu LKAB Goldminen. Dies bezeichnete eine weitere Erfolgsgeschichte, LKAB hat nun ungef\u00e4hr 400 Vendig-Abstreifer in verschiedenen Minen im hohen Norden von Schweden in Betrieb.&nbsp; &nbsp;&nbsp;&nbsp;<\/p>\n\n\n\n<p>In den fr\u00fchen 2000er expandierte auch der Personalstamm, sowie der Verkauf auf den Export-M\u00e4rkten von Vendig. Heute hat Vendig Distributoren in 11 europ\u00e4ischen L\u00e4ndern und Direktverkauf in weitere L\u00e4nder weltweit. &nbsp;<\/p>\n\n\n\n<p>2006 wurde Vendig an die Firma JNL-Utveckling verkauft. Unter ihrer F\u00fchrung erfuhr Vendig eine starke Expansion und einen stetigen Zuwachs, welcher die Firma auf ein neues Niveau hob.<\/p>\n\n\n\n<p>&nbsp;&nbsp;&nbsp;&nbsp;<\/p>\n<\/div>\n<\/div>\n\n\n\n<p>2011 \u00fcbernahm die schwedische Lagercrantz Group den 100% Anteil an der Firma und ist somit der Eigner von Vendig AB.<\/p>\n\n\n\n<p>In den vergangenen Jahren wurden zum Einen einige neue Produkte von Vendigs eigenem Team entwickelt, sowie das Portfolio der Handelsprodukte erweitert und verfeinert. Vendigs neuerster Bandabstreifer Sirius 9900 ist ein Musterbeispiel f\u00fcr patentangemeldetes Ingenieurswesen mit Anspruch auf Einfachheit und Effektivit\u00e4t.<\/p>\n\n\n\n<p>Einige wichtige Abschl\u00fcsse mit Gro\u00dfkunden in Schweden verst\u00e4rkten Vendigs Position als f\u00fchrender Teilnehmer in der F\u00f6rderband-Zubeh\u00f6r Industrie.<\/p>\n\n\n\n<p>Auf dem Exportmarkt hat die Kooperation mit einem weltweit f\u00fchrenden Hersteller von Zubeh\u00f6rteilen Vendig neue M\u00e4rkte global erschlossen und zum Ende des Jahres 2016 verzeichnete Vendig einen Rekordverkauf.<\/p>\n\n\n\n<p><\/p>\n\n\n\n<p><a href=\"https:\/\/www.youtube.com\/watch?v=R7NeNvN6qIE\" target=\"_blank\" rel=\"noreferrer noopener\">Firmenpr\u00e4sentation<\/a>&nbsp;(YouTube, Film in Schwedisch)<\/p>\n<\/div><\/div><\/div>\n\n\n\n<div style=\"height:100px\" aria-hidden=\"true\" class=\"wp-block-spacer\"><\/div>\n\n\n\n<section class=\"wp-block-uagb-columns uagb-columns__wrap uagb-columns__background-none uagb-columns__stack-none uagb-columns__valign- uagb-columns__gap-0 align uagb-block-4bace7d9 uagb-columns__columns-4 uagb-columns__max_width-custom fullwidth\"><div class=\"uagb-columns__overlay\"><\/div><div class=\"uagb-columns__inner-wrap uagb-columns__columns-4\">\n<div class=\"wp-block-uagb-column uagb-column__wrap uagb-column__background-undefined uagb-block-cc65d71d\"><div class=\"uagb-column__overlay\"><\/div>\n<figure class=\"wp-block-image size-full\"><img loading=\"lazy\" decoding=\"async\" width=\"750\" height=\"750\" src=\"https:\/\/vendig.se\/wp-content\/uploads\/2022\/10\/fredrik-pa-lagret-Kvadr.jpg\" alt=\"\" class=\"wp-image-26518\" srcset=\"https:\/\/vendig.se\/wp-content\/uploads\/2022\/10\/fredrik-pa-lagret-Kvadr.jpg 750w, https:\/\/vendig.se\/wp-content\/uploads\/2022\/10\/fredrik-pa-lagret-Kvadr-530x530.jpg 530w, https:\/\/vendig.se\/wp-content\/uploads\/2022\/10\/fredrik-pa-lagret-Kvadr-100x100.jpg 100w, https:\/\/vendig.se\/wp-content\/uploads\/2022\/10\/fredrik-pa-lagret-Kvadr-720x720.jpg 720w, https:\/\/vendig.se\/wp-content\/uploads\/2022\/10\/fredrik-pa-lagret-Kvadr-300x300.jpg 300w, https:\/\/vendig.se\/wp-content\/uploads\/2022\/10\/fredrik-pa-lagret-Kvadr-150x150.jpg 150w, https:\/\/vendig.se\/wp-content\/uploads\/2022\/10\/fredrik-pa-lagret-Kvadr-600x600.jpg 600w\" sizes=\"auto, (max-width: 750px) 100vw, 750px\" \/><\/figure>\n<\/div>\n\n\n\n<div class=\"wp-block-uagb-column uagb-column__wrap uagb-column__background-undefined uagb-block-8343377e\"><div class=\"uagb-column__overlay\"><\/div>\n<figure class=\"wp-block-image size-full\"><img loading=\"lazy\" decoding=\"async\" width=\"750\" height=\"750\" src=\"https:\/\/vendig.se\/wp-content\/uploads\/2022\/10\/hallarepl-1.jpg\" alt=\"\" class=\"wp-image-26522\" srcset=\"https:\/\/vendig.se\/wp-content\/uploads\/2022\/10\/hallarepl-1.jpg 750w, https:\/\/vendig.se\/wp-content\/uploads\/2022\/10\/hallarepl-1-530x530.jpg 530w, https:\/\/vendig.se\/wp-content\/uploads\/2022\/10\/hallarepl-1-100x100.jpg 100w, https:\/\/vendig.se\/wp-content\/uploads\/2022\/10\/hallarepl-1-720x720.jpg 720w, https:\/\/vendig.se\/wp-content\/uploads\/2022\/10\/hallarepl-1-300x300.jpg 300w, https:\/\/vendig.se\/wp-content\/uploads\/2022\/10\/hallarepl-1-150x150.jpg 150w, https:\/\/vendig.se\/wp-content\/uploads\/2022\/10\/hallarepl-1-600x600.jpg 600w\" sizes=\"auto, (max-width: 750px) 100vw, 750px\" \/><\/figure>\n<\/div>\n\n\n\n<div class=\"wp-block-uagb-column uagb-column__wrap uagb-column__background-undefined uagb-block-0f119c1f uag-hide-mob uag-hide-mob\"><div class=\"uagb-column__overlay\"><\/div>\n<figure class=\"wp-block-image size-full\"><img decoding=\"async\" src=\"https:\/\/vendig.se\/wp-content\/uploads\/2022\/03\/Jehander-nyhetsbrev17-2-1.jpg\" alt=\"\" class=\"wp-image-18609\"\/><\/figure>\n<\/div>\n\n\n\n<div class=\"wp-block-uagb-column uagb-column__wrap uagb-column__background-undefined uagb-block-931bac70 uag-hide-tab uag-hide-mob uag-hide-tab uag-hide-mob\"><div class=\"uagb-column__overlay\"><\/div>\n<figure class=\"wp-block-image size-full\"><img loading=\"lazy\" decoding=\"async\" width=\"1124\" height=\"750\" src=\"https:\/\/vendig.se\/wp-content\/uploads\/2022\/03\/ojbil-ST.jpg\" alt=\"\" class=\"wp-image-18605\" srcset=\"https:\/\/vendig.se\/wp-content\/uploads\/2022\/03\/ojbil-ST.jpg 1124w, https:\/\/vendig.se\/wp-content\/uploads\/2022\/03\/ojbil-ST-530x354.jpg 530w, https:\/\/vendig.se\/wp-content\/uploads\/2022\/03\/ojbil-ST-720x480.jpg 720w, https:\/\/vendig.se\/wp-content\/uploads\/2022\/03\/ojbil-ST-300x200.jpg 300w, https:\/\/vendig.se\/wp-content\/uploads\/2022\/03\/ojbil-ST-1024x683.jpg 1024w, https:\/\/vendig.se\/wp-content\/uploads\/2022\/03\/ojbil-ST-768x512.jpg 768w, https:\/\/vendig.se\/wp-content\/uploads\/2022\/03\/ojbil-ST-600x400.jpg 600w\" sizes=\"auto, (max-width: 1124px) 100vw, 1124px\" \/><\/figure>\n<\/div>\n<\/div><\/section>\n\n\n\n<div style=\"height:53px\" aria-hidden=\"true\" class=\"wp-block-spacer\"><\/div>\n","protected":false},"excerpt":{"rendered":"<p>OM OSS P\u00c5 VENDIG<\/p>\n","protected":false},"author":1,"featured_media":0,"parent":0,"menu_order":0,"comment_status":"closed","ping_status":"closed","template":"","meta":{"_acf_changed":false,"_uag_custom_page_level_css":"","_themeisle_gutenberg_block_has_review":false,"footnotes":""},"class_list":["post-5851","page","type-page","status-publish","hentry"],"acf":[],"yoast_head":"<!-- This site is optimized with the Yoast SEO plugin v27.0 - https:\/\/yoast.com\/product\/yoast-seo-wordpress\/ -->\n<title>\u00dcber uns - Vendig.se<\/title>\n<meta name=\"robots\" content=\"index, follow, max-snippet:-1, max-image-preview:large, max-video-preview:-1\" \/>\n<link rel=\"canonical\" href=\"https:\/\/vendig.se\/ueber-uns\/?lang=de\" \/>\n<meta property=\"og:locale\" content=\"de_DE\" \/>\n<meta property=\"og:type\" content=\"article\" \/>\n<meta property=\"og:title\" content=\"\u00dcber uns - Vendig.se\" \/>\n<meta property=\"og:description\" content=\"OM OSS P\u00c5 VENDIG\" \/>\n<meta property=\"og:url\" content=\"https:\/\/vendig.se\/ueber-uns\/?lang=de\" \/>\n<meta property=\"og:site_name\" content=\"Vendig.se\" \/>\n<meta property=\"article:modified_time\" content=\"2023-01-02T15:32:35+00:00\" \/>\n<meta property=\"og:image\" content=\"https:\/\/vendig.se\/wp-content\/uploads\/2022\/11\/nyTransportor.jpg\" \/>\n<meta name=\"twitter:card\" content=\"summary_large_image\" \/>\n<meta name=\"twitter:label1\" content=\"Gesch\u00e4tzte Lesezeit\" \/>\n\t<meta name=\"twitter:data1\" content=\"3\u00a0Minuten\" \/>\n<!-- \/ Yoast SEO plugin. -->","yoast_head_json":{"title":"\u00dcber uns - Vendig.se","robots":{"index":"index","follow":"follow","max-snippet":"max-snippet:-1","max-image-preview":"max-image-preview:large","max-video-preview":"max-video-preview:-1"},"canonical":"https:\/\/vendig.se\/ueber-uns\/?lang=de","og_locale":"de_DE","og_type":"article","og_title":"\u00dcber uns - Vendig.se","og_description":"OM OSS P\u00c5 VENDIG","og_url":"https:\/\/vendig.se\/ueber-uns\/?lang=de","og_site_name":"Vendig.se","article_modified_time":"2023-01-02T15:32:35+00:00","og_image":[{"url":"https:\/\/vendig.se\/wp-content\/uploads\/2022\/11\/nyTransportor.jpg","type":"","width":"","height":""}],"twitter_card":"summary_large_image","twitter_misc":{"Gesch\u00e4tzte Lesezeit":"3\u00a0Minuten"},"schema":{"@context":"https:\/\/schema.org","@graph":[{"@type":"WebPage","@id":"https:\/\/vendig.se\/ueber-uns\/?lang=de","url":"https:\/\/vendig.se\/ueber-uns\/?lang=de","name":"\u00dcber uns - Vendig.se","isPartOf":{"@id":"https:\/\/vendig.se\/#website"},"primaryImageOfPage":{"@id":"https:\/\/vendig.se\/ueber-uns\/?lang=de#primaryimage"},"image":{"@id":"https:\/\/vendig.se\/ueber-uns\/?lang=de#primaryimage"},"thumbnailUrl":"https:\/\/vendig.se\/wp-content\/uploads\/2022\/11\/nyTransportor.jpg","datePublished":"2021-12-03T13:16:10+00:00","dateModified":"2023-01-02T15:32:35+00:00","breadcrumb":{"@id":"https:\/\/vendig.se\/ueber-uns\/?lang=de#breadcrumb"},"inLanguage":"de","potentialAction":[{"@type":"ReadAction","target":["https:\/\/vendig.se\/ueber-uns\/?lang=de"]}]},{"@type":"ImageObject","inLanguage":"de","@id":"https:\/\/vendig.se\/ueber-uns\/?lang=de#primaryimage","url":"https:\/\/vendig.se\/wp-content\/uploads\/2022\/11\/nyTransportor.jpg","contentUrl":"https:\/\/vendig.se\/wp-content\/uploads\/2022\/11\/nyTransportor.jpg"},{"@type":"BreadcrumbList","@id":"https:\/\/vendig.se\/ueber-uns\/?lang=de#breadcrumb","itemListElement":[{"@type":"ListItem","position":1,"name":"Home","item":"https:\/\/vendig.se\/de\/"},{"@type":"ListItem","position":2,"name":"\u00dcber uns"}]},{"@type":"WebSite","@id":"https:\/\/vendig.se\/#website","url":"https:\/\/vendig.se\/","name":"Vendig.se","description":"VENDIG LEVERERAR TRANSPORT\u00d6RKOMPONENTER!","publisher":{"@id":"https:\/\/vendig.se\/#organization"},"potentialAction":[{"@type":"SearchAction","target":{"@type":"EntryPoint","urlTemplate":"https:\/\/vendig.se\/?s={search_term_string}"},"query-input":{"@type":"PropertyValueSpecification","valueRequired":true,"valueName":"search_term_string"}}],"inLanguage":"de"},{"@type":"Organization","@id":"https:\/\/vendig.se\/#organization","name":"Vendig.se","url":"https:\/\/vendig.se\/","logo":{"@type":"ImageObject","inLanguage":"de","@id":"https:\/\/vendig.se\/#\/schema\/logo\/image\/","url":"https:\/\/vendig.se\/wp-content\/uploads\/2021\/09\/cropped-cropped-logo-4.png","contentUrl":"https:\/\/vendig.se\/wp-content\/uploads\/2021\/09\/cropped-cropped-logo-4.png","width":479,"height":69,"caption":"Vendig.se"},"image":{"@id":"https:\/\/vendig.se\/#\/schema\/logo\/image\/"}}]}},"uagb_featured_image_src":{"full":false,"thumbnail":false,"medium":false,"medium_large":false,"large":false,"1536x1536":false,"2048x2048":false,"gb-block-post-grid-landscape":false,"gb-block-post-grid-square":false,"woocommerce_thumbnail":false,"woocommerce_single":false,"woocommerce_gallery_thumbnail":false,"dgwt-wcas-product-suggestion":false},"uagb_author_info":{"display_name":"itstodvendig","author_link":"https:\/\/vendig.se\/de\/author\/itstodvendig\/"},"uagb_comment_info":0,"uagb_excerpt":"OM OSS P\u00c5 VENDIG","featured_image_src":null,"featured_image_src_square":null,"_links":{"self":[{"href":"https:\/\/vendig.se\/de\/wp-json\/wp\/v2\/pages\/5851","targetHints":{"allow":["GET"]}}],"collection":[{"href":"https:\/\/vendig.se\/de\/wp-json\/wp\/v2\/pages"}],"about":[{"href":"https:\/\/vendig.se\/de\/wp-json\/wp\/v2\/types\/page"}],"author":[{"embeddable":true,"href":"https:\/\/vendig.se\/de\/wp-json\/wp\/v2\/users\/1"}],"replies":[{"embeddable":true,"href":"https:\/\/vendig.se\/de\/wp-json\/wp\/v2\/comments?post=5851"}],"version-history":[{"count":9,"href":"https:\/\/vendig.se\/de\/wp-json\/wp\/v2\/pages\/5851\/revisions"}],"predecessor-version":[{"id":47036,"href":"https:\/\/vendig.se\/de\/wp-json\/wp\/v2\/pages\/5851\/revisions\/47036"}],"wp:attachment":[{"href":"https:\/\/vendig.se\/de\/wp-json\/wp\/v2\/media?parent=5851"}],"curies":[{"name":"wp","href":"https:\/\/api.w.org\/{rel}","templated":true}]}}