{"id":8845,"date":"2021-12-13T07:36:47","date_gmt":"2021-12-13T07:36:47","guid":{"rendered":"https:\/\/vendig.se\/impressum"},"modified":"2022-11-29T12:50:17","modified_gmt":"2022-11-29T10:50:17","slug":"impressum","status":"publish","type":"page","link":"https:\/\/vendig.se\/de\/impressum\/","title":{"rendered":"Impressum"},"content":{"rendered":"\n<h2 class=\"wp-block-heading\">IMPRESSUM<\/h2>\n\n<div style=\"height:24px\" aria-hidden=\"true\" class=\"wp-block-spacer\"><\/div>\n\n<p><strong>Angaben gem\u00e4\u00df \u00a7 5 TMG:<\/strong><br\/>Vendig AB<br\/>Smedstorpsgatan 10<br\/>SE \u2013 53221 Skara<\/p>\n\n<p><strong>Vertreten durch:<\/strong><br\/>Gesch\u00e4ftsf\u00fchrer: S\u00f6ren Bergsten<\/p>\n\n<p><strong>Kontakt:<\/strong><br\/>Telefon: +46 (0) 511 17360<br\/>E-Mail: info@vendig.se<\/p>\n\n<p><strong>Registereintrag:<\/strong><br\/>Gesellschaftsform schwedische Aktiebolag (AB)<br\/>Private AB (Aktiebolag), vergleichbar zur deutschen GmbH<\/p>\n\n<p><strong>Gesch\u00e4ftsf\u00fchrer \/ Director:<\/strong>\u00a0\u00a0 \u00a0 \u00a0 \u00a0 \u00a0 \u00a0 \u00a0 \u00a0 \u00a0 \u00a0 \u00a0 \u00a0 \u00a0 \u00a0 \u00a0 \u00a0 \u00a0\u00a0\u00a0 S\u00f6ren Bergsten<strong><br\/>Sitz der Gesellschaft \/ Place of Business:<\/strong>\u00a0\u00a0\u00a0\u00a0\u00a0\u00a0\u00a0\u00a0\u00a0\u00a0\u00a0\u00a0\u00a0\u00a0\u00a0 Skara, Schweden<strong><br\/>Handelsregister (Bolagsverket) \/ Trade Register:<\/strong>\u00a0\u00a0\u00a0\u00a0\u00a0\u00a0\u00a0\u00a0 556626-7976<strong><br\/>USt-IdNr. \/ VAT-Id.No.:<\/strong>\u00a0\u00a0 \u00a0 \u00a0 \u00a0 \u00a0 \u00a0 \u00a0 \u00a0 \u00a0 \u00a0 \u00a0 \u00a0 \u00a0 \u00a0 \u00a0 \u00a0 \u00a0 \u00a0 \u00a0 \u00a0 SE556626797601<strong><br\/>Steuernummer \/ TaxNumber:<\/strong>\u00a0\u00a0\u00a0\u00a0\u00a0\u00a0\u00a0\u00a0\u00a0\u00a0\u00a0\u00a0\u00a0\u00a0\u00a0\u00a0\u00a0\u00a0\u00a0\u00a0\u00a0\u00a0\u00a0\u00a0\u00a0\u00a0\u00a0\u00a0\u00a0\u00a0\u00a0\u00a0 \u00a0 \u00a0 556626-7976<\/p>\n\n<p><strong>Verantwortlich i. S. d. MDStV: \/ Responsible acc. to German MDStV:<\/strong><br\/>Vendig AB<br\/>Jenny Schubert\u00a0<\/p>\n\n<p><strong>Haftung f\u00fcr Inhalte<\/strong><br\/>Als Diensteanbieter sind wir gem\u00e4\u00df \u00a7 7 Abs.1 TMG f\u00fcr eigene Inhalte auf diesen Seiten nach den allgemeinen Gesetzen verantwortlich. Nach \u00a7\u00a7 8 bis 10 TMG sind wir als Diensteanbieter jedoch nicht verpflichtet, \u00fcbermittelte oder gespeicherte fremde Informationen zu \u00fcberwachen oder nach Umst\u00e4nden zu forschen, die auf eine rechtswidrige T\u00e4tigkeit hinweisen.<br\/>Verpflichtungen zur Entfernung oder Sperrung der Nutzung von Informationen nach den allgemeinen Gesetzen bleiben hiervon unber\u00fchrt. Eine diesbez\u00fcgliche Haftung ist jedoch erst ab dem Zeitpunkt der Kenntnis einer konkreten Rechtsverletzung m\u00f6glich. Bei Bekanntwerden von entsprechenden Rechtsverletzungen werden wir diese Inhalte umgehend entfernen.<\/p>\n\n<p><strong>Haftung f\u00fcr Links<\/strong><br\/>Unser Angebot enth\u00e4lt Links zu externen Webseiten Dritter, auf deren Inhalte wir keinen Einfluss haben. Deshalb k\u00f6nnen wir f\u00fcr diese fremden Inhalte auch keine Gew\u00e4hr \u00fcbernehmen. F\u00fcr die Inhalte der verlinkten Seiten ist stets der jeweilige Anbieter oder Betreiber der Seiten verantwortlich. Die verlinkten Seiten wurden zum Zeitpunkt der Verlinkung auf m\u00f6gliche Rechtsverst\u00f6\u00dfe \u00fcberpr\u00fcft. Rechtswidrige Inhalte waren zum Zeitpunkt der Verlinkung nicht erkennbar.<\/p>\n\n<p>Eine permanente inhaltliche Kontrolle der verlinkten Seiten ist jedoch ohne konkrete Anhaltspunkte einer Rechtsverletzung nicht zumutbar. Bei Bekanntwerden von Rechtsverletzungen werden wir derartige Links umgehend entfernen.<\/p>\n\n<p><strong>Urheberrecht<\/strong><br\/>Die durch die Seitenbetreiber erstellten Inhalte und Werke auf diesen Seiten unterliegen dem europ\u00e4ischen Urheberrecht. Die Vervielf\u00e4ltigung, Bearbeitung, Verbreitung und jede Art der Verwertung au\u00dferhalb der Grenzen des Urheberrechtes bed\u00fcrfen der schriftlichen Zustimmung des jeweiligen Autors bzw. Erstellers. Downloads und Kopien dieser Seite sind nur f\u00fcr den privaten, nicht kommerziellen Gebrauch gestattet.<\/p>\n\n<p>Soweit die Inhalte auf dieser Seite nicht vom Betreiber erstellt wurden, werden die Urheberrechte Dritter beachtet. Insbesondere werden Inhalte Dritter als solche gekennzeichnet. Sollten Sie trotzdem auf eine Urheberrechtsverletzung aufmerksam werden, bitten wir um einen entsprechenden Hinweis. Bei Bekanntwerden von Rechtsverletzungen werden wir derartige Inhalte umgehend entfernen.<\/p>\n","protected":false},"excerpt":{"rendered":"<p>IMPRESSUM Angaben gem\u00e4\u00df \u00a7 5 TMG:Vendig ABSmedstorpsgatan 10SE \u2013 53221 Skara Vertreten durch:Gesch\u00e4ftsf\u00fchrer: S\u00f6ren Bergsten Kontakt:Telefon: +46 (0) 511 17360E-Mail:&#8230;<\/p>\n","protected":false},"author":1,"featured_media":0,"parent":0,"menu_order":0,"comment_status":"closed","ping_status":"closed","template":"","meta":{"_acf_changed":false,"_uag_custom_page_level_css":"","_themeisle_gutenberg_block_has_review":false,"footnotes":""},"class_list":["post-8845","page","type-page","status-publish","hentry"],"acf":[],"yoast_head":"<!-- This site is optimized with the Yoast SEO plugin v27.0 - https:\/\/yoast.com\/product\/yoast-seo-wordpress\/ -->\n<title>Impressum - Vendig.se<\/title>\n<meta name=\"robots\" content=\"index, follow, max-snippet:-1, max-image-preview:large, max-video-preview:-1\" \/>\n<link rel=\"canonical\" href=\"https:\/\/vendig.se\/impressum\/?lang=de\" \/>\n<meta property=\"og:locale\" content=\"de_DE\" \/>\n<meta property=\"og:type\" content=\"article\" \/>\n<meta property=\"og:title\" content=\"Impressum - Vendig.se\" \/>\n<meta property=\"og:description\" content=\"IMPRESSUM Angaben gem\u00e4\u00df \u00a7 5 TMG:Vendig ABSmedstorpsgatan 10SE \u2013 53221 Skara Vertreten durch:Gesch\u00e4ftsf\u00fchrer: S\u00f6ren Bergsten Kontakt:Telefon: +46 (0) 511 17360E-Mail:...\" \/>\n<meta property=\"og:url\" content=\"https:\/\/vendig.se\/impressum\/?lang=de\" \/>\n<meta property=\"og:site_name\" content=\"Vendig.se\" \/>\n<meta property=\"article:modified_time\" content=\"2022-11-29T10:50:17+00:00\" \/>\n<meta name=\"twitter:card\" content=\"summary_large_image\" \/>\n<meta name=\"twitter:label1\" content=\"Gesch\u00e4tzte Lesezeit\" \/>\n\t<meta name=\"twitter:data1\" content=\"2\u00a0Minuten\" \/>\n<!-- \/ Yoast SEO plugin. -->","yoast_head_json":{"title":"Impressum - Vendig.se","robots":{"index":"index","follow":"follow","max-snippet":"max-snippet:-1","max-image-preview":"max-image-preview:large","max-video-preview":"max-video-preview:-1"},"canonical":"https:\/\/vendig.se\/impressum\/?lang=de","og_locale":"de_DE","og_type":"article","og_title":"Impressum - Vendig.se","og_description":"IMPRESSUM Angaben gem\u00e4\u00df \u00a7 5 TMG:Vendig ABSmedstorpsgatan 10SE \u2013 53221 Skara Vertreten durch:Gesch\u00e4ftsf\u00fchrer: S\u00f6ren Bergsten Kontakt:Telefon: +46 (0) 511 17360E-Mail:...","og_url":"https:\/\/vendig.se\/impressum\/?lang=de","og_site_name":"Vendig.se","article_modified_time":"2022-11-29T10:50:17+00:00","twitter_card":"summary_large_image","twitter_misc":{"Gesch\u00e4tzte Lesezeit":"2\u00a0Minuten"},"schema":{"@context":"https:\/\/schema.org","@graph":[{"@type":"WebPage","@id":"https:\/\/vendig.se\/impressum\/?lang=de","url":"https:\/\/vendig.se\/impressum\/?lang=de","name":"Impressum - Vendig.se","isPartOf":{"@id":"https:\/\/vendig.se\/#website"},"datePublished":"2021-12-13T07:36:47+00:00","dateModified":"2022-11-29T10:50:17+00:00","breadcrumb":{"@id":"https:\/\/vendig.se\/impressum\/?lang=de#breadcrumb"},"inLanguage":"de","potentialAction":[{"@type":"ReadAction","target":["https:\/\/vendig.se\/impressum\/?lang=de"]}]},{"@type":"BreadcrumbList","@id":"https:\/\/vendig.se\/impressum\/?lang=de#breadcrumb","itemListElement":[{"@type":"ListItem","position":1,"name":"Home","item":"https:\/\/vendig.se\/de\/"},{"@type":"ListItem","position":2,"name":"Impressum"}]},{"@type":"WebSite","@id":"https:\/\/vendig.se\/#website","url":"https:\/\/vendig.se\/","name":"Vendig.se","description":"VENDIG LEVERERAR TRANSPORT\u00d6RKOMPONENTER!","publisher":{"@id":"https:\/\/vendig.se\/#organization"},"potentialAction":[{"@type":"SearchAction","target":{"@type":"EntryPoint","urlTemplate":"https:\/\/vendig.se\/?s={search_term_string}"},"query-input":{"@type":"PropertyValueSpecification","valueRequired":true,"valueName":"search_term_string"}}],"inLanguage":"de"},{"@type":"Organization","@id":"https:\/\/vendig.se\/#organization","name":"Vendig.se","url":"https:\/\/vendig.se\/","logo":{"@type":"ImageObject","inLanguage":"de","@id":"https:\/\/vendig.se\/#\/schema\/logo\/image\/","url":"https:\/\/vendig.se\/wp-content\/uploads\/2021\/09\/cropped-cropped-logo-4.png","contentUrl":"https:\/\/vendig.se\/wp-content\/uploads\/2021\/09\/cropped-cropped-logo-4.png","width":479,"height":69,"caption":"Vendig.se"},"image":{"@id":"https:\/\/vendig.se\/#\/schema\/logo\/image\/"}}]}},"uagb_featured_image_src":{"full":false,"thumbnail":false,"medium":false,"medium_large":false,"large":false,"1536x1536":false,"2048x2048":false,"gb-block-post-grid-landscape":false,"gb-block-post-grid-square":false,"woocommerce_thumbnail":false,"woocommerce_single":false,"woocommerce_gallery_thumbnail":false,"dgwt-wcas-product-suggestion":false},"uagb_author_info":{"display_name":"itstodvendig","author_link":"https:\/\/vendig.se\/de\/author\/itstodvendig\/"},"uagb_comment_info":0,"uagb_excerpt":"IMPRESSUM Angaben gem\u00e4\u00df \u00a7 5 TMG:Vendig ABSmedstorpsgatan 10SE \u2013 53221 Skara Vertreten durch:Gesch\u00e4ftsf\u00fchrer: S\u00f6ren Bergsten Kontakt:Telefon: +46 (0) 511 17360E-Mail:...","featured_image_src":null,"featured_image_src_square":null,"_links":{"self":[{"href":"https:\/\/vendig.se\/de\/wp-json\/wp\/v2\/pages\/8845","targetHints":{"allow":["GET"]}}],"collection":[{"href":"https:\/\/vendig.se\/de\/wp-json\/wp\/v2\/pages"}],"about":[{"href":"https:\/\/vendig.se\/de\/wp-json\/wp\/v2\/types\/page"}],"author":[{"embeddable":true,"href":"https:\/\/vendig.se\/de\/wp-json\/wp\/v2\/users\/1"}],"replies":[{"embeddable":true,"href":"https:\/\/vendig.se\/de\/wp-json\/wp\/v2\/comments?post=8845"}],"version-history":[{"count":2,"href":"https:\/\/vendig.se\/de\/wp-json\/wp\/v2\/pages\/8845\/revisions"}],"predecessor-version":[{"id":46788,"href":"https:\/\/vendig.se\/de\/wp-json\/wp\/v2\/pages\/8845\/revisions\/46788"}],"wp:attachment":[{"href":"https:\/\/vendig.se\/de\/wp-json\/wp\/v2\/media?parent=8845"}],"curies":[{"name":"wp","href":"https:\/\/api.w.org\/{rel}","templated":true}]}}