{"id":190189,"date":"2022-04-12T13:36:15","date_gmt":"2022-04-12T11:36:15","guid":{"rendered":"https:\/\/vendig.se\/halterung-se\/"},"modified":"2026-03-11T07:09:00","modified_gmt":"2026-03-11T05:09:00","slug":"halterung-se","status":"publish","type":"product","link":"https:\/\/vendig.se\/de\/produkt\/halterung-se\/","title":{"rendered":"HALTERUNG SE"},"content":{"rendered":"<h1>Halterung Rosta se<\/h1>\n<h2>\u2013 Einfach montierbare Halterung und Spannelemente.<\/h2>\n<p>  Die Halterung SE mit einstellbaren Spannelementen und Befestigungsst\u00fccken erleichtert die Montage des Bandabstreifers. Das Einbauma\u00df kann am Befestigungsst\u00fcck stufenlos eingestellt werden. Die beiden Spannelemente \u2013 egal auf welcher Seite \u2013 mit einer Rohrzange auf den gew\u00fcnschten Druck vorspannen, die Schrauben mit einem Drehmomentschl\u00fcssel anziehen.    Alle Stahlteile sind elektrogalvanisiert, au\u00dfer dem Torsionselement, das standardm\u00e4\u00dfig lackiert ist. Als Alternative gibt es eine Ausf\u00fchrung in rostfreiem Edelstahl.<\/p>\n","protected":false},"excerpt":{"rendered":"<p>Halterung Rosta se \u2013 Einfach montierbare Halterung und Spannelemente. Die Halterung SE mit einstellbaren Spannelementen und Befestigungsst\u00fccken erleichtert die Montage&#8230;<\/p>\n","protected":false},"featured_media":188985,"template":"","meta":{"_acf_changed":false,"_uag_custom_page_level_css":"","_themeisle_gutenberg_block_has_review":false},"product_brand":[],"product_cat":[784,275],"product_tag":[],"class_list":{"0":"post-190189","1":"product","2":"type-product","3":"status-publish","4":"has-post-thumbnail","6":"product_cat-zubehor-afskrapen","7":"product_cat-bandafskrapen","9":"first","10":"instock","11":"taxable","12":"shipping-taxable","13":"product-type-grouped"},"acf":{"itstod_erp_ignore_discount":false},"yoast_head":"<!-- This site is optimized with the Yoast SEO plugin v27.0 - https:\/\/yoast.com\/product\/yoast-seo-wordpress\/ -->\n<title>HALTERUNG SE - Vendig.se<\/title>\n<meta name=\"robots\" content=\"index, follow, max-snippet:-1, max-image-preview:large, max-video-preview:-1\" \/>\n<link rel=\"canonical\" href=\"https:\/\/vendig.se\/produkt\/halterung-se\/?lang=de\" \/>\n<meta property=\"og:locale\" content=\"de_DE\" \/>\n<meta property=\"og:type\" content=\"article\" \/>\n<meta property=\"og:title\" content=\"HALTERUNG SE - Vendig.se\" \/>\n<meta property=\"og:description\" content=\"Halterung Rosta se \u2013 Einfach montierbare Halterung und Spannelemente. Die Halterung SE mit einstellbaren Spannelementen und Befestigungsst\u00fccken erleichtert die Montage...\" \/>\n<meta property=\"og:url\" content=\"https:\/\/vendig.se\/produkt\/halterung-se\/?lang=de\" \/>\n<meta property=\"og:site_name\" content=\"Vendig.se\" \/>\n<meta property=\"article:modified_time\" content=\"2026-03-11T05:09:00+00:00\" \/>\n<meta property=\"og:image\" content=\"https:\/\/vendig.se\/wp-content\/uploads\/2024\/02\/122.webp\" \/>\n\t<meta property=\"og:image:width\" content=\"750\" \/>\n\t<meta property=\"og:image:height\" content=\"462\" \/>\n\t<meta property=\"og:image:type\" content=\"image\/webp\" \/>\n<meta name=\"twitter:card\" content=\"summary_large_image\" \/>\n<!-- \/ Yoast SEO plugin. -->","yoast_head_json":{"title":"HALTERUNG SE - Vendig.se","robots":{"index":"index","follow":"follow","max-snippet":"max-snippet:-1","max-image-preview":"max-image-preview:large","max-video-preview":"max-video-preview:-1"},"canonical":"https:\/\/vendig.se\/produkt\/halterung-se\/?lang=de","og_locale":"de_DE","og_type":"article","og_title":"HALTERUNG SE - Vendig.se","og_description":"Halterung Rosta se \u2013 Einfach montierbare Halterung und Spannelemente. Die Halterung SE mit einstellbaren Spannelementen und Befestigungsst\u00fccken erleichtert die Montage...","og_url":"https:\/\/vendig.se\/produkt\/halterung-se\/?lang=de","og_site_name":"Vendig.se","article_modified_time":"2026-03-11T05:09:00+00:00","og_image":[{"width":750,"height":462,"url":"https:\/\/vendig.se\/wp-content\/uploads\/2024\/02\/122.webp","type":"image\/webp"}],"twitter_card":"summary_large_image","schema":{"@context":"https:\/\/schema.org","@graph":[{"@type":"WebPage","@id":"https:\/\/vendig.se\/produkt\/halterung-se\/?lang=de","url":"https:\/\/vendig.se\/produkt\/halterung-se\/?lang=de","name":"HALTERUNG SE - Vendig.se","isPartOf":{"@id":"https:\/\/vendig.se\/#website"},"primaryImageOfPage":{"@id":"https:\/\/vendig.se\/produkt\/halterung-se\/?lang=de#primaryimage"},"image":{"@id":"https:\/\/vendig.se\/produkt\/halterung-se\/?lang=de#primaryimage"},"thumbnailUrl":"https:\/\/vendig.se\/wp-content\/uploads\/2024\/02\/122.webp","datePublished":"2022-04-12T11:36:15+00:00","dateModified":"2026-03-11T05:09:00+00:00","breadcrumb":{"@id":"https:\/\/vendig.se\/produkt\/halterung-se\/?lang=de#breadcrumb"},"inLanguage":"de","potentialAction":[{"@type":"ReadAction","target":["https:\/\/vendig.se\/produkt\/halterung-se\/?lang=de"]}]},{"@type":"ImageObject","inLanguage":"de","@id":"https:\/\/vendig.se\/produkt\/halterung-se\/?lang=de#primaryimage","url":"https:\/\/vendig.se\/wp-content\/uploads\/2024\/02\/122.webp","contentUrl":"https:\/\/vendig.se\/wp-content\/uploads\/2024\/02\/122.webp","width":750,"height":462},{"@type":"BreadcrumbList","@id":"https:\/\/vendig.se\/produkt\/halterung-se\/?lang=de#breadcrumb","itemListElement":[{"@type":"ListItem","position":1,"name":"Home","item":"https:\/\/vendig.se\/de\/"},{"@type":"ListItem","position":2,"name":"Produkte","item":"https:\/\/vendig.se\/laden\/?lang=de"},{"@type":"ListItem","position":3,"name":"HALTERUNG SE"}]},{"@type":"WebSite","@id":"https:\/\/vendig.se\/#website","url":"https:\/\/vendig.se\/","name":"Vendig.se","description":"VENDIG LEVERERAR TRANSPORT\u00d6RKOMPONENTER!","publisher":{"@id":"https:\/\/vendig.se\/#organization"},"potentialAction":[{"@type":"SearchAction","target":{"@type":"EntryPoint","urlTemplate":"https:\/\/vendig.se\/?s={search_term_string}"},"query-input":{"@type":"PropertyValueSpecification","valueRequired":true,"valueName":"search_term_string"}}],"inLanguage":"de"},{"@type":"Organization","@id":"https:\/\/vendig.se\/#organization","name":"Vendig.se","url":"https:\/\/vendig.se\/","logo":{"@type":"ImageObject","inLanguage":"de","@id":"https:\/\/vendig.se\/#\/schema\/logo\/image\/","url":"https:\/\/vendig.se\/wp-content\/uploads\/2021\/09\/cropped-cropped-logo-4.png","contentUrl":"https:\/\/vendig.se\/wp-content\/uploads\/2021\/09\/cropped-cropped-logo-4.png","width":479,"height":69,"caption":"Vendig.se"},"image":{"@id":"https:\/\/vendig.se\/#\/schema\/logo\/image\/"}}]}},"uagb_featured_image_src":{"full":["https:\/\/vendig.se\/wp-content\/uploads\/2024\/02\/122.webp",750,462,false],"thumbnail":["https:\/\/vendig.se\/wp-content\/uploads\/2024\/02\/122-150x150.webp",150,150,true],"medium":["https:\/\/vendig.se\/wp-content\/uploads\/2024\/02\/122-300x185.webp",300,185,true],"medium_large":["https:\/\/vendig.se\/wp-content\/uploads\/2024\/02\/122.webp",750,462,false],"large":["https:\/\/vendig.se\/wp-content\/uploads\/2024\/02\/122.webp",750,462,false],"1536x1536":["https:\/\/vendig.se\/wp-content\/uploads\/2024\/02\/122.webp",750,462,false],"2048x2048":["https:\/\/vendig.se\/wp-content\/uploads\/2024\/02\/122.webp",750,462,false],"gb-block-post-grid-landscape":["https:\/\/vendig.se\/wp-content\/uploads\/2024\/02\/122-600x400.webp",600,400,true],"gb-block-post-grid-square":["https:\/\/vendig.se\/wp-content\/uploads\/2024\/02\/122-600x462.webp",600,462,true],"woocommerce_thumbnail":["https:\/\/vendig.se\/wp-content\/uploads\/2024\/02\/122-530x326.webp",530,326,true],"woocommerce_single":["https:\/\/vendig.se\/wp-content\/uploads\/2024\/02\/122-720x444.webp",720,444,true],"woocommerce_gallery_thumbnail":["https:\/\/vendig.se\/wp-content\/uploads\/2024\/02\/122-100x100.webp",100,100,true],"dgwt-wcas-product-suggestion":["https:\/\/vendig.se\/wp-content\/uploads\/2024\/02\/122-64x39.webp",64,39,true]},"uagb_author_info":{"display_name":"itstodvendig","author_link":"https:\/\/vendig.se\/de\/author\/"},"uagb_comment_info":0,"uagb_excerpt":"Halterung Rosta se \u2013 Einfach montierbare Halterung und Spannelemente. Die Halterung SE mit einstellbaren Spannelementen und Befestigungsst\u00fccken erleichtert die Montage...","_links":{"self":[{"href":"https:\/\/vendig.se\/de\/wp-json\/wp\/v2\/product\/190189","targetHints":{"allow":["GET"]}}],"collection":[{"href":"https:\/\/vendig.se\/de\/wp-json\/wp\/v2\/product"}],"about":[{"href":"https:\/\/vendig.se\/de\/wp-json\/wp\/v2\/types\/product"}],"wp:featuredmedia":[{"embeddable":true,"href":"https:\/\/vendig.se\/de\/wp-json\/wp\/v2\/media\/188985"}],"wp:attachment":[{"href":"https:\/\/vendig.se\/de\/wp-json\/wp\/v2\/media?parent=190189"}],"wp:term":[{"taxonomy":"product_brand","embeddable":true,"href":"https:\/\/vendig.se\/de\/wp-json\/wp\/v2\/product_brand?post=190189"},{"taxonomy":"product_cat","embeddable":true,"href":"https:\/\/vendig.se\/de\/wp-json\/wp\/v2\/product_cat?post=190189"},{"taxonomy":"product_tag","embeddable":true,"href":"https:\/\/vendig.se\/de\/wp-json\/wp\/v2\/product_tag?post=190189"}],"curies":[{"name":"wp","href":"https:\/\/api.w.org\/{rel}","templated":true}]}}