{"id":190193,"date":"2022-06-15T13:32:53","date_gmt":"2022-06-15T11:32:53","guid":{"rendered":"https:\/\/vendig.se\/pu-seitenfuehrungsrolle-3302\/"},"modified":"2026-03-11T07:10:02","modified_gmt":"2026-03-11T05:10:02","slug":"pu-seitenfuehrungsrolle-3302","status":"publish","type":"product","link":"https:\/\/vendig.se\/de\/produkt\/pu-seitenfuehrungsrolle-3302\/","title":{"rendered":"PU-SEITENF\u00dcHRUNGSROLLE  3302"},"content":{"rendered":"<h1>PU-seitenf\u00fchrungsrolle in langlebigem polyurethan<\/h1>\n<h2>\u2013 Sehr effektive und beliebte Bandf\u00fchrung.<\/h2>\n<p>  Eine stabile und gut gelagerte Stahlrolle mit einer montierten Mittelh\u00fclse aus verschlei\u00dfbest\u00e4ndigem Polyurethan, st\u00fctzt das F\u00f6rderband auf schonende Weise.    Befestigungsst\u00fcck f\u00fcr die perfekte Winkelmontage derPU-Seitenf\u00fchrungsrolle. Rechts 3303, Links 3304<\/p>\n","protected":false},"excerpt":{"rendered":"<p>PU-seitenf\u00fchrungsrolle in langlebigem polyurethan \u2013 Sehr effektive und beliebte Bandf\u00fchrung. Eine stabile und gut gelagerte Stahlrolle mit einer montierten Mittelh\u00fclse&#8230;<\/p>\n","protected":false},"featured_media":189000,"template":"","meta":{"_acf_changed":false,"_uag_custom_page_level_css":"","_themeisle_gutenberg_block_has_review":false},"product_brand":[],"product_cat":[773],"product_tag":[],"class_list":{"0":"post-190193","1":"product","2":"type-product","3":"status-publish","4":"has-post-thumbnail","6":"product_cat-bandfuhrung","8":"first","9":"instock","10":"taxable","11":"shipping-taxable","12":"product-type-grouped"},"acf":{"itstod_erp_ignore_discount":false},"yoast_head":"<!-- This site is optimized with the Yoast SEO plugin v27.0 - https:\/\/yoast.com\/product\/yoast-seo-wordpress\/ -->\n<title>PU-SEITENF\u00dcHRUNGSROLLE 3302 - Vendig.se<\/title>\n<meta name=\"robots\" content=\"index, follow, max-snippet:-1, max-image-preview:large, max-video-preview:-1\" \/>\n<link rel=\"canonical\" href=\"https:\/\/vendig.se\/produkt\/pu-seitenfuehrungsrolle-3302\/?lang=de\" \/>\n<meta property=\"og:locale\" content=\"de_DE\" \/>\n<meta property=\"og:type\" content=\"article\" \/>\n<meta property=\"og:title\" content=\"PU-SEITENF\u00dcHRUNGSROLLE 3302 - Vendig.se\" \/>\n<meta property=\"og:description\" content=\"PU-seitenf\u00fchrungsrolle in langlebigem polyurethan \u2013 Sehr effektive und beliebte Bandf\u00fchrung. Eine stabile und gut gelagerte Stahlrolle mit einer montierten Mittelh\u00fclse...\" \/>\n<meta property=\"og:url\" content=\"https:\/\/vendig.se\/produkt\/pu-seitenfuehrungsrolle-3302\/?lang=de\" \/>\n<meta property=\"og:site_name\" content=\"Vendig.se\" \/>\n<meta property=\"article:modified_time\" content=\"2026-03-11T05:10:02+00:00\" \/>\n<meta property=\"og:image\" content=\"https:\/\/vendig.se\/wp-content\/uploads\/2024\/02\/124.webp\" \/>\n\t<meta property=\"og:image:width\" content=\"750\" \/>\n\t<meta property=\"og:image:height\" content=\"462\" \/>\n\t<meta property=\"og:image:type\" content=\"image\/webp\" \/>\n<meta name=\"twitter:card\" content=\"summary_large_image\" \/>\n<!-- \/ Yoast SEO plugin. -->","yoast_head_json":{"title":"PU-SEITENF\u00dcHRUNGSROLLE 3302 - Vendig.se","robots":{"index":"index","follow":"follow","max-snippet":"max-snippet:-1","max-image-preview":"max-image-preview:large","max-video-preview":"max-video-preview:-1"},"canonical":"https:\/\/vendig.se\/produkt\/pu-seitenfuehrungsrolle-3302\/?lang=de","og_locale":"de_DE","og_type":"article","og_title":"PU-SEITENF\u00dcHRUNGSROLLE 3302 - Vendig.se","og_description":"PU-seitenf\u00fchrungsrolle in langlebigem polyurethan \u2013 Sehr effektive und beliebte Bandf\u00fchrung. Eine stabile und gut gelagerte Stahlrolle mit einer montierten Mittelh\u00fclse...","og_url":"https:\/\/vendig.se\/produkt\/pu-seitenfuehrungsrolle-3302\/?lang=de","og_site_name":"Vendig.se","article_modified_time":"2026-03-11T05:10:02+00:00","og_image":[{"width":750,"height":462,"url":"https:\/\/vendig.se\/wp-content\/uploads\/2024\/02\/124.webp","type":"image\/webp"}],"twitter_card":"summary_large_image","schema":{"@context":"https:\/\/schema.org","@graph":[{"@type":"WebPage","@id":"https:\/\/vendig.se\/produkt\/pu-seitenfuehrungsrolle-3302\/?lang=de","url":"https:\/\/vendig.se\/produkt\/pu-seitenfuehrungsrolle-3302\/?lang=de","name":"PU-SEITENF\u00dcHRUNGSROLLE 3302 - Vendig.se","isPartOf":{"@id":"https:\/\/vendig.se\/#website"},"primaryImageOfPage":{"@id":"https:\/\/vendig.se\/produkt\/pu-seitenfuehrungsrolle-3302\/?lang=de#primaryimage"},"image":{"@id":"https:\/\/vendig.se\/produkt\/pu-seitenfuehrungsrolle-3302\/?lang=de#primaryimage"},"thumbnailUrl":"https:\/\/vendig.se\/wp-content\/uploads\/2024\/02\/124.webp","datePublished":"2022-06-15T11:32:53+00:00","dateModified":"2026-03-11T05:10:02+00:00","breadcrumb":{"@id":"https:\/\/vendig.se\/produkt\/pu-seitenfuehrungsrolle-3302\/?lang=de#breadcrumb"},"inLanguage":"de","potentialAction":[{"@type":"ReadAction","target":["https:\/\/vendig.se\/produkt\/pu-seitenfuehrungsrolle-3302\/?lang=de"]}]},{"@type":"ImageObject","inLanguage":"de","@id":"https:\/\/vendig.se\/produkt\/pu-seitenfuehrungsrolle-3302\/?lang=de#primaryimage","url":"https:\/\/vendig.se\/wp-content\/uploads\/2024\/02\/124.webp","contentUrl":"https:\/\/vendig.se\/wp-content\/uploads\/2024\/02\/124.webp","width":750,"height":462},{"@type":"BreadcrumbList","@id":"https:\/\/vendig.se\/produkt\/pu-seitenfuehrungsrolle-3302\/?lang=de#breadcrumb","itemListElement":[{"@type":"ListItem","position":1,"name":"Home","item":"https:\/\/vendig.se\/de\/"},{"@type":"ListItem","position":2,"name":"Produkte","item":"https:\/\/vendig.se\/laden\/?lang=de"},{"@type":"ListItem","position":3,"name":"PU-SEITENF\u00dcHRUNGSROLLE 3302"}]},{"@type":"WebSite","@id":"https:\/\/vendig.se\/#website","url":"https:\/\/vendig.se\/","name":"Vendig.se","description":"VENDIG LEVERERAR TRANSPORT\u00d6RKOMPONENTER!","publisher":{"@id":"https:\/\/vendig.se\/#organization"},"potentialAction":[{"@type":"SearchAction","target":{"@type":"EntryPoint","urlTemplate":"https:\/\/vendig.se\/?s={search_term_string}"},"query-input":{"@type":"PropertyValueSpecification","valueRequired":true,"valueName":"search_term_string"}}],"inLanguage":"de"},{"@type":"Organization","@id":"https:\/\/vendig.se\/#organization","name":"Vendig.se","url":"https:\/\/vendig.se\/","logo":{"@type":"ImageObject","inLanguage":"de","@id":"https:\/\/vendig.se\/#\/schema\/logo\/image\/","url":"https:\/\/vendig.se\/wp-content\/uploads\/2021\/09\/cropped-cropped-logo-4.png","contentUrl":"https:\/\/vendig.se\/wp-content\/uploads\/2021\/09\/cropped-cropped-logo-4.png","width":479,"height":69,"caption":"Vendig.se"},"image":{"@id":"https:\/\/vendig.se\/#\/schema\/logo\/image\/"}}]}},"uagb_featured_image_src":{"full":["https:\/\/vendig.se\/wp-content\/uploads\/2024\/02\/124.webp",750,462,false],"thumbnail":["https:\/\/vendig.se\/wp-content\/uploads\/2024\/02\/124-150x150.webp",150,150,true],"medium":["https:\/\/vendig.se\/wp-content\/uploads\/2024\/02\/124-300x185.webp",300,185,true],"medium_large":["https:\/\/vendig.se\/wp-content\/uploads\/2024\/02\/124.webp",750,462,false],"large":["https:\/\/vendig.se\/wp-content\/uploads\/2024\/02\/124.webp",750,462,false],"1536x1536":["https:\/\/vendig.se\/wp-content\/uploads\/2024\/02\/124.webp",750,462,false],"2048x2048":["https:\/\/vendig.se\/wp-content\/uploads\/2024\/02\/124.webp",750,462,false],"gb-block-post-grid-landscape":["https:\/\/vendig.se\/wp-content\/uploads\/2024\/02\/124-600x400.webp",600,400,true],"gb-block-post-grid-square":["https:\/\/vendig.se\/wp-content\/uploads\/2024\/02\/124-600x462.webp",600,462,true],"woocommerce_thumbnail":["https:\/\/vendig.se\/wp-content\/uploads\/2024\/02\/124-530x326.webp",530,326,true],"woocommerce_single":["https:\/\/vendig.se\/wp-content\/uploads\/2024\/02\/124-720x444.webp",720,444,true],"woocommerce_gallery_thumbnail":["https:\/\/vendig.se\/wp-content\/uploads\/2024\/02\/124-100x100.webp",100,100,true],"dgwt-wcas-product-suggestion":["https:\/\/vendig.se\/wp-content\/uploads\/2024\/02\/124-64x39.webp",64,39,true]},"uagb_author_info":{"display_name":"itstodvendig","author_link":"https:\/\/vendig.se\/de\/author\/"},"uagb_comment_info":0,"uagb_excerpt":"PU-seitenf\u00fchrungsrolle in langlebigem polyurethan \u2013 Sehr effektive und beliebte Bandf\u00fchrung. Eine stabile und gut gelagerte Stahlrolle mit einer montierten Mittelh\u00fclse...","_links":{"self":[{"href":"https:\/\/vendig.se\/de\/wp-json\/wp\/v2\/product\/190193","targetHints":{"allow":["GET"]}}],"collection":[{"href":"https:\/\/vendig.se\/de\/wp-json\/wp\/v2\/product"}],"about":[{"href":"https:\/\/vendig.se\/de\/wp-json\/wp\/v2\/types\/product"}],"wp:featuredmedia":[{"embeddable":true,"href":"https:\/\/vendig.se\/de\/wp-json\/wp\/v2\/media\/189000"}],"wp:attachment":[{"href":"https:\/\/vendig.se\/de\/wp-json\/wp\/v2\/media?parent=190193"}],"wp:term":[{"taxonomy":"product_brand","embeddable":true,"href":"https:\/\/vendig.se\/de\/wp-json\/wp\/v2\/product_brand?post=190193"},{"taxonomy":"product_cat","embeddable":true,"href":"https:\/\/vendig.se\/de\/wp-json\/wp\/v2\/product_cat?post=190193"},{"taxonomy":"product_tag","embeddable":true,"href":"https:\/\/vendig.se\/de\/wp-json\/wp\/v2\/product_tag?post=190193"}],"curies":[{"name":"wp","href":"https:\/\/api.w.org\/{rel}","templated":true}]}}