{"id":190197,"date":"2022-06-20T16:16:21","date_gmt":"2022-06-20T14:16:21","guid":{"rendered":"https:\/\/vendig.se\/universal-halterung-9390\/"},"modified":"2026-03-11T07:10:44","modified_gmt":"2026-03-11T05:10:44","slug":"universal-halterung-9390","status":"publish","type":"product","link":"https:\/\/vendig.se\/de\/produkt\/universal-halterung-9390\/","title":{"rendered":"UNIVERSAL HALTERUNG 9390"},"content":{"rendered":"<h1>Universal halterung<\/h1>\n<h2>\u2013 Eine Halterung f\u00fcr die einfache Montage von Vorabstreifern. <\/h2>\n<p>  Die Universal Halterung ist eine flexible Befestigung zur Montage der Vorabstreifer an den F\u00f6rderband-Rahmen. Sie kann in vielen verschiedenen Arten und Winkeln montiert werden und passt zu den meisten F\u00f6rderb\u00e4ndern und Gegebenheiten vor Ort.     Der Beschlag ist aus 10mm dickem Stahlblech gefertigt und wurde galvanisiert, um umweltbedingtem Verschlei\u00df standzuhalten. Alle Bohrl\u00f6cher und Schlitze wurden f\u00fcr M12 Schrauben (\u00d812,5) und dem Vendig Halter \u2019H\u2019, der mit den Vendig Vorabstreifern geliefert wird, angepasst.    Die Universal Halterung 9390 wird paarweise geliefert.     9390  1. 9391 Gelenkhalterung, cc 40mm, 200 x 110 x 70mm  2. 9392 Universalbefestigung, cc 40mm, 20 x 55 x 10mm<\/p>\n","protected":false},"excerpt":{"rendered":"<p>Universal halterung \u2013 Eine Halterung f\u00fcr die einfache Montage von Vorabstreifern. Die Universal Halterung ist eine flexible Befestigung zur Montage&#8230;<\/p>\n","protected":false},"featured_media":189027,"template":"","meta":{"_acf_changed":false,"_uag_custom_page_level_css":"","_themeisle_gutenberg_block_has_review":false},"product_brand":[],"product_cat":[784,275],"product_tag":[],"class_list":{"0":"post-190197","1":"product","2":"type-product","3":"status-publish","4":"has-post-thumbnail","6":"product_cat-zubehor-afskrapen","7":"product_cat-bandafskrapen","9":"first","10":"instock","11":"taxable","12":"shipping-taxable","13":"product-type-grouped"},"acf":{"itstod_erp_ignore_discount":false},"yoast_head":"<!-- This site is optimized with the Yoast SEO plugin v27.0 - https:\/\/yoast.com\/product\/yoast-seo-wordpress\/ -->\n<title>UNIVERSAL HALTERUNG 9390 - Vendig.se<\/title>\n<meta name=\"robots\" content=\"index, follow, max-snippet:-1, max-image-preview:large, max-video-preview:-1\" \/>\n<link rel=\"canonical\" href=\"https:\/\/vendig.se\/produkt\/universal-halterung-9390\/?lang=de\" \/>\n<meta property=\"og:locale\" content=\"de_DE\" \/>\n<meta property=\"og:type\" content=\"article\" \/>\n<meta property=\"og:title\" content=\"UNIVERSAL HALTERUNG 9390 - Vendig.se\" \/>\n<meta property=\"og:description\" content=\"Universal halterung \u2013 Eine Halterung f\u00fcr die einfache Montage von Vorabstreifern. Die Universal Halterung ist eine flexible Befestigung zur Montage...\" \/>\n<meta property=\"og:url\" content=\"https:\/\/vendig.se\/produkt\/universal-halterung-9390\/?lang=de\" \/>\n<meta property=\"og:site_name\" content=\"Vendig.se\" \/>\n<meta property=\"article:modified_time\" content=\"2026-03-11T05:10:44+00:00\" \/>\n<meta property=\"og:image\" content=\"https:\/\/vendig.se\/wp-content\/uploads\/2024\/02\/128.webp\" \/>\n\t<meta property=\"og:image:width\" content=\"750\" \/>\n\t<meta property=\"og:image:height\" content=\"462\" \/>\n\t<meta property=\"og:image:type\" content=\"image\/webp\" \/>\n<meta name=\"twitter:card\" content=\"summary_large_image\" \/>\n<meta name=\"twitter:label1\" content=\"Gesch\u00e4tzte Lesezeit\" \/>\n\t<meta name=\"twitter:data1\" content=\"1\u00a0Minute\" \/>\n<!-- \/ Yoast SEO plugin. -->","yoast_head_json":{"title":"UNIVERSAL HALTERUNG 9390 - Vendig.se","robots":{"index":"index","follow":"follow","max-snippet":"max-snippet:-1","max-image-preview":"max-image-preview:large","max-video-preview":"max-video-preview:-1"},"canonical":"https:\/\/vendig.se\/produkt\/universal-halterung-9390\/?lang=de","og_locale":"de_DE","og_type":"article","og_title":"UNIVERSAL HALTERUNG 9390 - Vendig.se","og_description":"Universal halterung \u2013 Eine Halterung f\u00fcr die einfache Montage von Vorabstreifern. Die Universal Halterung ist eine flexible Befestigung zur Montage...","og_url":"https:\/\/vendig.se\/produkt\/universal-halterung-9390\/?lang=de","og_site_name":"Vendig.se","article_modified_time":"2026-03-11T05:10:44+00:00","og_image":[{"width":750,"height":462,"url":"https:\/\/vendig.se\/wp-content\/uploads\/2024\/02\/128.webp","type":"image\/webp"}],"twitter_card":"summary_large_image","twitter_misc":{"Gesch\u00e4tzte Lesezeit":"1\u00a0Minute"},"schema":{"@context":"https:\/\/schema.org","@graph":[{"@type":"WebPage","@id":"https:\/\/vendig.se\/produkt\/universal-halterung-9390\/?lang=de","url":"https:\/\/vendig.se\/produkt\/universal-halterung-9390\/?lang=de","name":"UNIVERSAL HALTERUNG 9390 - Vendig.se","isPartOf":{"@id":"https:\/\/vendig.se\/#website"},"primaryImageOfPage":{"@id":"https:\/\/vendig.se\/produkt\/universal-halterung-9390\/?lang=de#primaryimage"},"image":{"@id":"https:\/\/vendig.se\/produkt\/universal-halterung-9390\/?lang=de#primaryimage"},"thumbnailUrl":"https:\/\/vendig.se\/wp-content\/uploads\/2024\/02\/128.webp","datePublished":"2022-06-20T14:16:21+00:00","dateModified":"2026-03-11T05:10:44+00:00","breadcrumb":{"@id":"https:\/\/vendig.se\/produkt\/universal-halterung-9390\/?lang=de#breadcrumb"},"inLanguage":"de","potentialAction":[{"@type":"ReadAction","target":["https:\/\/vendig.se\/produkt\/universal-halterung-9390\/?lang=de"]}]},{"@type":"ImageObject","inLanguage":"de","@id":"https:\/\/vendig.se\/produkt\/universal-halterung-9390\/?lang=de#primaryimage","url":"https:\/\/vendig.se\/wp-content\/uploads\/2024\/02\/128.webp","contentUrl":"https:\/\/vendig.se\/wp-content\/uploads\/2024\/02\/128.webp","width":750,"height":462},{"@type":"BreadcrumbList","@id":"https:\/\/vendig.se\/produkt\/universal-halterung-9390\/?lang=de#breadcrumb","itemListElement":[{"@type":"ListItem","position":1,"name":"Home","item":"https:\/\/vendig.se\/de\/"},{"@type":"ListItem","position":2,"name":"Produkte","item":"https:\/\/vendig.se\/laden\/?lang=de"},{"@type":"ListItem","position":3,"name":"UNIVERSAL HALTERUNG 9390"}]},{"@type":"WebSite","@id":"https:\/\/vendig.se\/#website","url":"https:\/\/vendig.se\/","name":"Vendig.se","description":"VENDIG LEVERERAR TRANSPORT\u00d6RKOMPONENTER!","publisher":{"@id":"https:\/\/vendig.se\/#organization"},"potentialAction":[{"@type":"SearchAction","target":{"@type":"EntryPoint","urlTemplate":"https:\/\/vendig.se\/?s={search_term_string}"},"query-input":{"@type":"PropertyValueSpecification","valueRequired":true,"valueName":"search_term_string"}}],"inLanguage":"de"},{"@type":"Organization","@id":"https:\/\/vendig.se\/#organization","name":"Vendig.se","url":"https:\/\/vendig.se\/","logo":{"@type":"ImageObject","inLanguage":"de","@id":"https:\/\/vendig.se\/#\/schema\/logo\/image\/","url":"https:\/\/vendig.se\/wp-content\/uploads\/2021\/09\/cropped-cropped-logo-4.png","contentUrl":"https:\/\/vendig.se\/wp-content\/uploads\/2021\/09\/cropped-cropped-logo-4.png","width":479,"height":69,"caption":"Vendig.se"},"image":{"@id":"https:\/\/vendig.se\/#\/schema\/logo\/image\/"}}]}},"uagb_featured_image_src":{"full":["https:\/\/vendig.se\/wp-content\/uploads\/2024\/02\/128.webp",750,462,false],"thumbnail":["https:\/\/vendig.se\/wp-content\/uploads\/2024\/02\/128-150x150.webp",150,150,true],"medium":["https:\/\/vendig.se\/wp-content\/uploads\/2024\/02\/128-300x185.webp",300,185,true],"medium_large":["https:\/\/vendig.se\/wp-content\/uploads\/2024\/02\/128.webp",750,462,false],"large":["https:\/\/vendig.se\/wp-content\/uploads\/2024\/02\/128.webp",750,462,false],"1536x1536":["https:\/\/vendig.se\/wp-content\/uploads\/2024\/02\/128.webp",750,462,false],"2048x2048":["https:\/\/vendig.se\/wp-content\/uploads\/2024\/02\/128.webp",750,462,false],"gb-block-post-grid-landscape":["https:\/\/vendig.se\/wp-content\/uploads\/2024\/02\/128-600x400.webp",600,400,true],"gb-block-post-grid-square":["https:\/\/vendig.se\/wp-content\/uploads\/2024\/02\/128-600x462.webp",600,462,true],"woocommerce_thumbnail":["https:\/\/vendig.se\/wp-content\/uploads\/2024\/02\/128-530x326.webp",530,326,true],"woocommerce_single":["https:\/\/vendig.se\/wp-content\/uploads\/2024\/02\/128-720x444.webp",720,444,true],"woocommerce_gallery_thumbnail":["https:\/\/vendig.se\/wp-content\/uploads\/2024\/02\/128-100x100.webp",100,100,true],"dgwt-wcas-product-suggestion":["https:\/\/vendig.se\/wp-content\/uploads\/2024\/02\/128-64x39.webp",64,39,true]},"uagb_author_info":{"display_name":"itstodvendig","author_link":"https:\/\/vendig.se\/de\/author\/"},"uagb_comment_info":0,"uagb_excerpt":"Universal halterung \u2013 Eine Halterung f\u00fcr die einfache Montage von Vorabstreifern. Die Universal Halterung ist eine flexible Befestigung zur Montage...","_links":{"self":[{"href":"https:\/\/vendig.se\/de\/wp-json\/wp\/v2\/product\/190197","targetHints":{"allow":["GET"]}}],"collection":[{"href":"https:\/\/vendig.se\/de\/wp-json\/wp\/v2\/product"}],"about":[{"href":"https:\/\/vendig.se\/de\/wp-json\/wp\/v2\/types\/product"}],"wp:featuredmedia":[{"embeddable":true,"href":"https:\/\/vendig.se\/de\/wp-json\/wp\/v2\/media\/189027"}],"wp:attachment":[{"href":"https:\/\/vendig.se\/de\/wp-json\/wp\/v2\/media?parent=190197"}],"wp:term":[{"taxonomy":"product_brand","embeddable":true,"href":"https:\/\/vendig.se\/de\/wp-json\/wp\/v2\/product_brand?post=190197"},{"taxonomy":"product_cat","embeddable":true,"href":"https:\/\/vendig.se\/de\/wp-json\/wp\/v2\/product_cat?post=190197"},{"taxonomy":"product_tag","embeddable":true,"href":"https:\/\/vendig.se\/de\/wp-json\/wp\/v2\/product_tag?post=190197"}],"curies":[{"name":"wp","href":"https:\/\/api.w.org\/{rel}","templated":true}]}}