{"id":190199,"date":"2021-10-28T15:36:12","date_gmt":"2021-10-28T13:36:12","guid":{"rendered":"https:\/\/vendig.se\/seitenfuehurungsrollen\/"},"modified":"2026-03-11T07:15:09","modified_gmt":"2026-03-11T05:15:09","slug":"seitenfuehurungsrollen","status":"publish","type":"product","link":"https:\/\/vendig.se\/de\/produkt\/seitenfuehurungsrollen\/","title":{"rendered":"SEITENF\u00dcHURUNGSROLLEN"},"content":{"rendered":"<h2>SEITENF\u00dcHURUNGSROLLEN<\/h2>\n<h3>3316<\/h3>\n<p>  \u00f863&#215;100\/145  M20x45    <\/p>\n<h3>3320<\/h3>\n<p>  \u00f876&#215;130\/180  M20x50    <\/p>\n<h3>3325<\/h3>\n<p>  \u00f876\/90&#215;130\/180 M20x50 mit  PU-Manschette 3310   PU-Manschette seperat \u00f890\/76&#215;130<\/p>\n","protected":false},"excerpt":{"rendered":"<p>SEITENF\u00dcHURUNGSROLLEN 3316 \u00f863&#215;100\/145 M20x45 3320 \u00f876&#215;130\/180 M20x50 3325 \u00f876\/90&#215;130\/180 M20x50 mit PU-Manschette 3310 PU-Manschette seperat \u00f890\/76&#215;130<\/p>\n","protected":false},"featured_media":189078,"template":"","meta":{"_acf_changed":false,"_uag_custom_page_level_css":"","_themeisle_gutenberg_block_has_review":false},"product_brand":[],"product_cat":[773],"product_tag":[],"class_list":{"0":"post-190199","1":"product","2":"type-product","3":"status-publish","4":"has-post-thumbnail","6":"product_cat-bandfuhrung","8":"first","9":"instock","10":"taxable","11":"shipping-taxable","12":"product-type-grouped"},"acf":{"itstod_erp_ignore_discount":false},"yoast_head":"<!-- This site is optimized with the Yoast SEO plugin v27.0 - https:\/\/yoast.com\/product\/yoast-seo-wordpress\/ -->\n<title>SEITENF\u00dcHURUNGSROLLEN - Vendig.se<\/title>\n<meta name=\"robots\" content=\"index, follow, max-snippet:-1, max-image-preview:large, max-video-preview:-1\" \/>\n<link rel=\"canonical\" href=\"https:\/\/vendig.se\/produkt\/seitenfuehurungsrollen\/?lang=de\" \/>\n<meta property=\"og:locale\" content=\"de_DE\" \/>\n<meta property=\"og:type\" content=\"article\" \/>\n<meta property=\"og:title\" content=\"SEITENF\u00dcHURUNGSROLLEN - Vendig.se\" \/>\n<meta property=\"og:description\" content=\"SEITENF\u00dcHURUNGSROLLEN 3316 \u00f863&#215;100\/145 M20x45 3320 \u00f876&#215;130\/180 M20x50 3325 \u00f876\/90&#215;130\/180 M20x50 mit PU-Manschette 3310 PU-Manschette seperat \u00f890\/76&#215;130\" \/>\n<meta property=\"og:url\" content=\"https:\/\/vendig.se\/produkt\/seitenfuehurungsrollen\/?lang=de\" \/>\n<meta property=\"og:site_name\" content=\"Vendig.se\" \/>\n<meta property=\"article:modified_time\" content=\"2026-03-11T05:15:09+00:00\" \/>\n<meta name=\"twitter:card\" content=\"summary_large_image\" \/>\n<!-- \/ Yoast SEO plugin. -->","yoast_head_json":{"title":"SEITENF\u00dcHURUNGSROLLEN - Vendig.se","robots":{"index":"index","follow":"follow","max-snippet":"max-snippet:-1","max-image-preview":"max-image-preview:large","max-video-preview":"max-video-preview:-1"},"canonical":"https:\/\/vendig.se\/produkt\/seitenfuehurungsrollen\/?lang=de","og_locale":"de_DE","og_type":"article","og_title":"SEITENF\u00dcHURUNGSROLLEN - Vendig.se","og_description":"SEITENF\u00dcHURUNGSROLLEN 3316 \u00f863&#215;100\/145 M20x45 3320 \u00f876&#215;130\/180 M20x50 3325 \u00f876\/90&#215;130\/180 M20x50 mit PU-Manschette 3310 PU-Manschette seperat \u00f890\/76&#215;130","og_url":"https:\/\/vendig.se\/produkt\/seitenfuehurungsrollen\/?lang=de","og_site_name":"Vendig.se","article_modified_time":"2026-03-11T05:15:09+00:00","twitter_card":"summary_large_image","schema":{"@context":"https:\/\/schema.org","@graph":[{"@type":"WebPage","@id":"https:\/\/vendig.se\/produkt\/seitenfuehurungsrollen\/?lang=de","url":"https:\/\/vendig.se\/produkt\/seitenfuehurungsrollen\/?lang=de","name":"SEITENF\u00dcHURUNGSROLLEN - Vendig.se","isPartOf":{"@id":"https:\/\/vendig.se\/#website"},"primaryImageOfPage":{"@id":"https:\/\/vendig.se\/produkt\/seitenfuehurungsrollen\/?lang=de#primaryimage"},"image":{"@id":"https:\/\/vendig.se\/produkt\/seitenfuehurungsrollen\/?lang=de#primaryimage"},"thumbnailUrl":"https:\/\/vendig.se\/wp-content\/uploads\/2024\/02\/132.webp","datePublished":"2021-10-28T13:36:12+00:00","dateModified":"2026-03-11T05:15:09+00:00","breadcrumb":{"@id":"https:\/\/vendig.se\/produkt\/seitenfuehurungsrollen\/?lang=de#breadcrumb"},"inLanguage":"de","potentialAction":[{"@type":"ReadAction","target":["https:\/\/vendig.se\/produkt\/seitenfuehurungsrollen\/?lang=de"]}]},{"@type":"ImageObject","inLanguage":"de","@id":"https:\/\/vendig.se\/produkt\/seitenfuehurungsrollen\/?lang=de#primaryimage","url":"https:\/\/vendig.se\/wp-content\/uploads\/2024\/02\/132.webp","contentUrl":"https:\/\/vendig.se\/wp-content\/uploads\/2024\/02\/132.webp","width":750,"height":462},{"@type":"BreadcrumbList","@id":"https:\/\/vendig.se\/produkt\/seitenfuehurungsrollen\/?lang=de#breadcrumb","itemListElement":[{"@type":"ListItem","position":1,"name":"Home","item":"https:\/\/vendig.se\/de\/"},{"@type":"ListItem","position":2,"name":"Produkte","item":"https:\/\/vendig.se\/laden\/?lang=de"},{"@type":"ListItem","position":3,"name":"SEITENF\u00dcHURUNGSROLLEN"}]},{"@type":"WebSite","@id":"https:\/\/vendig.se\/#website","url":"https:\/\/vendig.se\/","name":"Vendig.se","description":"VENDIG LEVERERAR TRANSPORT\u00d6RKOMPONENTER!","publisher":{"@id":"https:\/\/vendig.se\/#organization"},"potentialAction":[{"@type":"SearchAction","target":{"@type":"EntryPoint","urlTemplate":"https:\/\/vendig.se\/?s={search_term_string}"},"query-input":{"@type":"PropertyValueSpecification","valueRequired":true,"valueName":"search_term_string"}}],"inLanguage":"de"},{"@type":"Organization","@id":"https:\/\/vendig.se\/#organization","name":"Vendig.se","url":"https:\/\/vendig.se\/","logo":{"@type":"ImageObject","inLanguage":"de","@id":"https:\/\/vendig.se\/#\/schema\/logo\/image\/","url":"https:\/\/vendig.se\/wp-content\/uploads\/2021\/09\/cropped-cropped-logo-4.png","contentUrl":"https:\/\/vendig.se\/wp-content\/uploads\/2021\/09\/cropped-cropped-logo-4.png","width":479,"height":69,"caption":"Vendig.se"},"image":{"@id":"https:\/\/vendig.se\/#\/schema\/logo\/image\/"}}]}},"uagb_featured_image_src":{"full":["https:\/\/vendig.se\/wp-content\/uploads\/2024\/02\/132.webp",750,462,false],"thumbnail":["https:\/\/vendig.se\/wp-content\/uploads\/2024\/02\/132-150x150.webp",150,150,true],"medium":["https:\/\/vendig.se\/wp-content\/uploads\/2024\/02\/132-300x185.webp",300,185,true],"medium_large":["https:\/\/vendig.se\/wp-content\/uploads\/2024\/02\/132.webp",750,462,false],"large":["https:\/\/vendig.se\/wp-content\/uploads\/2024\/02\/132.webp",750,462,false],"1536x1536":["https:\/\/vendig.se\/wp-content\/uploads\/2024\/02\/132.webp",750,462,false],"2048x2048":["https:\/\/vendig.se\/wp-content\/uploads\/2024\/02\/132.webp",750,462,false],"gb-block-post-grid-landscape":["https:\/\/vendig.se\/wp-content\/uploads\/2024\/02\/132-600x400.webp",600,400,true],"gb-block-post-grid-square":["https:\/\/vendig.se\/wp-content\/uploads\/2024\/02\/132-600x462.webp",600,462,true],"woocommerce_thumbnail":["https:\/\/vendig.se\/wp-content\/uploads\/2024\/02\/132-530x326.webp",530,326,true],"woocommerce_single":["https:\/\/vendig.se\/wp-content\/uploads\/2024\/02\/132-720x444.webp",720,444,true],"woocommerce_gallery_thumbnail":["https:\/\/vendig.se\/wp-content\/uploads\/2024\/02\/132-100x100.webp",100,100,true],"dgwt-wcas-product-suggestion":["https:\/\/vendig.se\/wp-content\/uploads\/2024\/02\/132-64x39.webp",64,39,true]},"uagb_author_info":{"display_name":"itstodvendig","author_link":"https:\/\/vendig.se\/de\/author\/"},"uagb_comment_info":0,"uagb_excerpt":"SEITENF\u00dcHURUNGSROLLEN 3316 \u00f863&#215;100\/145 M20x45 3320 \u00f876&#215;130\/180 M20x50 3325 \u00f876\/90&#215;130\/180 M20x50 mit PU-Manschette 3310 PU-Manschette seperat \u00f890\/76&#215;130","_links":{"self":[{"href":"https:\/\/vendig.se\/de\/wp-json\/wp\/v2\/product\/190199","targetHints":{"allow":["GET"]}}],"collection":[{"href":"https:\/\/vendig.se\/de\/wp-json\/wp\/v2\/product"}],"about":[{"href":"https:\/\/vendig.se\/de\/wp-json\/wp\/v2\/types\/product"}],"wp:featuredmedia":[{"embeddable":true,"href":"https:\/\/vendig.se\/de\/wp-json\/wp\/v2\/media\/189078"}],"wp:attachment":[{"href":"https:\/\/vendig.se\/de\/wp-json\/wp\/v2\/media?parent=190199"}],"wp:term":[{"taxonomy":"product_brand","embeddable":true,"href":"https:\/\/vendig.se\/de\/wp-json\/wp\/v2\/product_brand?post=190199"},{"taxonomy":"product_cat","embeddable":true,"href":"https:\/\/vendig.se\/de\/wp-json\/wp\/v2\/product_cat?post=190199"},{"taxonomy":"product_tag","embeddable":true,"href":"https:\/\/vendig.se\/de\/wp-json\/wp\/v2\/product_tag?post=190199"}],"curies":[{"name":"wp","href":"https:\/\/api.w.org\/{rel}","templated":true}]}}