{"id":190209,"date":"2022-06-17T13:38:44","date_gmt":"2022-06-17T11:38:44","guid":{"rendered":"https:\/\/vendig.se\/vierkantrohr8127\/"},"modified":"2026-03-11T07:22:50","modified_gmt":"2026-03-11T05:22:50","slug":"vierkantrohr8127","status":"publish","type":"product","link":"https:\/\/vendig.se\/de\/produkt\/vierkantrohr8127\/","title":{"rendered":"VIERKANTROHR8127"},"content":{"rendered":"<h2>VIERKANTROHR8127<\/h2>\n<p>  Dies ist ein Ersatzteil f\u00fcr den Diagonalpflug 8400. Mit minimalen \u00c4nderungen passt es auch f\u00fcr die PUAbstreifleiste 8100 und die HM Abstreifleiste 9300.    The profile is 35 x 15mm with a thickness of 2mm and  length 2000 mm.<\/p>\n","protected":false},"excerpt":{"rendered":"<p>VIERKANTROHR8127 Dies ist ein Ersatzteil f\u00fcr den Diagonalpflug 8400. Mit minimalen \u00c4nderungen passt es auch f\u00fcr die PUAbstreifleiste 8100 und&#8230;<\/p>\n","protected":false},"featured_media":189243,"template":"","meta":{"_acf_changed":false,"_uag_custom_page_level_css":"","_themeisle_gutenberg_block_has_review":false},"product_brand":[],"product_cat":[784,275],"product_tag":[],"class_list":{"0":"post-190209","1":"product","2":"type-product","3":"status-publish","4":"has-post-thumbnail","6":"product_cat-zubehor-afskrapen","7":"product_cat-bandafskrapen","9":"first","10":"instock","11":"taxable","12":"shipping-taxable","13":"product-type-grouped"},"acf":{"itstod_erp_ignore_discount":false},"yoast_head":"<!-- This site is optimized with the Yoast SEO plugin v27.0 - https:\/\/yoast.com\/product\/yoast-seo-wordpress\/ -->\n<title>VIERKANTROHR8127 - Vendig.se<\/title>\n<meta name=\"robots\" content=\"index, follow, max-snippet:-1, max-image-preview:large, max-video-preview:-1\" \/>\n<link rel=\"canonical\" href=\"https:\/\/vendig.se\/produkt\/vierkantrohr8127\/?lang=de\" \/>\n<meta property=\"og:locale\" content=\"de_DE\" \/>\n<meta property=\"og:type\" content=\"article\" \/>\n<meta property=\"og:title\" content=\"VIERKANTROHR8127 - Vendig.se\" \/>\n<meta property=\"og:description\" content=\"VIERKANTROHR8127 Dies ist ein Ersatzteil f\u00fcr den Diagonalpflug 8400. Mit minimalen \u00c4nderungen passt es auch f\u00fcr die PUAbstreifleiste 8100 und...\" \/>\n<meta property=\"og:url\" content=\"https:\/\/vendig.se\/produkt\/vierkantrohr8127\/?lang=de\" \/>\n<meta property=\"og:site_name\" content=\"Vendig.se\" \/>\n<meta property=\"article:modified_time\" content=\"2026-03-11T05:22:50+00:00\" \/>\n<meta name=\"twitter:card\" content=\"summary_large_image\" \/>\n<!-- \/ Yoast SEO plugin. -->","yoast_head_json":{"title":"VIERKANTROHR8127 - Vendig.se","robots":{"index":"index","follow":"follow","max-snippet":"max-snippet:-1","max-image-preview":"max-image-preview:large","max-video-preview":"max-video-preview:-1"},"canonical":"https:\/\/vendig.se\/produkt\/vierkantrohr8127\/?lang=de","og_locale":"de_DE","og_type":"article","og_title":"VIERKANTROHR8127 - Vendig.se","og_description":"VIERKANTROHR8127 Dies ist ein Ersatzteil f\u00fcr den Diagonalpflug 8400. Mit minimalen \u00c4nderungen passt es auch f\u00fcr die PUAbstreifleiste 8100 und...","og_url":"https:\/\/vendig.se\/produkt\/vierkantrohr8127\/?lang=de","og_site_name":"Vendig.se","article_modified_time":"2026-03-11T05:22:50+00:00","twitter_card":"summary_large_image","schema":{"@context":"https:\/\/schema.org","@graph":[{"@type":"WebPage","@id":"https:\/\/vendig.se\/produkt\/vierkantrohr8127\/?lang=de","url":"https:\/\/vendig.se\/produkt\/vierkantrohr8127\/?lang=de","name":"VIERKANTROHR8127 - Vendig.se","isPartOf":{"@id":"https:\/\/vendig.se\/#website"},"primaryImageOfPage":{"@id":"https:\/\/vendig.se\/produkt\/vierkantrohr8127\/?lang=de#primaryimage"},"image":{"@id":"https:\/\/vendig.se\/produkt\/vierkantrohr8127\/?lang=de#primaryimage"},"thumbnailUrl":"https:\/\/vendig.se\/wp-content\/uploads\/2024\/02\/148.webp","datePublished":"2022-06-17T11:38:44+00:00","dateModified":"2026-03-11T05:22:50+00:00","breadcrumb":{"@id":"https:\/\/vendig.se\/produkt\/vierkantrohr8127\/?lang=de#breadcrumb"},"inLanguage":"de","potentialAction":[{"@type":"ReadAction","target":["https:\/\/vendig.se\/produkt\/vierkantrohr8127\/?lang=de"]}]},{"@type":"ImageObject","inLanguage":"de","@id":"https:\/\/vendig.se\/produkt\/vierkantrohr8127\/?lang=de#primaryimage","url":"https:\/\/vendig.se\/wp-content\/uploads\/2024\/02\/148.webp","contentUrl":"https:\/\/vendig.se\/wp-content\/uploads\/2024\/02\/148.webp","width":711,"height":462},{"@type":"BreadcrumbList","@id":"https:\/\/vendig.se\/produkt\/vierkantrohr8127\/?lang=de#breadcrumb","itemListElement":[{"@type":"ListItem","position":1,"name":"Home","item":"https:\/\/vendig.se\/de\/"},{"@type":"ListItem","position":2,"name":"Produkte","item":"https:\/\/vendig.se\/laden\/?lang=de"},{"@type":"ListItem","position":3,"name":"VIERKANTROHR8127"}]},{"@type":"WebSite","@id":"https:\/\/vendig.se\/#website","url":"https:\/\/vendig.se\/","name":"Vendig.se","description":"VENDIG LEVERERAR TRANSPORT\u00d6RKOMPONENTER!","publisher":{"@id":"https:\/\/vendig.se\/#organization"},"potentialAction":[{"@type":"SearchAction","target":{"@type":"EntryPoint","urlTemplate":"https:\/\/vendig.se\/?s={search_term_string}"},"query-input":{"@type":"PropertyValueSpecification","valueRequired":true,"valueName":"search_term_string"}}],"inLanguage":"de"},{"@type":"Organization","@id":"https:\/\/vendig.se\/#organization","name":"Vendig.se","url":"https:\/\/vendig.se\/","logo":{"@type":"ImageObject","inLanguage":"de","@id":"https:\/\/vendig.se\/#\/schema\/logo\/image\/","url":"https:\/\/vendig.se\/wp-content\/uploads\/2021\/09\/cropped-cropped-logo-4.png","contentUrl":"https:\/\/vendig.se\/wp-content\/uploads\/2021\/09\/cropped-cropped-logo-4.png","width":479,"height":69,"caption":"Vendig.se"},"image":{"@id":"https:\/\/vendig.se\/#\/schema\/logo\/image\/"}}]}},"uagb_featured_image_src":{"full":["https:\/\/vendig.se\/wp-content\/uploads\/2024\/02\/148.webp",711,462,false],"thumbnail":["https:\/\/vendig.se\/wp-content\/uploads\/2024\/02\/148-150x150.webp",150,150,true],"medium":["https:\/\/vendig.se\/wp-content\/uploads\/2024\/02\/148-300x195.webp",300,195,true],"medium_large":["https:\/\/vendig.se\/wp-content\/uploads\/2024\/02\/148.webp",711,462,false],"large":["https:\/\/vendig.se\/wp-content\/uploads\/2024\/02\/148.webp",711,462,false],"1536x1536":["https:\/\/vendig.se\/wp-content\/uploads\/2024\/02\/148.webp",711,462,false],"2048x2048":["https:\/\/vendig.se\/wp-content\/uploads\/2024\/02\/148.webp",711,462,false],"gb-block-post-grid-landscape":["https:\/\/vendig.se\/wp-content\/uploads\/2024\/02\/148-600x400.webp",600,400,true],"gb-block-post-grid-square":["https:\/\/vendig.se\/wp-content\/uploads\/2024\/02\/148-600x462.webp",600,462,true],"woocommerce_thumbnail":["https:\/\/vendig.se\/wp-content\/uploads\/2024\/02\/148-530x344.webp",530,344,true],"woocommerce_single":["https:\/\/vendig.se\/wp-content\/uploads\/2024\/02\/148.webp",711,462,false],"woocommerce_gallery_thumbnail":["https:\/\/vendig.se\/wp-content\/uploads\/2024\/02\/148-100x100.webp",100,100,true],"dgwt-wcas-product-suggestion":["https:\/\/vendig.se\/wp-content\/uploads\/2024\/02\/148-64x42.webp",64,42,true]},"uagb_author_info":{"display_name":"itstodvendig","author_link":"https:\/\/vendig.se\/de\/author\/"},"uagb_comment_info":0,"uagb_excerpt":"VIERKANTROHR8127 Dies ist ein Ersatzteil f\u00fcr den Diagonalpflug 8400. Mit minimalen \u00c4nderungen passt es auch f\u00fcr die PUAbstreifleiste 8100 und...","_links":{"self":[{"href":"https:\/\/vendig.se\/de\/wp-json\/wp\/v2\/product\/190209","targetHints":{"allow":["GET"]}}],"collection":[{"href":"https:\/\/vendig.se\/de\/wp-json\/wp\/v2\/product"}],"about":[{"href":"https:\/\/vendig.se\/de\/wp-json\/wp\/v2\/types\/product"}],"wp:featuredmedia":[{"embeddable":true,"href":"https:\/\/vendig.se\/de\/wp-json\/wp\/v2\/media\/189243"}],"wp:attachment":[{"href":"https:\/\/vendig.se\/de\/wp-json\/wp\/v2\/media?parent=190209"}],"wp:term":[{"taxonomy":"product_brand","embeddable":true,"href":"https:\/\/vendig.se\/de\/wp-json\/wp\/v2\/product_brand?post=190209"},{"taxonomy":"product_cat","embeddable":true,"href":"https:\/\/vendig.se\/de\/wp-json\/wp\/v2\/product_cat?post=190209"},{"taxonomy":"product_tag","embeddable":true,"href":"https:\/\/vendig.se\/de\/wp-json\/wp\/v2\/product_tag?post=190209"}],"curies":[{"name":"wp","href":"https:\/\/api.w.org\/{rel}","templated":true}]}}