{"id":190238,"date":"2022-11-17T10:46:17","date_gmt":"2022-11-17T08:46:17","guid":{"rendered":"https:\/\/vendig.se\/abstreifleisten-fuer-maxi-pflug-8800\/"},"modified":"2026-04-19T06:11:26","modified_gmt":"2026-04-19T04:11:26","slug":"abstreifleisten-fuer-maxi-pflug-8800","status":"publish","type":"product","link":"https:\/\/vendig.se\/de\/produkt\/abstreifleisten-fuer-maxi-pflug-8800\/","title":{"rendered":"ABSTREIFLEISTEN F\u00dcR MAXI PFLUG 8800"},"content":{"rendered":"<h2>ABSTREIFLEISTEN F\u00dcR MAXI PFLUG  8800 &amp; 8800-VF<\/h2>\n<p>  <b>Abstreifleisten f\u00fcr  8800 und 8800-VF<\/b>.<\/p>\n","protected":false},"excerpt":{"rendered":"<p>ABSTREIFLEISTEN F\u00dcR MAXI PFLUG 8800 &amp; 8800-VF Abstreifleisten f\u00fcr 8800 und 8800-VF.<\/p>\n","protected":false},"featured_media":199852,"template":"","meta":{"_acf_changed":false,"_uag_custom_page_level_css":"","_themeisle_gutenberg_block_has_review":false},"product_brand":[],"product_cat":[1069,275],"product_tag":[],"class_list":{"0":"post-190238","1":"product","2":"type-product","3":"status-publish","4":"has-post-thumbnail","6":"product_cat-ersatzteileb-afs","7":"product_cat-bandafskrapen","9":"first","10":"instock","11":"taxable","12":"shipping-taxable","13":"product-type-grouped"},"acf":{"itstod_erp_ignore_discount":false},"yoast_head":"<!-- This site is optimized with the Yoast SEO plugin v27.0 - https:\/\/yoast.com\/product\/yoast-seo-wordpress\/ -->\n<title>ABSTREIFLEISTEN F\u00dcR MAXI PFLUG 8800 - Vendig.se<\/title>\n<meta name=\"robots\" content=\"index, follow, max-snippet:-1, max-image-preview:large, max-video-preview:-1\" \/>\n<link rel=\"canonical\" href=\"https:\/\/vendig.se\/produkt\/abstreifleisten-fuer-maxi-pflug-8800\/?lang=de\" \/>\n<meta property=\"og:locale\" content=\"de_DE\" \/>\n<meta property=\"og:type\" content=\"article\" \/>\n<meta property=\"og:title\" content=\"ABSTREIFLEISTEN F\u00dcR MAXI PFLUG 8800 - Vendig.se\" \/>\n<meta property=\"og:description\" content=\"ABSTREIFLEISTEN F\u00dcR MAXI PFLUG 8800 &amp; 8800-VF Abstreifleisten f\u00fcr 8800 und 8800-VF.\" \/>\n<meta property=\"og:url\" content=\"https:\/\/vendig.se\/produkt\/abstreifleisten-fuer-maxi-pflug-8800\/?lang=de\" \/>\n<meta property=\"og:site_name\" content=\"Vendig.se\" \/>\n<meta property=\"article:modified_time\" content=\"2026-04-19T04:11:26+00:00\" \/>\n<meta property=\"og:image\" content=\"https:\/\/vendig.se\/wp-content\/uploads\/2024\/04\/woocommerce-placeholder-530x530-6.png\" \/>\n\t<meta property=\"og:image:width\" content=\"530\" \/>\n\t<meta property=\"og:image:height\" content=\"530\" \/>\n\t<meta property=\"og:image:type\" content=\"image\/png\" \/>\n<meta name=\"twitter:card\" content=\"summary_large_image\" \/>\n<!-- \/ Yoast SEO plugin. -->","yoast_head_json":{"title":"ABSTREIFLEISTEN F\u00dcR MAXI PFLUG 8800 - Vendig.se","robots":{"index":"index","follow":"follow","max-snippet":"max-snippet:-1","max-image-preview":"max-image-preview:large","max-video-preview":"max-video-preview:-1"},"canonical":"https:\/\/vendig.se\/produkt\/abstreifleisten-fuer-maxi-pflug-8800\/?lang=de","og_locale":"de_DE","og_type":"article","og_title":"ABSTREIFLEISTEN F\u00dcR MAXI PFLUG 8800 - Vendig.se","og_description":"ABSTREIFLEISTEN F\u00dcR MAXI PFLUG 8800 &amp; 8800-VF Abstreifleisten f\u00fcr 8800 und 8800-VF.","og_url":"https:\/\/vendig.se\/produkt\/abstreifleisten-fuer-maxi-pflug-8800\/?lang=de","og_site_name":"Vendig.se","article_modified_time":"2026-04-19T04:11:26+00:00","og_image":[{"width":530,"height":530,"url":"https:\/\/vendig.se\/wp-content\/uploads\/2024\/04\/woocommerce-placeholder-530x530-6.png","type":"image\/png"}],"twitter_card":"summary_large_image","schema":{"@context":"https:\/\/schema.org","@graph":[{"@type":"WebPage","@id":"https:\/\/vendig.se\/produkt\/abstreifleisten-fuer-maxi-pflug-8800\/?lang=de","url":"https:\/\/vendig.se\/produkt\/abstreifleisten-fuer-maxi-pflug-8800\/?lang=de","name":"ABSTREIFLEISTEN F\u00dcR MAXI PFLUG 8800 - Vendig.se","isPartOf":{"@id":"https:\/\/vendig.se\/#website"},"primaryImageOfPage":{"@id":"https:\/\/vendig.se\/produkt\/abstreifleisten-fuer-maxi-pflug-8800\/?lang=de#primaryimage"},"image":{"@id":"https:\/\/vendig.se\/produkt\/abstreifleisten-fuer-maxi-pflug-8800\/?lang=de#primaryimage"},"thumbnailUrl":"https:\/\/vendig.se\/wp-content\/uploads\/2026\/04\/205.avif","datePublished":"2022-11-17T08:46:17+00:00","dateModified":"2026-04-19T04:11:26+00:00","breadcrumb":{"@id":"https:\/\/vendig.se\/produkt\/abstreifleisten-fuer-maxi-pflug-8800\/?lang=de#breadcrumb"},"inLanguage":"de","potentialAction":[{"@type":"ReadAction","target":["https:\/\/vendig.se\/produkt\/abstreifleisten-fuer-maxi-pflug-8800\/?lang=de"]}]},{"@type":"ImageObject","inLanguage":"de","@id":"https:\/\/vendig.se\/produkt\/abstreifleisten-fuer-maxi-pflug-8800\/?lang=de#primaryimage","url":"https:\/\/vendig.se\/wp-content\/uploads\/2026\/04\/205.avif","contentUrl":"https:\/\/vendig.se\/wp-content\/uploads\/2026\/04\/205.avif","width":750,"height":462},{"@type":"BreadcrumbList","@id":"https:\/\/vendig.se\/produkt\/abstreifleisten-fuer-maxi-pflug-8800\/?lang=de#breadcrumb","itemListElement":[{"@type":"ListItem","position":1,"name":"Home","item":"https:\/\/vendig.se\/de\/"},{"@type":"ListItem","position":2,"name":"Produkte","item":"https:\/\/vendig.se\/laden\/?lang=de"},{"@type":"ListItem","position":3,"name":"ABSTREIFLEISTEN F\u00dcR MAXI PFLUG 8800"}]},{"@type":"WebSite","@id":"https:\/\/vendig.se\/#website","url":"https:\/\/vendig.se\/","name":"Vendig.se","description":"VENDIG LEVERERAR TRANSPORT\u00d6RKOMPONENTER!","publisher":{"@id":"https:\/\/vendig.se\/#organization"},"potentialAction":[{"@type":"SearchAction","target":{"@type":"EntryPoint","urlTemplate":"https:\/\/vendig.se\/?s={search_term_string}"},"query-input":{"@type":"PropertyValueSpecification","valueRequired":true,"valueName":"search_term_string"}}],"inLanguage":"de"},{"@type":"Organization","@id":"https:\/\/vendig.se\/#organization","name":"Vendig.se","url":"https:\/\/vendig.se\/","logo":{"@type":"ImageObject","inLanguage":"de","@id":"https:\/\/vendig.se\/#\/schema\/logo\/image\/","url":"https:\/\/vendig.se\/wp-content\/uploads\/2021\/09\/cropped-cropped-logo-4.png","contentUrl":"https:\/\/vendig.se\/wp-content\/uploads\/2021\/09\/cropped-cropped-logo-4.png","width":479,"height":69,"caption":"Vendig.se"},"image":{"@id":"https:\/\/vendig.se\/#\/schema\/logo\/image\/"}}]}},"uagb_featured_image_src":{"full":["https:\/\/vendig.se\/wp-content\/uploads\/2026\/04\/205.avif",750,462,false],"thumbnail":["https:\/\/vendig.se\/wp-content\/uploads\/2026\/04\/205-150x150.avif",150,150,true],"medium":["https:\/\/vendig.se\/wp-content\/uploads\/2026\/04\/205-300x185.avif",300,185,true],"medium_large":["https:\/\/vendig.se\/wp-content\/uploads\/2026\/04\/205.avif",750,462,false],"large":["https:\/\/vendig.se\/wp-content\/uploads\/2026\/04\/205.avif",750,462,false],"1536x1536":["https:\/\/vendig.se\/wp-content\/uploads\/2026\/04\/205.avif",750,462,false],"2048x2048":["https:\/\/vendig.se\/wp-content\/uploads\/2026\/04\/205.avif",750,462,false],"gb-block-post-grid-landscape":["https:\/\/vendig.se\/wp-content\/uploads\/2026\/04\/205-600x400.avif",600,400,true],"gb-block-post-grid-square":["https:\/\/vendig.se\/wp-content\/uploads\/2026\/04\/205-600x462.avif",600,462,true],"woocommerce_thumbnail":["https:\/\/vendig.se\/wp-content\/uploads\/2026\/04\/205-530x326.avif",530,326,true],"woocommerce_single":["https:\/\/vendig.se\/wp-content\/uploads\/2026\/04\/205-720x444.avif",720,444,true],"woocommerce_gallery_thumbnail":["https:\/\/vendig.se\/wp-content\/uploads\/2026\/04\/205-100x100.avif",100,100,true],"dgwt-wcas-product-suggestion":["https:\/\/vendig.se\/wp-content\/uploads\/2026\/04\/205-64x39.avif",64,39,true]},"uagb_author_info":{"display_name":"itstodvendig","author_link":"https:\/\/vendig.se\/de\/author\/"},"uagb_comment_info":0,"uagb_excerpt":"ABSTREIFLEISTEN F\u00dcR MAXI PFLUG 8800 &amp; 8800-VF Abstreifleisten f\u00fcr 8800 und 8800-VF.","_links":{"self":[{"href":"https:\/\/vendig.se\/de\/wp-json\/wp\/v2\/product\/190238","targetHints":{"allow":["GET"]}}],"collection":[{"href":"https:\/\/vendig.se\/de\/wp-json\/wp\/v2\/product"}],"about":[{"href":"https:\/\/vendig.se\/de\/wp-json\/wp\/v2\/types\/product"}],"wp:featuredmedia":[{"embeddable":true,"href":"https:\/\/vendig.se\/de\/wp-json\/wp\/v2\/media\/199852"}],"wp:attachment":[{"href":"https:\/\/vendig.se\/de\/wp-json\/wp\/v2\/media?parent=190238"}],"wp:term":[{"taxonomy":"product_brand","embeddable":true,"href":"https:\/\/vendig.se\/de\/wp-json\/wp\/v2\/product_brand?post=190238"},{"taxonomy":"product_cat","embeddable":true,"href":"https:\/\/vendig.se\/de\/wp-json\/wp\/v2\/product_cat?post=190238"},{"taxonomy":"product_tag","embeddable":true,"href":"https:\/\/vendig.se\/de\/wp-json\/wp\/v2\/product_tag?post=190238"}],"curies":[{"name":"wp","href":"https:\/\/api.w.org\/{rel}","templated":true}]}}