{"id":190326,"date":"2022-11-12T07:36:41","date_gmt":"2022-11-12T05:36:41","guid":{"rendered":"https:\/\/vendig.se\/seitenfuehurungsrollen-o76-x-130-180-mm-efz\/"},"modified":"2026-04-05T06:14:45","modified_gmt":"2026-04-05T04:14:45","slug":"seitenfuehurungsrollen-o76-x-130-180-mm-efz","status":"publish","type":"product","link":"https:\/\/vendig.se\/de\/produkt\/seitenfuehurungsrollen-o76-x-130-180-mm-efz\/","title":{"rendered":"SEITENF\u00dcHURUNGSROLLEN \u00f876 x 130\/180 mm EFZ"},"content":{"rendered":"<p>2 muttrar och tv\u00e5 brickor\/rulle ing\u00e5r i priset fr\u00e5n Rulmeca.<br \/>\nInp\u00e5slaget t\u00e4cker, hanterig och utlejd mutterp\u00e5skuvning 3kr\/ rulle. Frakten \u00e4r inr\u00e4knad i inp\u00e5slaget. prish\u00f6jning oktober 06<\/p>\n","protected":false},"excerpt":{"rendered":"<p>2 muttrar och tv\u00e5 brickor\/rulle ing\u00e5r i priset fr\u00e5n Rulmeca. Inp\u00e5slaget t\u00e4cker, hanterig och utlejd mutterp\u00e5skuvning 3kr\/ rulle. Frakten \u00e4r&#8230;<\/p>\n","protected":false},"featured_media":0,"template":"","meta":{"_acf_changed":false,"_uag_custom_page_level_css":"","_themeisle_gutenberg_block_has_review":false},"product_brand":[],"product_cat":[773],"product_tag":[],"class_list":{"0":"post-190326","1":"product","2":"type-product","3":"status-publish","5":"product_cat-bandfuhrung","7":"first","8":"instock","9":"taxable","10":"shipping-taxable","11":"purchasable","12":"product-type-simple"},"acf":{"itstod_erp_ignore_discount":false},"yoast_head":"<!-- This site is optimized with the Yoast SEO plugin v27.0 - https:\/\/yoast.com\/product\/yoast-seo-wordpress\/ -->\n<title>SEITENF\u00dcHURUNGSROLLEN \u00f876 x 130\/180 mm EFZ - Vendig.se<\/title>\n<meta name=\"robots\" content=\"index, follow, max-snippet:-1, max-image-preview:large, max-video-preview:-1\" \/>\n<link rel=\"canonical\" href=\"https:\/\/vendig.se\/produkt\/seitenfuehurungsrollen-o76-x-130-180-mm-efz\/?lang=de\" \/>\n<meta property=\"og:locale\" content=\"de_DE\" \/>\n<meta property=\"og:type\" content=\"article\" \/>\n<meta property=\"og:title\" content=\"SEITENF\u00dcHURUNGSROLLEN \u00f876 x 130\/180 mm EFZ - Vendig.se\" \/>\n<meta property=\"og:description\" content=\"2 muttrar och tv\u00e5 brickor\/rulle ing\u00e5r i priset fr\u00e5n Rulmeca. Inp\u00e5slaget t\u00e4cker, hanterig och utlejd mutterp\u00e5skuvning 3kr\/ rulle. Frakten \u00e4r...\" \/>\n<meta property=\"og:url\" content=\"https:\/\/vendig.se\/produkt\/seitenfuehurungsrollen-o76-x-130-180-mm-efz\/?lang=de\" \/>\n<meta property=\"og:site_name\" content=\"Vendig.se\" \/>\n<meta property=\"article:modified_time\" content=\"2026-04-05T04:14:45+00:00\" \/>\n<meta name=\"twitter:card\" content=\"summary_large_image\" \/>\n<!-- \/ Yoast SEO plugin. -->","yoast_head_json":{"title":"SEITENF\u00dcHURUNGSROLLEN \u00f876 x 130\/180 mm EFZ - Vendig.se","robots":{"index":"index","follow":"follow","max-snippet":"max-snippet:-1","max-image-preview":"max-image-preview:large","max-video-preview":"max-video-preview:-1"},"canonical":"https:\/\/vendig.se\/produkt\/seitenfuehurungsrollen-o76-x-130-180-mm-efz\/?lang=de","og_locale":"de_DE","og_type":"article","og_title":"SEITENF\u00dcHURUNGSROLLEN \u00f876 x 130\/180 mm EFZ - Vendig.se","og_description":"2 muttrar och tv\u00e5 brickor\/rulle ing\u00e5r i priset fr\u00e5n Rulmeca. Inp\u00e5slaget t\u00e4cker, hanterig och utlejd mutterp\u00e5skuvning 3kr\/ rulle. Frakten \u00e4r...","og_url":"https:\/\/vendig.se\/produkt\/seitenfuehurungsrollen-o76-x-130-180-mm-efz\/?lang=de","og_site_name":"Vendig.se","article_modified_time":"2026-04-05T04:14:45+00:00","twitter_card":"summary_large_image","schema":{"@context":"https:\/\/schema.org","@graph":[{"@type":"WebPage","@id":"https:\/\/vendig.se\/produkt\/seitenfuehurungsrollen-o76-x-130-180-mm-efz\/?lang=de","url":"https:\/\/vendig.se\/produkt\/seitenfuehurungsrollen-o76-x-130-180-mm-efz\/?lang=de","name":"SEITENF\u00dcHURUNGSROLLEN \u00f876 x 130\/180 mm EFZ - Vendig.se","isPartOf":{"@id":"https:\/\/vendig.se\/#website"},"datePublished":"2022-11-12T05:36:41+00:00","dateModified":"2026-04-05T04:14:45+00:00","breadcrumb":{"@id":"https:\/\/vendig.se\/produkt\/seitenfuehurungsrollen-o76-x-130-180-mm-efz\/?lang=de#breadcrumb"},"inLanguage":"de","potentialAction":[{"@type":"ReadAction","target":["https:\/\/vendig.se\/produkt\/seitenfuehurungsrollen-o76-x-130-180-mm-efz\/?lang=de"]}]},{"@type":"BreadcrumbList","@id":"https:\/\/vendig.se\/produkt\/seitenfuehurungsrollen-o76-x-130-180-mm-efz\/?lang=de#breadcrumb","itemListElement":[{"@type":"ListItem","position":1,"name":"Home","item":"https:\/\/vendig.se\/de\/"},{"@type":"ListItem","position":2,"name":"Produkte","item":"https:\/\/vendig.se\/laden\/?lang=de"},{"@type":"ListItem","position":3,"name":"SEITENF\u00dcHURUNGSROLLEN \u00f876 x 130\/180 mm EFZ"}]},{"@type":"WebSite","@id":"https:\/\/vendig.se\/#website","url":"https:\/\/vendig.se\/","name":"Vendig.se","description":"VENDIG LEVERERAR TRANSPORT\u00d6RKOMPONENTER!","publisher":{"@id":"https:\/\/vendig.se\/#organization"},"potentialAction":[{"@type":"SearchAction","target":{"@type":"EntryPoint","urlTemplate":"https:\/\/vendig.se\/?s={search_term_string}"},"query-input":{"@type":"PropertyValueSpecification","valueRequired":true,"valueName":"search_term_string"}}],"inLanguage":"de"},{"@type":"Organization","@id":"https:\/\/vendig.se\/#organization","name":"Vendig.se","url":"https:\/\/vendig.se\/","logo":{"@type":"ImageObject","inLanguage":"de","@id":"https:\/\/vendig.se\/#\/schema\/logo\/image\/","url":"https:\/\/vendig.se\/wp-content\/uploads\/2021\/09\/cropped-cropped-logo-4.png","contentUrl":"https:\/\/vendig.se\/wp-content\/uploads\/2021\/09\/cropped-cropped-logo-4.png","width":479,"height":69,"caption":"Vendig.se"},"image":{"@id":"https:\/\/vendig.se\/#\/schema\/logo\/image\/"}}]}},"uagb_featured_image_src":{"full":false,"thumbnail":false,"medium":false,"medium_large":false,"large":false,"1536x1536":false,"2048x2048":false,"gb-block-post-grid-landscape":false,"gb-block-post-grid-square":false,"woocommerce_thumbnail":false,"woocommerce_single":false,"woocommerce_gallery_thumbnail":false,"dgwt-wcas-product-suggestion":false},"uagb_author_info":{"display_name":"itstodvendig","author_link":"https:\/\/vendig.se\/de\/author\/"},"uagb_comment_info":0,"uagb_excerpt":"2 muttrar och tv\u00e5 brickor\/rulle ing\u00e5r i priset fr\u00e5n Rulmeca. Inp\u00e5slaget t\u00e4cker, hanterig och utlejd mutterp\u00e5skuvning 3kr\/ rulle. Frakten \u00e4r...","_links":{"self":[{"href":"https:\/\/vendig.se\/de\/wp-json\/wp\/v2\/product\/190326","targetHints":{"allow":["GET"]}}],"collection":[{"href":"https:\/\/vendig.se\/de\/wp-json\/wp\/v2\/product"}],"about":[{"href":"https:\/\/vendig.se\/de\/wp-json\/wp\/v2\/types\/product"}],"wp:attachment":[{"href":"https:\/\/vendig.se\/de\/wp-json\/wp\/v2\/media?parent=190326"}],"wp:term":[{"taxonomy":"product_brand","embeddable":true,"href":"https:\/\/vendig.se\/de\/wp-json\/wp\/v2\/product_brand?post=190326"},{"taxonomy":"product_cat","embeddable":true,"href":"https:\/\/vendig.se\/de\/wp-json\/wp\/v2\/product_cat?post=190326"},{"taxonomy":"product_tag","embeddable":true,"href":"https:\/\/vendig.se\/de\/wp-json\/wp\/v2\/product_tag?post=190326"}],"curies":[{"name":"wp","href":"https:\/\/api.w.org\/{rel}","templated":true}]}}