{"id":190395,"date":"2022-05-31T17:16:14","date_gmt":"2022-05-31T15:16:14","guid":{"rendered":"https:\/\/vendig.se\/umlenkrollen-eingreifschutz-3600\/"},"modified":"2026-04-19T06:20:23","modified_gmt":"2026-04-19T04:20:23","slug":"umlenkrollen-eingreifschutz-3600","status":"publish","type":"product","link":"https:\/\/vendig.se\/de\/produkt\/umlenkrollen-eingreifschutz-3600\/","title":{"rendered":"UMLENKROLLEN-EINGREIFSCHUTZ 3600"},"content":{"rendered":"<h2>Ein Umlenkrollen-Eingreifschutz <\/h2>\n<h3>\u2013 Passend f\u00fcr die meisten, \u00fcblichen Umlenkrollen.<\/h3>\n<p>  Ein schlichter und einfach zu montierender Eingreifschutz, der sich unkompliziert an eine Gro\u00dfzahl von Transportb\u00e4ndern und Umlenkrollen mit Breiten von 500 \u2013 1400 mm und Installationsbreiten von 540-1810mm anpassen l\u00e4sst. Er ist einsetzbar f\u00fcr Umlenkrollen mit einem Durchmesser von bis zu 133mm.    Er wurde im Einklang zur Maschinenrichtlinie 2006\/42\/EG, Sicherheitsaustattung f\u00fcr F\u00f6rderbandanlagen EN-620 &amp; EN-618 und ISO 13857, entwickelt. Als Sicherheits-Bauteil wurde Vendigs Umlenkrollen-Eingreifschutz mit CE-Standard ausgezeichnet. Der Eingreifschutz hindert Teile von Umlenkrollen, die wegen Verschlei\u00df oder Frost gebrochen sind, herabzufallen, verhindert aber auch das Einklemmen auf der innen laufenden Seite und blockiert rundum den Zugang zur Einklemm-Gefahrenzone zwischen Band und Umlenkrolle.    Die \u00d6ffnung wurden entsprechend der Norm konzipiert und erm\u00f6glicht r\u00fccklaufendem Material durchzufallen und sich nicht im K\u00e4fig anzusammeln. Wenn der Eingreifschutz ge\u00f6ffnet werden muss, l\u00f6sen Sie einfach zwei Schrauben, so l\u00e4sst sich der K\u00e4fig aufschwingen, der an zwei Seiten in Scharnieren h\u00e4ngt.    Der robuste Rahmen wird aus galvanisiertem Stahl gefertigt und kommt mit Montage-Kit, in dem U-Bolzen f\u00fcr die Montage am F\u00f6rderband-Rahmen enthalten sind. Kein Bohren oder Schwei\u00dfen wird ben\u00f6tigt. Die CE-Markierung wird mitgeliefert, so dass Sie Ihre F\u00f6rderband-Dokumente einfach aktualisieren k\u00f6nnen.<\/p>\n","protected":false},"excerpt":{"rendered":"<p>Ein Umlenkrollen-Eingreifschutz \u2013 Passend f\u00fcr die meisten, \u00fcblichen Umlenkrollen. Ein schlichter und einfach zu montierender Eingreifschutz, der sich unkompliziert an&#8230;<\/p>\n","protected":false},"featured_media":189537,"template":"","meta":{"_acf_changed":false,"_uag_custom_page_level_css":"","_themeisle_gutenberg_block_has_review":false},"product_brand":[],"product_cat":[826],"product_tag":[],"class_list":{"0":"post-190395","1":"product","2":"type-product","3":"status-publish","4":"has-post-thumbnail","6":"product_cat-eingreifschutz","8":"first","9":"instock","10":"taxable","11":"shipping-taxable","12":"purchasable","13":"product-type-variable"},"acf":{"itstod_erp_ignore_discount":false},"yoast_head":"<!-- This site is optimized with the Yoast SEO plugin v27.0 - https:\/\/yoast.com\/product\/yoast-seo-wordpress\/ -->\n<title>UMLENKROLLEN-EINGREIFSCHUTZ 3600 - Vendig.se<\/title>\n<meta name=\"robots\" content=\"index, follow, max-snippet:-1, max-image-preview:large, max-video-preview:-1\" \/>\n<link rel=\"canonical\" href=\"https:\/\/vendig.se\/produkt\/umlenkrollen-eingreifschutz-3600\/?lang=de\" \/>\n<meta property=\"og:locale\" content=\"de_DE\" \/>\n<meta property=\"og:type\" content=\"article\" \/>\n<meta property=\"og:title\" content=\"UMLENKROLLEN-EINGREIFSCHUTZ 3600 - Vendig.se\" \/>\n<meta property=\"og:description\" content=\"Ein Umlenkrollen-Eingreifschutz \u2013 Passend f\u00fcr die meisten, \u00fcblichen Umlenkrollen. Ein schlichter und einfach zu montierender Eingreifschutz, der sich unkompliziert an...\" \/>\n<meta property=\"og:url\" content=\"https:\/\/vendig.se\/produkt\/umlenkrollen-eingreifschutz-3600\/?lang=de\" \/>\n<meta property=\"og:site_name\" content=\"Vendig.se\" \/>\n<meta property=\"article:modified_time\" content=\"2026-04-19T04:20:23+00:00\" \/>\n<meta property=\"og:image\" content=\"https:\/\/vendig.se\/wp-content\/uploads\/2024\/02\/3600.webp\" \/>\n\t<meta property=\"og:image:width\" content=\"750\" \/>\n\t<meta property=\"og:image:height\" content=\"462\" \/>\n\t<meta property=\"og:image:type\" content=\"image\/webp\" \/>\n<meta name=\"twitter:card\" content=\"summary_large_image\" \/>\n<meta name=\"twitter:label1\" content=\"Gesch\u00e4tzte Lesezeit\" \/>\n\t<meta name=\"twitter:data1\" content=\"1\u00a0Minute\" \/>\n<!-- \/ Yoast SEO plugin. -->","yoast_head_json":{"title":"UMLENKROLLEN-EINGREIFSCHUTZ 3600 - Vendig.se","robots":{"index":"index","follow":"follow","max-snippet":"max-snippet:-1","max-image-preview":"max-image-preview:large","max-video-preview":"max-video-preview:-1"},"canonical":"https:\/\/vendig.se\/produkt\/umlenkrollen-eingreifschutz-3600\/?lang=de","og_locale":"de_DE","og_type":"article","og_title":"UMLENKROLLEN-EINGREIFSCHUTZ 3600 - Vendig.se","og_description":"Ein Umlenkrollen-Eingreifschutz \u2013 Passend f\u00fcr die meisten, \u00fcblichen Umlenkrollen. Ein schlichter und einfach zu montierender Eingreifschutz, der sich unkompliziert an...","og_url":"https:\/\/vendig.se\/produkt\/umlenkrollen-eingreifschutz-3600\/?lang=de","og_site_name":"Vendig.se","article_modified_time":"2026-04-19T04:20:23+00:00","og_image":[{"width":750,"height":462,"url":"https:\/\/vendig.se\/wp-content\/uploads\/2024\/02\/3600.webp","type":"image\/webp"}],"twitter_card":"summary_large_image","twitter_misc":{"Gesch\u00e4tzte Lesezeit":"1\u00a0Minute"},"schema":{"@context":"https:\/\/schema.org","@graph":[{"@type":"WebPage","@id":"https:\/\/vendig.se\/produkt\/umlenkrollen-eingreifschutz-3600\/?lang=de","url":"https:\/\/vendig.se\/produkt\/umlenkrollen-eingreifschutz-3600\/?lang=de","name":"UMLENKROLLEN-EINGREIFSCHUTZ 3600 - Vendig.se","isPartOf":{"@id":"https:\/\/vendig.se\/#website"},"primaryImageOfPage":{"@id":"https:\/\/vendig.se\/produkt\/umlenkrollen-eingreifschutz-3600\/?lang=de#primaryimage"},"image":{"@id":"https:\/\/vendig.se\/produkt\/umlenkrollen-eingreifschutz-3600\/?lang=de#primaryimage"},"thumbnailUrl":"https:\/\/vendig.se\/wp-content\/uploads\/2024\/02\/3600.webp","datePublished":"2022-05-31T15:16:14+00:00","dateModified":"2026-04-19T04:20:23+00:00","breadcrumb":{"@id":"https:\/\/vendig.se\/produkt\/umlenkrollen-eingreifschutz-3600\/?lang=de#breadcrumb"},"inLanguage":"de","potentialAction":[{"@type":"ReadAction","target":["https:\/\/vendig.se\/produkt\/umlenkrollen-eingreifschutz-3600\/?lang=de"]}]},{"@type":"ImageObject","inLanguage":"de","@id":"https:\/\/vendig.se\/produkt\/umlenkrollen-eingreifschutz-3600\/?lang=de#primaryimage","url":"https:\/\/vendig.se\/wp-content\/uploads\/2024\/02\/3600.webp","contentUrl":"https:\/\/vendig.se\/wp-content\/uploads\/2024\/02\/3600.webp","width":750,"height":462},{"@type":"BreadcrumbList","@id":"https:\/\/vendig.se\/produkt\/umlenkrollen-eingreifschutz-3600\/?lang=de#breadcrumb","itemListElement":[{"@type":"ListItem","position":1,"name":"Home","item":"https:\/\/vendig.se\/de\/"},{"@type":"ListItem","position":2,"name":"Produkte","item":"https:\/\/vendig.se\/laden\/?lang=de"},{"@type":"ListItem","position":3,"name":"UMLENKROLLEN-EINGREIFSCHUTZ 3600"}]},{"@type":"WebSite","@id":"https:\/\/vendig.se\/#website","url":"https:\/\/vendig.se\/","name":"Vendig.se","description":"VENDIG LEVERERAR TRANSPORT\u00d6RKOMPONENTER!","publisher":{"@id":"https:\/\/vendig.se\/#organization"},"potentialAction":[{"@type":"SearchAction","target":{"@type":"EntryPoint","urlTemplate":"https:\/\/vendig.se\/?s={search_term_string}"},"query-input":{"@type":"PropertyValueSpecification","valueRequired":true,"valueName":"search_term_string"}}],"inLanguage":"de"},{"@type":"Organization","@id":"https:\/\/vendig.se\/#organization","name":"Vendig.se","url":"https:\/\/vendig.se\/","logo":{"@type":"ImageObject","inLanguage":"de","@id":"https:\/\/vendig.se\/#\/schema\/logo\/image\/","url":"https:\/\/vendig.se\/wp-content\/uploads\/2021\/09\/cropped-cropped-logo-4.png","contentUrl":"https:\/\/vendig.se\/wp-content\/uploads\/2021\/09\/cropped-cropped-logo-4.png","width":479,"height":69,"caption":"Vendig.se"},"image":{"@id":"https:\/\/vendig.se\/#\/schema\/logo\/image\/"}}]}},"uagb_featured_image_src":{"full":["https:\/\/vendig.se\/wp-content\/uploads\/2024\/02\/3600.webp",750,462,false],"thumbnail":["https:\/\/vendig.se\/wp-content\/uploads\/2024\/02\/3600-150x150.webp",150,150,true],"medium":["https:\/\/vendig.se\/wp-content\/uploads\/2024\/02\/3600-300x185.webp",300,185,true],"medium_large":["https:\/\/vendig.se\/wp-content\/uploads\/2024\/02\/3600.webp",750,462,false],"large":["https:\/\/vendig.se\/wp-content\/uploads\/2024\/02\/3600.webp",750,462,false],"1536x1536":["https:\/\/vendig.se\/wp-content\/uploads\/2024\/02\/3600.webp",750,462,false],"2048x2048":["https:\/\/vendig.se\/wp-content\/uploads\/2024\/02\/3600.webp",750,462,false],"gb-block-post-grid-landscape":["https:\/\/vendig.se\/wp-content\/uploads\/2024\/02\/3600-600x400.webp",600,400,true],"gb-block-post-grid-square":["https:\/\/vendig.se\/wp-content\/uploads\/2024\/02\/3600-600x462.webp",600,462,true],"woocommerce_thumbnail":["https:\/\/vendig.se\/wp-content\/uploads\/2024\/02\/3600-530x326.webp",530,326,true],"woocommerce_single":["https:\/\/vendig.se\/wp-content\/uploads\/2024\/02\/3600-720x444.webp",720,444,true],"woocommerce_gallery_thumbnail":["https:\/\/vendig.se\/wp-content\/uploads\/2024\/02\/3600-100x100.webp",100,100,true],"dgwt-wcas-product-suggestion":["https:\/\/vendig.se\/wp-content\/uploads\/2024\/02\/3600-64x39.webp",64,39,true]},"uagb_author_info":{"display_name":"itstodvendig","author_link":"https:\/\/vendig.se\/de\/author\/"},"uagb_comment_info":0,"uagb_excerpt":"Ein Umlenkrollen-Eingreifschutz \u2013 Passend f\u00fcr die meisten, \u00fcblichen Umlenkrollen. Ein schlichter und einfach zu montierender Eingreifschutz, der sich unkompliziert an...","_links":{"self":[{"href":"https:\/\/vendig.se\/de\/wp-json\/wp\/v2\/product\/190395","targetHints":{"allow":["GET"]}}],"collection":[{"href":"https:\/\/vendig.se\/de\/wp-json\/wp\/v2\/product"}],"about":[{"href":"https:\/\/vendig.se\/de\/wp-json\/wp\/v2\/types\/product"}],"wp:featuredmedia":[{"embeddable":true,"href":"https:\/\/vendig.se\/de\/wp-json\/wp\/v2\/media\/189537"}],"wp:attachment":[{"href":"https:\/\/vendig.se\/de\/wp-json\/wp\/v2\/media?parent=190395"}],"wp:term":[{"taxonomy":"product_brand","embeddable":true,"href":"https:\/\/vendig.se\/de\/wp-json\/wp\/v2\/product_brand?post=190395"},{"taxonomy":"product_cat","embeddable":true,"href":"https:\/\/vendig.se\/de\/wp-json\/wp\/v2\/product_cat?post=190395"},{"taxonomy":"product_tag","embeddable":true,"href":"https:\/\/vendig.se\/de\/wp-json\/wp\/v2\/product_tag?post=190395"}],"curies":[{"name":"wp","href":"https:\/\/api.w.org\/{rel}","templated":true}]}}