{"id":190592,"date":"2021-10-06T08:38:46","date_gmt":"2021-10-06T06:38:46","guid":{"rendered":"https:\/\/vendig.se\/rasmus-vorabstreifer-8300\/"},"modified":"2026-04-19T06:40:52","modified_gmt":"2026-04-19T04:40:52","slug":"rasmus-vorabstreifer-8300","status":"publish","type":"product","link":"https:\/\/vendig.se\/de\/produkt\/rasmus-vorabstreifer-8300\/","title":{"rendered":"RASMUS VORABSTREIFER  8300"},"content":{"rendered":"<h2>Rasmus\u00ae vorabstreifer mit polyurethanleiste<\/h2>\n<h3>\u2013 Effektiv und einfach.<\/h3>\n<p>  Der Rasmus Vorabstreifer 8300 erf\u00fcllt unser Ziel, einfache, effektive Abstreifer herzustellen, in besonderem Ma\u00df. Die Befestigung der Abstreifklinge am Tr\u00e4ger ist so gestaltet, dass die Klinge beim Auswechseln oder f\u00fcr die Reinigung leicht (ohne Werkzeug) abgenommen werden kann. Ersatzteilleisten haben wir f\u00fcr alle Bandbreiten auf Lager.    Unser einzigartiger Federhebelarm sorgt daf\u00fcr, dass der richtige Druck auf das Band aufrechterhalten wird, was den Service vereinfacht und den Wartungsbedarf verringert.    Der Vorabstreifer wird an der F\u00f6rderrolle angebracht, direkt unter dem Materialfluss.    F\u00fcr Antriebsrollen mit \u00d8 220-400mm empfohlen.<\/p>\n","protected":false},"excerpt":{"rendered":"<p>Rasmus\u00ae vorabstreifer mit polyurethanleiste \u2013 Effektiv und einfach. Der Rasmus Vorabstreifer 8300 erf\u00fcllt unser Ziel, einfache, effektive Abstreifer herzustellen, in&#8230;<\/p>\n","protected":false},"featured_media":199038,"template":"","meta":{"_acf_changed":false,"_uag_custom_page_level_css":"","_themeisle_gutenberg_block_has_review":false},"product_brand":[],"product_cat":[769,275],"product_tag":[],"class_list":{"0":"post-190592","1":"product","2":"type-product","3":"status-publish","4":"has-post-thumbnail","6":"product_cat-vorabstreifer","7":"product_cat-bandafskrapen","9":"first","10":"instock","11":"taxable","12":"shipping-taxable","13":"purchasable","14":"product-type-variable"},"acf":{"itstod_erp_ignore_discount":false},"yoast_head":"<!-- This site is optimized with the Yoast SEO plugin v27.0 - https:\/\/yoast.com\/product\/yoast-seo-wordpress\/ -->\n<title>RASMUS VORABSTREIFER 8300 - Vendig.se<\/title>\n<meta name=\"robots\" content=\"index, follow, max-snippet:-1, max-image-preview:large, max-video-preview:-1\" \/>\n<link rel=\"canonical\" href=\"https:\/\/vendig.se\/produkt\/rasmus-vorabstreifer-8300\/?lang=de\" \/>\n<meta property=\"og:locale\" content=\"de_DE\" \/>\n<meta property=\"og:type\" content=\"article\" \/>\n<meta property=\"og:title\" content=\"RASMUS VORABSTREIFER 8300 - Vendig.se\" \/>\n<meta property=\"og:description\" content=\"Rasmus\u00ae vorabstreifer mit polyurethanleiste \u2013 Effektiv und einfach. Der Rasmus Vorabstreifer 8300 erf\u00fcllt unser Ziel, einfache, effektive Abstreifer herzustellen, in...\" \/>\n<meta property=\"og:url\" content=\"https:\/\/vendig.se\/produkt\/rasmus-vorabstreifer-8300\/?lang=de\" \/>\n<meta property=\"og:site_name\" content=\"Vendig.se\" \/>\n<meta property=\"article:modified_time\" content=\"2026-04-19T04:40:52+00:00\" \/>\n<meta property=\"og:image\" content=\"https:\/\/vendig.se\/wp-content\/uploads\/2024\/02\/8300.webp\" \/>\n\t<meta property=\"og:image:width\" content=\"750\" \/>\n\t<meta property=\"og:image:height\" content=\"462\" \/>\n\t<meta property=\"og:image:type\" content=\"image\/webp\" \/>\n<meta name=\"twitter:card\" content=\"summary_large_image\" \/>\n<!-- \/ Yoast SEO plugin. -->","yoast_head_json":{"title":"RASMUS VORABSTREIFER 8300 - Vendig.se","robots":{"index":"index","follow":"follow","max-snippet":"max-snippet:-1","max-image-preview":"max-image-preview:large","max-video-preview":"max-video-preview:-1"},"canonical":"https:\/\/vendig.se\/produkt\/rasmus-vorabstreifer-8300\/?lang=de","og_locale":"de_DE","og_type":"article","og_title":"RASMUS VORABSTREIFER 8300 - Vendig.se","og_description":"Rasmus\u00ae vorabstreifer mit polyurethanleiste \u2013 Effektiv und einfach. Der Rasmus Vorabstreifer 8300 erf\u00fcllt unser Ziel, einfache, effektive Abstreifer herzustellen, in...","og_url":"https:\/\/vendig.se\/produkt\/rasmus-vorabstreifer-8300\/?lang=de","og_site_name":"Vendig.se","article_modified_time":"2026-04-19T04:40:52+00:00","og_image":[{"width":750,"height":462,"url":"https:\/\/vendig.se\/wp-content\/uploads\/2024\/02\/8300.webp","type":"image\/webp"}],"twitter_card":"summary_large_image","schema":{"@context":"https:\/\/schema.org","@graph":[{"@type":"WebPage","@id":"https:\/\/vendig.se\/produkt\/rasmus-vorabstreifer-8300\/?lang=de","url":"https:\/\/vendig.se\/produkt\/rasmus-vorabstreifer-8300\/?lang=de","name":"RASMUS VORABSTREIFER 8300 - Vendig.se","isPartOf":{"@id":"https:\/\/vendig.se\/#website"},"primaryImageOfPage":{"@id":"https:\/\/vendig.se\/produkt\/rasmus-vorabstreifer-8300\/?lang=de#primaryimage"},"image":{"@id":"https:\/\/vendig.se\/produkt\/rasmus-vorabstreifer-8300\/?lang=de#primaryimage"},"thumbnailUrl":"https:\/\/vendig.se\/wp-content\/uploads\/2024\/02\/8300.webp","datePublished":"2021-10-06T06:38:46+00:00","dateModified":"2026-04-19T04:40:52+00:00","breadcrumb":{"@id":"https:\/\/vendig.se\/produkt\/rasmus-vorabstreifer-8300\/?lang=de#breadcrumb"},"inLanguage":"de","potentialAction":[{"@type":"ReadAction","target":["https:\/\/vendig.se\/produkt\/rasmus-vorabstreifer-8300\/?lang=de"]}]},{"@type":"ImageObject","inLanguage":"de","@id":"https:\/\/vendig.se\/produkt\/rasmus-vorabstreifer-8300\/?lang=de#primaryimage","url":"https:\/\/vendig.se\/wp-content\/uploads\/2024\/02\/8300.webp","contentUrl":"https:\/\/vendig.se\/wp-content\/uploads\/2024\/02\/8300.webp","width":750,"height":462},{"@type":"BreadcrumbList","@id":"https:\/\/vendig.se\/produkt\/rasmus-vorabstreifer-8300\/?lang=de#breadcrumb","itemListElement":[{"@type":"ListItem","position":1,"name":"Home","item":"https:\/\/vendig.se\/de\/"},{"@type":"ListItem","position":2,"name":"Produkte","item":"https:\/\/vendig.se\/laden\/?lang=de"},{"@type":"ListItem","position":3,"name":"RASMUS VORABSTREIFER 8300"}]},{"@type":"WebSite","@id":"https:\/\/vendig.se\/#website","url":"https:\/\/vendig.se\/","name":"Vendig.se","description":"VENDIG LEVERERAR TRANSPORT\u00d6RKOMPONENTER!","publisher":{"@id":"https:\/\/vendig.se\/#organization"},"potentialAction":[{"@type":"SearchAction","target":{"@type":"EntryPoint","urlTemplate":"https:\/\/vendig.se\/?s={search_term_string}"},"query-input":{"@type":"PropertyValueSpecification","valueRequired":true,"valueName":"search_term_string"}}],"inLanguage":"de"},{"@type":"Organization","@id":"https:\/\/vendig.se\/#organization","name":"Vendig.se","url":"https:\/\/vendig.se\/","logo":{"@type":"ImageObject","inLanguage":"de","@id":"https:\/\/vendig.se\/#\/schema\/logo\/image\/","url":"https:\/\/vendig.se\/wp-content\/uploads\/2021\/09\/cropped-cropped-logo-4.png","contentUrl":"https:\/\/vendig.se\/wp-content\/uploads\/2021\/09\/cropped-cropped-logo-4.png","width":479,"height":69,"caption":"Vendig.se"},"image":{"@id":"https:\/\/vendig.se\/#\/schema\/logo\/image\/"}}]}},"uagb_featured_image_src":{"full":["https:\/\/vendig.se\/wp-content\/uploads\/2024\/02\/8300.webp",750,462,false],"thumbnail":["https:\/\/vendig.se\/wp-content\/uploads\/2024\/02\/8300-150x150.webp",150,150,true],"medium":["https:\/\/vendig.se\/wp-content\/uploads\/2024\/02\/8300-300x185.webp",300,185,true],"medium_large":["https:\/\/vendig.se\/wp-content\/uploads\/2024\/02\/8300.webp",750,462,false],"large":["https:\/\/vendig.se\/wp-content\/uploads\/2024\/02\/8300.webp",750,462,false],"1536x1536":["https:\/\/vendig.se\/wp-content\/uploads\/2024\/02\/8300.webp",750,462,false],"2048x2048":["https:\/\/vendig.se\/wp-content\/uploads\/2024\/02\/8300.webp",750,462,false],"gb-block-post-grid-landscape":["https:\/\/vendig.se\/wp-content\/uploads\/2024\/02\/8300-600x400.webp",600,400,true],"gb-block-post-grid-square":["https:\/\/vendig.se\/wp-content\/uploads\/2024\/02\/8300-600x462.webp",600,462,true],"woocommerce_thumbnail":["https:\/\/vendig.se\/wp-content\/uploads\/2024\/02\/8300-530x326.webp",530,326,true],"woocommerce_single":["https:\/\/vendig.se\/wp-content\/uploads\/2024\/02\/8300-720x444.webp",720,444,true],"woocommerce_gallery_thumbnail":["https:\/\/vendig.se\/wp-content\/uploads\/2024\/02\/8300-100x100.webp",100,100,true],"dgwt-wcas-product-suggestion":["https:\/\/vendig.se\/wp-content\/uploads\/2024\/02\/8300-64x39.webp",64,39,true]},"uagb_author_info":{"display_name":"itstodvendig","author_link":"https:\/\/vendig.se\/de\/author\/"},"uagb_comment_info":0,"uagb_excerpt":"Rasmus\u00ae vorabstreifer mit polyurethanleiste \u2013 Effektiv und einfach. Der Rasmus Vorabstreifer 8300 erf\u00fcllt unser Ziel, einfache, effektive Abstreifer herzustellen, in...","_links":{"self":[{"href":"https:\/\/vendig.se\/de\/wp-json\/wp\/v2\/product\/190592","targetHints":{"allow":["GET"]}}],"collection":[{"href":"https:\/\/vendig.se\/de\/wp-json\/wp\/v2\/product"}],"about":[{"href":"https:\/\/vendig.se\/de\/wp-json\/wp\/v2\/types\/product"}],"wp:featuredmedia":[{"embeddable":true,"href":"https:\/\/vendig.se\/de\/wp-json\/wp\/v2\/media\/199038"}],"wp:attachment":[{"href":"https:\/\/vendig.se\/de\/wp-json\/wp\/v2\/media?parent=190592"}],"wp:term":[{"taxonomy":"product_brand","embeddable":true,"href":"https:\/\/vendig.se\/de\/wp-json\/wp\/v2\/product_brand?post=190592"},{"taxonomy":"product_cat","embeddable":true,"href":"https:\/\/vendig.se\/de\/wp-json\/wp\/v2\/product_cat?post=190592"},{"taxonomy":"product_tag","embeddable":true,"href":"https:\/\/vendig.se\/de\/wp-json\/wp\/v2\/product_tag?post=190592"}],"curies":[{"name":"wp","href":"https:\/\/api.w.org\/{rel}","templated":true}]}}