{"id":190632,"date":"2021-10-06T08:39:19","date_gmt":"2021-10-06T06:39:19","guid":{"rendered":"https:\/\/vendig.se\/diagonal-pflug-8400\/"},"modified":"2026-04-19T06:42:30","modified_gmt":"2026-04-19T04:42:30","slug":"diagonal-pflug-8400","status":"publish","type":"product","link":"https:\/\/vendig.se\/de\/produkt\/diagonal-pflug-8400\/","title":{"rendered":"DIAGONAL PFLUG 8400"},"content":{"rendered":"<h2>Diagonaler abstreifer in haltbarem polyurethan<\/h2>\n<h3>\u2013 F\u00fcr reversiblen Einsatz.<\/h3>\n<p>  Der Diagonalpflug ist ein robuster und einfacher Pflug. Er sammelt das Material auf einer Seite des Bandes und eignet sich hervorragend f\u00fcr den reversiblen Betrieb. Der Pflug mindert die Gefahr von Sch\u00e4den, z.B. entstehende L\u00f6cher im Transportband oder andwanderung.    Der Pflug verhindert, dass Material zwischen Band und R\u00fcckf\u00fchrrolle ger\u00e4t. Die Halterungen des Diagonalpfluges sind stabil, einfach zu montieren und in der H\u00f6he einstellbar. Montieren Sie den Pflug diagonal zum Band in den Transportbandrahmen. Die Abstreifleiste des Pfluges kann umgedreht warden, wenn eine Seite verschlissen ist, aber genauso einfach kann eine neue Leiste eingesetzt werden.<\/p>\n","protected":false},"excerpt":{"rendered":"<p>Diagonaler abstreifer in haltbarem polyurethan \u2013 F\u00fcr reversiblen Einsatz. Der Diagonalpflug ist ein robuster und einfacher Pflug. Er sammelt das&#8230;<\/p>\n","protected":false},"featured_media":189597,"template":"","meta":{"_acf_changed":false,"_uag_custom_page_level_css":"","_themeisle_gutenberg_block_has_review":false},"product_brand":[],"product_cat":[772,275],"product_tag":[],"class_list":{"0":"post-190632","1":"product","2":"type-product","3":"status-publish","4":"has-post-thumbnail","6":"product_cat-pflug","7":"product_cat-bandafskrapen","9":"first","10":"instock","11":"taxable","12":"shipping-taxable","13":"purchasable","14":"product-type-variable"},"acf":{"itstod_erp_ignore_discount":false},"yoast_head":"<!-- This site is optimized with the Yoast SEO plugin v27.0 - https:\/\/yoast.com\/product\/yoast-seo-wordpress\/ -->\n<title>DIAGONAL PFLUG 8400 - Vendig.se<\/title>\n<meta name=\"robots\" content=\"index, follow, max-snippet:-1, max-image-preview:large, max-video-preview:-1\" \/>\n<link rel=\"canonical\" href=\"https:\/\/vendig.se\/produkt\/diagonal-pflug-8400\/?lang=de\" \/>\n<meta property=\"og:locale\" content=\"de_DE\" \/>\n<meta property=\"og:type\" content=\"article\" \/>\n<meta property=\"og:title\" content=\"DIAGONAL PFLUG 8400 - Vendig.se\" \/>\n<meta property=\"og:description\" content=\"Diagonaler abstreifer in haltbarem polyurethan \u2013 F\u00fcr reversiblen Einsatz. Der Diagonalpflug ist ein robuster und einfacher Pflug. Er sammelt das...\" \/>\n<meta property=\"og:url\" content=\"https:\/\/vendig.se\/produkt\/diagonal-pflug-8400\/?lang=de\" \/>\n<meta property=\"og:site_name\" content=\"Vendig.se\" \/>\n<meta property=\"article:modified_time\" content=\"2026-04-19T04:42:30+00:00\" \/>\n<meta name=\"twitter:card\" content=\"summary_large_image\" \/>\n<meta name=\"twitter:label1\" content=\"Gesch\u00e4tzte Lesezeit\" \/>\n\t<meta name=\"twitter:data1\" content=\"1\u00a0Minute\" \/>\n<!-- \/ Yoast SEO plugin. -->","yoast_head_json":{"title":"DIAGONAL PFLUG 8400 - Vendig.se","robots":{"index":"index","follow":"follow","max-snippet":"max-snippet:-1","max-image-preview":"max-image-preview:large","max-video-preview":"max-video-preview:-1"},"canonical":"https:\/\/vendig.se\/produkt\/diagonal-pflug-8400\/?lang=de","og_locale":"de_DE","og_type":"article","og_title":"DIAGONAL PFLUG 8400 - Vendig.se","og_description":"Diagonaler abstreifer in haltbarem polyurethan \u2013 F\u00fcr reversiblen Einsatz. Der Diagonalpflug ist ein robuster und einfacher Pflug. Er sammelt das...","og_url":"https:\/\/vendig.se\/produkt\/diagonal-pflug-8400\/?lang=de","og_site_name":"Vendig.se","article_modified_time":"2026-04-19T04:42:30+00:00","twitter_card":"summary_large_image","twitter_misc":{"Gesch\u00e4tzte Lesezeit":"1\u00a0Minute"},"schema":{"@context":"https:\/\/schema.org","@graph":[{"@type":"WebPage","@id":"https:\/\/vendig.se\/produkt\/diagonal-pflug-8400\/?lang=de","url":"https:\/\/vendig.se\/produkt\/diagonal-pflug-8400\/?lang=de","name":"DIAGONAL PFLUG 8400 - Vendig.se","isPartOf":{"@id":"https:\/\/vendig.se\/#website"},"primaryImageOfPage":{"@id":"https:\/\/vendig.se\/produkt\/diagonal-pflug-8400\/?lang=de#primaryimage"},"image":{"@id":"https:\/\/vendig.se\/produkt\/diagonal-pflug-8400\/?lang=de#primaryimage"},"thumbnailUrl":"https:\/\/vendig.se\/wp-content\/uploads\/2024\/02\/8400.webp","datePublished":"2021-10-06T06:39:19+00:00","dateModified":"2026-04-19T04:42:30+00:00","breadcrumb":{"@id":"https:\/\/vendig.se\/produkt\/diagonal-pflug-8400\/?lang=de#breadcrumb"},"inLanguage":"de","potentialAction":[{"@type":"ReadAction","target":["https:\/\/vendig.se\/produkt\/diagonal-pflug-8400\/?lang=de"]}]},{"@type":"ImageObject","inLanguage":"de","@id":"https:\/\/vendig.se\/produkt\/diagonal-pflug-8400\/?lang=de#primaryimage","url":"https:\/\/vendig.se\/wp-content\/uploads\/2024\/02\/8400.webp","contentUrl":"https:\/\/vendig.se\/wp-content\/uploads\/2024\/02\/8400.webp","width":750,"height":462},{"@type":"BreadcrumbList","@id":"https:\/\/vendig.se\/produkt\/diagonal-pflug-8400\/?lang=de#breadcrumb","itemListElement":[{"@type":"ListItem","position":1,"name":"Home","item":"https:\/\/vendig.se\/de\/"},{"@type":"ListItem","position":2,"name":"Produkte","item":"https:\/\/vendig.se\/laden\/?lang=de"},{"@type":"ListItem","position":3,"name":"DIAGONAL PFLUG 8400"}]},{"@type":"WebSite","@id":"https:\/\/vendig.se\/#website","url":"https:\/\/vendig.se\/","name":"Vendig.se","description":"VENDIG LEVERERAR TRANSPORT\u00d6RKOMPONENTER!","publisher":{"@id":"https:\/\/vendig.se\/#organization"},"potentialAction":[{"@type":"SearchAction","target":{"@type":"EntryPoint","urlTemplate":"https:\/\/vendig.se\/?s={search_term_string}"},"query-input":{"@type":"PropertyValueSpecification","valueRequired":true,"valueName":"search_term_string"}}],"inLanguage":"de"},{"@type":"Organization","@id":"https:\/\/vendig.se\/#organization","name":"Vendig.se","url":"https:\/\/vendig.se\/","logo":{"@type":"ImageObject","inLanguage":"de","@id":"https:\/\/vendig.se\/#\/schema\/logo\/image\/","url":"https:\/\/vendig.se\/wp-content\/uploads\/2021\/09\/cropped-cropped-logo-4.png","contentUrl":"https:\/\/vendig.se\/wp-content\/uploads\/2021\/09\/cropped-cropped-logo-4.png","width":479,"height":69,"caption":"Vendig.se"},"image":{"@id":"https:\/\/vendig.se\/#\/schema\/logo\/image\/"}}]}},"uagb_featured_image_src":{"full":["https:\/\/vendig.se\/wp-content\/uploads\/2024\/02\/8400.webp",750,462,false],"thumbnail":["https:\/\/vendig.se\/wp-content\/uploads\/2024\/02\/8400-150x150.webp",150,150,true],"medium":["https:\/\/vendig.se\/wp-content\/uploads\/2024\/02\/8400-300x185.webp",300,185,true],"medium_large":["https:\/\/vendig.se\/wp-content\/uploads\/2024\/02\/8400.webp",750,462,false],"large":["https:\/\/vendig.se\/wp-content\/uploads\/2024\/02\/8400.webp",750,462,false],"1536x1536":["https:\/\/vendig.se\/wp-content\/uploads\/2024\/02\/8400.webp",750,462,false],"2048x2048":["https:\/\/vendig.se\/wp-content\/uploads\/2024\/02\/8400.webp",750,462,false],"gb-block-post-grid-landscape":["https:\/\/vendig.se\/wp-content\/uploads\/2024\/02\/8400-600x400.webp",600,400,true],"gb-block-post-grid-square":["https:\/\/vendig.se\/wp-content\/uploads\/2024\/02\/8400-600x462.webp",600,462,true],"woocommerce_thumbnail":["https:\/\/vendig.se\/wp-content\/uploads\/2024\/02\/8400-530x326.webp",530,326,true],"woocommerce_single":["https:\/\/vendig.se\/wp-content\/uploads\/2024\/02\/8400-720x444.webp",720,444,true],"woocommerce_gallery_thumbnail":["https:\/\/vendig.se\/wp-content\/uploads\/2024\/02\/8400-100x100.webp",100,100,true],"dgwt-wcas-product-suggestion":["https:\/\/vendig.se\/wp-content\/uploads\/2024\/02\/8400-64x39.webp",64,39,true]},"uagb_author_info":{"display_name":"itstodvendig","author_link":"https:\/\/vendig.se\/de\/author\/"},"uagb_comment_info":0,"uagb_excerpt":"Diagonaler abstreifer in haltbarem polyurethan \u2013 F\u00fcr reversiblen Einsatz. Der Diagonalpflug ist ein robuster und einfacher Pflug. Er sammelt das...","_links":{"self":[{"href":"https:\/\/vendig.se\/de\/wp-json\/wp\/v2\/product\/190632","targetHints":{"allow":["GET"]}}],"collection":[{"href":"https:\/\/vendig.se\/de\/wp-json\/wp\/v2\/product"}],"about":[{"href":"https:\/\/vendig.se\/de\/wp-json\/wp\/v2\/types\/product"}],"wp:featuredmedia":[{"embeddable":true,"href":"https:\/\/vendig.se\/de\/wp-json\/wp\/v2\/media\/189597"}],"wp:attachment":[{"href":"https:\/\/vendig.se\/de\/wp-json\/wp\/v2\/media?parent=190632"}],"wp:term":[{"taxonomy":"product_brand","embeddable":true,"href":"https:\/\/vendig.se\/de\/wp-json\/wp\/v2\/product_brand?post=190632"},{"taxonomy":"product_cat","embeddable":true,"href":"https:\/\/vendig.se\/de\/wp-json\/wp\/v2\/product_cat?post=190632"},{"taxonomy":"product_tag","embeddable":true,"href":"https:\/\/vendig.se\/de\/wp-json\/wp\/v2\/product_tag?post=190632"}],"curies":[{"name":"wp","href":"https:\/\/api.w.org\/{rel}","templated":true}]}}