{"id":190683,"date":"2021-10-06T08:39:51","date_gmt":"2021-10-06T06:39:51","guid":{"rendered":"https:\/\/vendig.se\/lebensmittel-abstreifer-vorabstreifer-8600\/"},"modified":"2026-04-19T06:43:48","modified_gmt":"2026-04-19T04:43:48","slug":"lebensmittel-abstreifer-vorabstreifer-8600","status":"publish","type":"product","link":"https:\/\/vendig.se\/de\/produkt\/lebensmittel-abstreifer-vorabstreifer-8600\/","title":{"rendered":"Lebensmittel-abstreifer VORABSTREIFER  8600"},"content":{"rendered":"<h2>lebensmittel-abstreifer mit von der fda zugelassenem polyurethan<\/h2>\n<h3>\u2013 Effektive Bandreinigung in der Lebensmittelindustrie.<\/h3>\n<p>  Der Lebensmittel-Abstreifer 8600 ist ein von der FDA zugelassener Vorabstreifer. Die Abstreifklinge ist aus f\u00fcr Lebensmittel zugelassenem, verschlei\u00dfbest\u00e4ndigem Polyurethan gegossen, die \u00fcbrigen Teile sind aus frostfreiem und s\u00e4urefestem Material. Die Klinge ist elastisch und sensibel gegen\u00fcber dem F\u00f6rderband. Der Druck der Klinge gegen das Band wird stufenlos durch eine Torsionsfeder geregelt, Der Vorabstreifer wird an der F\u00f6rderrolle angebracht, direkt unter dem Materialfluss.    F\u00fcr Antriebsrollen mit \u00d8 100-200mm empfohlen.<\/p>\n","protected":false},"excerpt":{"rendered":"<p>lebensmittel-abstreifer mit von der fda zugelassenem polyurethan \u2013 Effektive Bandreinigung in der Lebensmittelindustrie. Der Lebensmittel-Abstreifer 8600 ist ein von der&#8230;<\/p>\n","protected":false},"featured_media":199050,"template":"","meta":{"_acf_changed":false,"_uag_custom_page_level_css":"","_themeisle_gutenberg_block_has_review":false},"product_brand":[],"product_cat":[769,275],"product_tag":[],"class_list":{"0":"post-190683","1":"product","2":"type-product","3":"status-publish","4":"has-post-thumbnail","6":"product_cat-vorabstreifer","7":"product_cat-bandafskrapen","9":"first","10":"instock","11":"taxable","12":"shipping-taxable","13":"purchasable","14":"product-type-variable"},"acf":{"itstod_erp_ignore_discount":false},"yoast_head":"<!-- This site is optimized with the Yoast SEO plugin v27.0 - https:\/\/yoast.com\/product\/yoast-seo-wordpress\/ -->\n<title>Lebensmittel-abstreifer VORABSTREIFER 8600 - Vendig.se<\/title>\n<meta name=\"robots\" content=\"index, follow, max-snippet:-1, max-image-preview:large, max-video-preview:-1\" \/>\n<link rel=\"canonical\" href=\"https:\/\/vendig.se\/produkt\/lebensmittel-abstreifer-vorabstreifer-8600\/?lang=de\" \/>\n<meta property=\"og:locale\" content=\"de_DE\" \/>\n<meta property=\"og:type\" content=\"article\" \/>\n<meta property=\"og:title\" content=\"Lebensmittel-abstreifer VORABSTREIFER 8600 - Vendig.se\" \/>\n<meta property=\"og:description\" content=\"lebensmittel-abstreifer mit von der fda zugelassenem polyurethan \u2013 Effektive Bandreinigung in der Lebensmittelindustrie. Der Lebensmittel-Abstreifer 8600 ist ein von der...\" \/>\n<meta property=\"og:url\" content=\"https:\/\/vendig.se\/produkt\/lebensmittel-abstreifer-vorabstreifer-8600\/?lang=de\" \/>\n<meta property=\"og:site_name\" content=\"Vendig.se\" \/>\n<meta property=\"article:modified_time\" content=\"2026-04-19T04:43:48+00:00\" \/>\n<meta name=\"twitter:card\" content=\"summary_large_image\" \/>\n<!-- \/ Yoast SEO plugin. -->","yoast_head_json":{"title":"Lebensmittel-abstreifer VORABSTREIFER 8600 - Vendig.se","robots":{"index":"index","follow":"follow","max-snippet":"max-snippet:-1","max-image-preview":"max-image-preview:large","max-video-preview":"max-video-preview:-1"},"canonical":"https:\/\/vendig.se\/produkt\/lebensmittel-abstreifer-vorabstreifer-8600\/?lang=de","og_locale":"de_DE","og_type":"article","og_title":"Lebensmittel-abstreifer VORABSTREIFER 8600 - Vendig.se","og_description":"lebensmittel-abstreifer mit von der fda zugelassenem polyurethan \u2013 Effektive Bandreinigung in der Lebensmittelindustrie. Der Lebensmittel-Abstreifer 8600 ist ein von der...","og_url":"https:\/\/vendig.se\/produkt\/lebensmittel-abstreifer-vorabstreifer-8600\/?lang=de","og_site_name":"Vendig.se","article_modified_time":"2026-04-19T04:43:48+00:00","twitter_card":"summary_large_image","schema":{"@context":"https:\/\/schema.org","@graph":[{"@type":"WebPage","@id":"https:\/\/vendig.se\/produkt\/lebensmittel-abstreifer-vorabstreifer-8600\/?lang=de","url":"https:\/\/vendig.se\/produkt\/lebensmittel-abstreifer-vorabstreifer-8600\/?lang=de","name":"Lebensmittel-abstreifer VORABSTREIFER 8600 - Vendig.se","isPartOf":{"@id":"https:\/\/vendig.se\/#website"},"primaryImageOfPage":{"@id":"https:\/\/vendig.se\/produkt\/lebensmittel-abstreifer-vorabstreifer-8600\/?lang=de#primaryimage"},"image":{"@id":"https:\/\/vendig.se\/produkt\/lebensmittel-abstreifer-vorabstreifer-8600\/?lang=de#primaryimage"},"thumbnailUrl":"https:\/\/vendig.se\/wp-content\/uploads\/2024\/02\/8600.webp","datePublished":"2021-10-06T06:39:51+00:00","dateModified":"2026-04-19T04:43:48+00:00","breadcrumb":{"@id":"https:\/\/vendig.se\/produkt\/lebensmittel-abstreifer-vorabstreifer-8600\/?lang=de#breadcrumb"},"inLanguage":"de","potentialAction":[{"@type":"ReadAction","target":["https:\/\/vendig.se\/produkt\/lebensmittel-abstreifer-vorabstreifer-8600\/?lang=de"]}]},{"@type":"ImageObject","inLanguage":"de","@id":"https:\/\/vendig.se\/produkt\/lebensmittel-abstreifer-vorabstreifer-8600\/?lang=de#primaryimage","url":"https:\/\/vendig.se\/wp-content\/uploads\/2024\/02\/8600.webp","contentUrl":"https:\/\/vendig.se\/wp-content\/uploads\/2024\/02\/8600.webp","width":750,"height":462},{"@type":"BreadcrumbList","@id":"https:\/\/vendig.se\/produkt\/lebensmittel-abstreifer-vorabstreifer-8600\/?lang=de#breadcrumb","itemListElement":[{"@type":"ListItem","position":1,"name":"Home","item":"https:\/\/vendig.se\/de\/"},{"@type":"ListItem","position":2,"name":"Produkte","item":"https:\/\/vendig.se\/laden\/?lang=de"},{"@type":"ListItem","position":3,"name":"Lebensmittel-abstreifer VORABSTREIFER 8600"}]},{"@type":"WebSite","@id":"https:\/\/vendig.se\/#website","url":"https:\/\/vendig.se\/","name":"Vendig.se","description":"VENDIG LEVERERAR TRANSPORT\u00d6RKOMPONENTER!","publisher":{"@id":"https:\/\/vendig.se\/#organization"},"potentialAction":[{"@type":"SearchAction","target":{"@type":"EntryPoint","urlTemplate":"https:\/\/vendig.se\/?s={search_term_string}"},"query-input":{"@type":"PropertyValueSpecification","valueRequired":true,"valueName":"search_term_string"}}],"inLanguage":"de"},{"@type":"Organization","@id":"https:\/\/vendig.se\/#organization","name":"Vendig.se","url":"https:\/\/vendig.se\/","logo":{"@type":"ImageObject","inLanguage":"de","@id":"https:\/\/vendig.se\/#\/schema\/logo\/image\/","url":"https:\/\/vendig.se\/wp-content\/uploads\/2021\/09\/cropped-cropped-logo-4.png","contentUrl":"https:\/\/vendig.se\/wp-content\/uploads\/2021\/09\/cropped-cropped-logo-4.png","width":479,"height":69,"caption":"Vendig.se"},"image":{"@id":"https:\/\/vendig.se\/#\/schema\/logo\/image\/"}}]}},"uagb_featured_image_src":{"full":["https:\/\/vendig.se\/wp-content\/uploads\/2024\/02\/8600.webp",750,462,false],"thumbnail":["https:\/\/vendig.se\/wp-content\/uploads\/2024\/02\/8600-150x150.webp",150,150,true],"medium":["https:\/\/vendig.se\/wp-content\/uploads\/2024\/02\/8600-300x185.webp",300,185,true],"medium_large":["https:\/\/vendig.se\/wp-content\/uploads\/2024\/02\/8600.webp",750,462,false],"large":["https:\/\/vendig.se\/wp-content\/uploads\/2024\/02\/8600.webp",750,462,false],"1536x1536":["https:\/\/vendig.se\/wp-content\/uploads\/2024\/02\/8600.webp",750,462,false],"2048x2048":["https:\/\/vendig.se\/wp-content\/uploads\/2024\/02\/8600.webp",750,462,false],"gb-block-post-grid-landscape":["https:\/\/vendig.se\/wp-content\/uploads\/2024\/02\/8600-600x400.webp",600,400,true],"gb-block-post-grid-square":["https:\/\/vendig.se\/wp-content\/uploads\/2024\/02\/8600-600x462.webp",600,462,true],"woocommerce_thumbnail":["https:\/\/vendig.se\/wp-content\/uploads\/2024\/02\/8600-530x326.webp",530,326,true],"woocommerce_single":["https:\/\/vendig.se\/wp-content\/uploads\/2024\/02\/8600-720x444.webp",720,444,true],"woocommerce_gallery_thumbnail":["https:\/\/vendig.se\/wp-content\/uploads\/2024\/02\/8600-100x100.webp",100,100,true],"dgwt-wcas-product-suggestion":["https:\/\/vendig.se\/wp-content\/uploads\/2024\/02\/8600-64x39.webp",64,39,true]},"uagb_author_info":{"display_name":"itstodvendig","author_link":"https:\/\/vendig.se\/de\/author\/"},"uagb_comment_info":0,"uagb_excerpt":"lebensmittel-abstreifer mit von der fda zugelassenem polyurethan \u2013 Effektive Bandreinigung in der Lebensmittelindustrie. Der Lebensmittel-Abstreifer 8600 ist ein von der...","_links":{"self":[{"href":"https:\/\/vendig.se\/de\/wp-json\/wp\/v2\/product\/190683","targetHints":{"allow":["GET"]}}],"collection":[{"href":"https:\/\/vendig.se\/de\/wp-json\/wp\/v2\/product"}],"about":[{"href":"https:\/\/vendig.se\/de\/wp-json\/wp\/v2\/types\/product"}],"wp:featuredmedia":[{"embeddable":true,"href":"https:\/\/vendig.se\/de\/wp-json\/wp\/v2\/media\/199050"}],"wp:attachment":[{"href":"https:\/\/vendig.se\/de\/wp-json\/wp\/v2\/media?parent=190683"}],"wp:term":[{"taxonomy":"product_brand","embeddable":true,"href":"https:\/\/vendig.se\/de\/wp-json\/wp\/v2\/product_brand?post=190683"},{"taxonomy":"product_cat","embeddable":true,"href":"https:\/\/vendig.se\/de\/wp-json\/wp\/v2\/product_cat?post=190683"},{"taxonomy":"product_tag","embeddable":true,"href":"https:\/\/vendig.se\/de\/wp-json\/wp\/v2\/product_tag?post=190683"}],"curies":[{"name":"wp","href":"https:\/\/api.w.org\/{rel}","templated":true}]}}