{"id":190746,"date":"2021-10-06T08:40:51","date_gmt":"2021-10-06T06:40:51","guid":{"rendered":"https:\/\/vendig.se\/maxi-pflug-8800\/"},"modified":"2026-04-19T06:46:27","modified_gmt":"2026-04-19T04:46:27","slug":"maxi-pflug-8800","status":"publish","type":"product","link":"https:\/\/vendig.se\/de\/produkt\/maxi-pflug-8800\/","title":{"rendered":"MAXI- PFLUG 8800"},"content":{"rendered":"<h2>Maxi-pflug in haltbarem polyurethan<\/h2>\n<h3>\u2013 Stabiler und effektiver Pflug.<\/h3>\n<p>  Der Maxi-Pflug 8800 ist ein stabiler und etwas schwererer Pflug. Bei der Montage wird ein \u00f840 Rohr quer durch das PU-Verbindungsst\u00fcck gezogen und danach am Rahmen der F\u00f6rderanlage befestigt.    Der Pflug verhindert, dass loses Material w\u00e4hrend des Bandr\u00fccklaufs zwischen die Umlenkrolle und das F\u00f6rderband gelangt. Dadurch wird die Gefahr von Sch\u00e4den durch L\u00f6cher im Transportband und einer Bandwanderung verringert. Die Abstreifleisten aus Polyurethan k\u00f6nnen einfach ausgewechselt werden.     Alle Stahlteile sind standardm\u00e4\u00dfig elektrogalvanisiert. Alternativ auch in rostfreiem Edelstahl oder pulverlackierter Ausf\u00fchrung erh\u00e4ltlich.<\/p>\n","protected":false},"excerpt":{"rendered":"<p>Maxi-pflug in haltbarem polyurethan \u2013 Stabiler und effektiver Pflug. Der Maxi-Pflug 8800 ist ein stabiler und etwas schwererer Pflug. Bei&#8230;<\/p>\n","protected":false},"featured_media":199040,"template":"","meta":{"_acf_changed":false,"_uag_custom_page_level_css":"","_themeisle_gutenberg_block_has_review":false},"product_brand":[],"product_cat":[772,275],"product_tag":[],"class_list":{"0":"post-190746","1":"product","2":"type-product","3":"status-publish","4":"has-post-thumbnail","6":"product_cat-pflug","7":"product_cat-bandafskrapen","9":"first","10":"instock","11":"taxable","12":"shipping-taxable","13":"purchasable","14":"product-type-variable"},"acf":{"itstod_erp_ignore_discount":false},"yoast_head":"<!-- This site is optimized with the Yoast SEO plugin v27.0 - https:\/\/yoast.com\/product\/yoast-seo-wordpress\/ -->\n<title>MAXI- PFLUG 8800 - Vendig.se<\/title>\n<meta name=\"robots\" content=\"index, follow, max-snippet:-1, max-image-preview:large, max-video-preview:-1\" \/>\n<link rel=\"canonical\" href=\"https:\/\/vendig.se\/produkt\/maxi-pflug-8800\/?lang=de\" \/>\n<meta property=\"og:locale\" content=\"de_DE\" \/>\n<meta property=\"og:type\" content=\"article\" \/>\n<meta property=\"og:title\" content=\"MAXI- PFLUG 8800 - Vendig.se\" \/>\n<meta property=\"og:description\" content=\"Maxi-pflug in haltbarem polyurethan \u2013 Stabiler und effektiver Pflug. Der Maxi-Pflug 8800 ist ein stabiler und etwas schwererer Pflug. Bei...\" \/>\n<meta property=\"og:url\" content=\"https:\/\/vendig.se\/produkt\/maxi-pflug-8800\/?lang=de\" \/>\n<meta property=\"og:site_name\" content=\"Vendig.se\" \/>\n<meta property=\"article:modified_time\" content=\"2026-04-19T04:46:27+00:00\" \/>\n<meta name=\"twitter:card\" content=\"summary_large_image\" \/>\n<!-- \/ Yoast SEO plugin. -->","yoast_head_json":{"title":"MAXI- PFLUG 8800 - Vendig.se","robots":{"index":"index","follow":"follow","max-snippet":"max-snippet:-1","max-image-preview":"max-image-preview:large","max-video-preview":"max-video-preview:-1"},"canonical":"https:\/\/vendig.se\/produkt\/maxi-pflug-8800\/?lang=de","og_locale":"de_DE","og_type":"article","og_title":"MAXI- PFLUG 8800 - Vendig.se","og_description":"Maxi-pflug in haltbarem polyurethan \u2013 Stabiler und effektiver Pflug. Der Maxi-Pflug 8800 ist ein stabiler und etwas schwererer Pflug. Bei...","og_url":"https:\/\/vendig.se\/produkt\/maxi-pflug-8800\/?lang=de","og_site_name":"Vendig.se","article_modified_time":"2026-04-19T04:46:27+00:00","twitter_card":"summary_large_image","schema":{"@context":"https:\/\/schema.org","@graph":[{"@type":"WebPage","@id":"https:\/\/vendig.se\/produkt\/maxi-pflug-8800\/?lang=de","url":"https:\/\/vendig.se\/produkt\/maxi-pflug-8800\/?lang=de","name":"MAXI- PFLUG 8800 - Vendig.se","isPartOf":{"@id":"https:\/\/vendig.se\/#website"},"primaryImageOfPage":{"@id":"https:\/\/vendig.se\/produkt\/maxi-pflug-8800\/?lang=de#primaryimage"},"image":{"@id":"https:\/\/vendig.se\/produkt\/maxi-pflug-8800\/?lang=de#primaryimage"},"thumbnailUrl":"https:\/\/vendig.se\/wp-content\/uploads\/2024\/02\/8800.webp","datePublished":"2021-10-06T06:40:51+00:00","dateModified":"2026-04-19T04:46:27+00:00","breadcrumb":{"@id":"https:\/\/vendig.se\/produkt\/maxi-pflug-8800\/?lang=de#breadcrumb"},"inLanguage":"de","potentialAction":[{"@type":"ReadAction","target":["https:\/\/vendig.se\/produkt\/maxi-pflug-8800\/?lang=de"]}]},{"@type":"ImageObject","inLanguage":"de","@id":"https:\/\/vendig.se\/produkt\/maxi-pflug-8800\/?lang=de#primaryimage","url":"https:\/\/vendig.se\/wp-content\/uploads\/2024\/02\/8800.webp","contentUrl":"https:\/\/vendig.se\/wp-content\/uploads\/2024\/02\/8800.webp","width":750,"height":462},{"@type":"BreadcrumbList","@id":"https:\/\/vendig.se\/produkt\/maxi-pflug-8800\/?lang=de#breadcrumb","itemListElement":[{"@type":"ListItem","position":1,"name":"Home","item":"https:\/\/vendig.se\/de\/"},{"@type":"ListItem","position":2,"name":"Produkte","item":"https:\/\/vendig.se\/laden\/?lang=de"},{"@type":"ListItem","position":3,"name":"MAXI- PFLUG 8800"}]},{"@type":"WebSite","@id":"https:\/\/vendig.se\/#website","url":"https:\/\/vendig.se\/","name":"Vendig.se","description":"VENDIG LEVERERAR TRANSPORT\u00d6RKOMPONENTER!","publisher":{"@id":"https:\/\/vendig.se\/#organization"},"potentialAction":[{"@type":"SearchAction","target":{"@type":"EntryPoint","urlTemplate":"https:\/\/vendig.se\/?s={search_term_string}"},"query-input":{"@type":"PropertyValueSpecification","valueRequired":true,"valueName":"search_term_string"}}],"inLanguage":"de"},{"@type":"Organization","@id":"https:\/\/vendig.se\/#organization","name":"Vendig.se","url":"https:\/\/vendig.se\/","logo":{"@type":"ImageObject","inLanguage":"de","@id":"https:\/\/vendig.se\/#\/schema\/logo\/image\/","url":"https:\/\/vendig.se\/wp-content\/uploads\/2021\/09\/cropped-cropped-logo-4.png","contentUrl":"https:\/\/vendig.se\/wp-content\/uploads\/2021\/09\/cropped-cropped-logo-4.png","width":479,"height":69,"caption":"Vendig.se"},"image":{"@id":"https:\/\/vendig.se\/#\/schema\/logo\/image\/"}}]}},"uagb_featured_image_src":{"full":["https:\/\/vendig.se\/wp-content\/uploads\/2024\/02\/8800.webp",750,462,false],"thumbnail":["https:\/\/vendig.se\/wp-content\/uploads\/2024\/02\/8800-150x150.webp",150,150,true],"medium":["https:\/\/vendig.se\/wp-content\/uploads\/2024\/02\/8800-300x185.webp",300,185,true],"medium_large":["https:\/\/vendig.se\/wp-content\/uploads\/2024\/02\/8800.webp",750,462,false],"large":["https:\/\/vendig.se\/wp-content\/uploads\/2024\/02\/8800.webp",750,462,false],"1536x1536":["https:\/\/vendig.se\/wp-content\/uploads\/2024\/02\/8800.webp",750,462,false],"2048x2048":["https:\/\/vendig.se\/wp-content\/uploads\/2024\/02\/8800.webp",750,462,false],"gb-block-post-grid-landscape":["https:\/\/vendig.se\/wp-content\/uploads\/2024\/02\/8800-600x400.webp",600,400,true],"gb-block-post-grid-square":["https:\/\/vendig.se\/wp-content\/uploads\/2024\/02\/8800-600x462.webp",600,462,true],"woocommerce_thumbnail":["https:\/\/vendig.se\/wp-content\/uploads\/2024\/02\/8800-530x326.webp",530,326,true],"woocommerce_single":["https:\/\/vendig.se\/wp-content\/uploads\/2024\/02\/8800-720x444.webp",720,444,true],"woocommerce_gallery_thumbnail":["https:\/\/vendig.se\/wp-content\/uploads\/2024\/02\/8800-100x100.webp",100,100,true],"dgwt-wcas-product-suggestion":["https:\/\/vendig.se\/wp-content\/uploads\/2024\/02\/8800-64x39.webp",64,39,true]},"uagb_author_info":{"display_name":"itstodvendig","author_link":"https:\/\/vendig.se\/de\/author\/"},"uagb_comment_info":0,"uagb_excerpt":"Maxi-pflug in haltbarem polyurethan \u2013 Stabiler und effektiver Pflug. Der Maxi-Pflug 8800 ist ein stabiler und etwas schwererer Pflug. Bei...","_links":{"self":[{"href":"https:\/\/vendig.se\/de\/wp-json\/wp\/v2\/product\/190746","targetHints":{"allow":["GET"]}}],"collection":[{"href":"https:\/\/vendig.se\/de\/wp-json\/wp\/v2\/product"}],"about":[{"href":"https:\/\/vendig.se\/de\/wp-json\/wp\/v2\/types\/product"}],"wp:featuredmedia":[{"embeddable":true,"href":"https:\/\/vendig.se\/de\/wp-json\/wp\/v2\/media\/199040"}],"wp:attachment":[{"href":"https:\/\/vendig.se\/de\/wp-json\/wp\/v2\/media?parent=190746"}],"wp:term":[{"taxonomy":"product_brand","embeddable":true,"href":"https:\/\/vendig.se\/de\/wp-json\/wp\/v2\/product_brand?post=190746"},{"taxonomy":"product_cat","embeddable":true,"href":"https:\/\/vendig.se\/de\/wp-json\/wp\/v2\/product_cat?post=190746"},{"taxonomy":"product_tag","embeddable":true,"href":"https:\/\/vendig.se\/de\/wp-json\/wp\/v2\/product_tag?post=190746"}],"curies":[{"name":"wp","href":"https:\/\/api.w.org\/{rel}","templated":true}]}}