{"id":190766,"date":"2021-10-07T08:39:41","date_gmt":"2021-10-07T06:39:41","guid":{"rendered":"https:\/\/vendig.se\/maxi-pfhlug-faltbar-8800-vf\/"},"modified":"2026-04-19T06:46:57","modified_gmt":"2026-04-19T04:46:57","slug":"maxi-pfhlug-faltbar-8800-vf","status":"publish","type":"product","link":"https:\/\/vendig.se\/de\/produkt\/maxi-pfhlug-faltbar-8800-vf\/","title":{"rendered":"MAXI- PFHLUG FALTBAR 8800-VF"},"content":{"rendered":"<h2>Maxi-pf lug Faltbar 8800-VF<\/h2>\n<h3>\u2013Ein faltbar Pfl\u00fcge mit einfacher Montage.<\/h3>\n<p>  Der Maxi-Pflug faltbar 8800-VF ist eine funktionale und faltbare Variante des Maxipfluges f\u00fcr gr\u00f6\u00dfere Bandbreiten. Diese Pflug-Serien sind faltbar, was sie einfacher zu handhaben w\u00e4hrend der Montage macht. Die Versandkosten sind ebenfalls im gefalteten Zustand deutlich geringer, was diese Pfl\u00fcge zu einer sparsamen Alternative macht.     Ein Pflug verhindert, das Material auf dem R\u00fccklaufband zwischen die R\u00fccklaufrolle und das Band ger\u00e4t. Dies reduziert die Gefahr von Bandbesch\u00e4digung, sowie das Entstehen von L\u00f6chern im Band und Bandwanderung.    Der Pflug wird mittels eines Rohrs, \u00f840mm, im Rahmen des F\u00f6rderbandes montiert. Die Abstreifbl\u00e4tter aus Polyurethan sind einfach auszutauschen.<\/p>\n","protected":false},"excerpt":{"rendered":"<p>Maxi-pf lug Faltbar 8800-VF \u2013Ein faltbar Pfl\u00fcge mit einfacher Montage. Der Maxi-Pflug faltbar 8800-VF ist eine funktionale und faltbare Variante&#8230;<\/p>\n","protected":false},"featured_media":189630,"template":"","meta":{"_acf_changed":false,"_uag_custom_page_level_css":"","_themeisle_gutenberg_block_has_review":false},"product_brand":[],"product_cat":[772,275],"product_tag":[],"class_list":{"0":"post-190766","1":"product","2":"type-product","3":"status-publish","4":"has-post-thumbnail","6":"product_cat-pflug","7":"product_cat-bandafskrapen","9":"first","10":"instock","11":"taxable","12":"shipping-taxable","13":"purchasable","14":"product-type-variable"},"acf":{"itstod_erp_ignore_discount":false},"yoast_head":"<!-- This site is optimized with the Yoast SEO plugin v27.0 - https:\/\/yoast.com\/product\/yoast-seo-wordpress\/ -->\n<title>MAXI- PFHLUG FALTBAR 8800-VF - Vendig.se<\/title>\n<meta name=\"robots\" content=\"index, follow, max-snippet:-1, max-image-preview:large, max-video-preview:-1\" \/>\n<link rel=\"canonical\" href=\"https:\/\/vendig.se\/produkt\/maxi-pfhlug-faltbar-8800-vf\/?lang=de\" \/>\n<meta property=\"og:locale\" content=\"de_DE\" \/>\n<meta property=\"og:type\" content=\"article\" \/>\n<meta property=\"og:title\" content=\"MAXI- PFHLUG FALTBAR 8800-VF - Vendig.se\" \/>\n<meta property=\"og:description\" content=\"Maxi-pf lug Faltbar 8800-VF \u2013Ein faltbar Pfl\u00fcge mit einfacher Montage. Der Maxi-Pflug faltbar 8800-VF ist eine funktionale und faltbare Variante...\" \/>\n<meta property=\"og:url\" content=\"https:\/\/vendig.se\/produkt\/maxi-pfhlug-faltbar-8800-vf\/?lang=de\" \/>\n<meta property=\"og:site_name\" content=\"Vendig.se\" \/>\n<meta property=\"article:modified_time\" content=\"2026-04-19T04:46:57+00:00\" \/>\n<meta name=\"twitter:card\" content=\"summary_large_image\" \/>\n<meta name=\"twitter:label1\" content=\"Gesch\u00e4tzte Lesezeit\" \/>\n\t<meta name=\"twitter:data1\" content=\"1\u00a0Minute\" \/>\n<!-- \/ Yoast SEO plugin. -->","yoast_head_json":{"title":"MAXI- PFHLUG FALTBAR 8800-VF - Vendig.se","robots":{"index":"index","follow":"follow","max-snippet":"max-snippet:-1","max-image-preview":"max-image-preview:large","max-video-preview":"max-video-preview:-1"},"canonical":"https:\/\/vendig.se\/produkt\/maxi-pfhlug-faltbar-8800-vf\/?lang=de","og_locale":"de_DE","og_type":"article","og_title":"MAXI- PFHLUG FALTBAR 8800-VF - Vendig.se","og_description":"Maxi-pf lug Faltbar 8800-VF \u2013Ein faltbar Pfl\u00fcge mit einfacher Montage. Der Maxi-Pflug faltbar 8800-VF ist eine funktionale und faltbare Variante...","og_url":"https:\/\/vendig.se\/produkt\/maxi-pfhlug-faltbar-8800-vf\/?lang=de","og_site_name":"Vendig.se","article_modified_time":"2026-04-19T04:46:57+00:00","twitter_card":"summary_large_image","twitter_misc":{"Gesch\u00e4tzte Lesezeit":"1\u00a0Minute"},"schema":{"@context":"https:\/\/schema.org","@graph":[{"@type":"WebPage","@id":"https:\/\/vendig.se\/produkt\/maxi-pfhlug-faltbar-8800-vf\/?lang=de","url":"https:\/\/vendig.se\/produkt\/maxi-pfhlug-faltbar-8800-vf\/?lang=de","name":"MAXI- PFHLUG FALTBAR 8800-VF - Vendig.se","isPartOf":{"@id":"https:\/\/vendig.se\/#website"},"primaryImageOfPage":{"@id":"https:\/\/vendig.se\/produkt\/maxi-pfhlug-faltbar-8800-vf\/?lang=de#primaryimage"},"image":{"@id":"https:\/\/vendig.se\/produkt\/maxi-pfhlug-faltbar-8800-vf\/?lang=de#primaryimage"},"thumbnailUrl":"https:\/\/vendig.se\/wp-content\/uploads\/2024\/02\/8800-VF_1.webp","datePublished":"2021-10-07T06:39:41+00:00","dateModified":"2026-04-19T04:46:57+00:00","breadcrumb":{"@id":"https:\/\/vendig.se\/produkt\/maxi-pfhlug-faltbar-8800-vf\/?lang=de#breadcrumb"},"inLanguage":"de","potentialAction":[{"@type":"ReadAction","target":["https:\/\/vendig.se\/produkt\/maxi-pfhlug-faltbar-8800-vf\/?lang=de"]}]},{"@type":"ImageObject","inLanguage":"de","@id":"https:\/\/vendig.se\/produkt\/maxi-pfhlug-faltbar-8800-vf\/?lang=de#primaryimage","url":"https:\/\/vendig.se\/wp-content\/uploads\/2024\/02\/8800-VF_1.webp","contentUrl":"https:\/\/vendig.se\/wp-content\/uploads\/2024\/02\/8800-VF_1.webp","width":750,"height":462},{"@type":"BreadcrumbList","@id":"https:\/\/vendig.se\/produkt\/maxi-pfhlug-faltbar-8800-vf\/?lang=de#breadcrumb","itemListElement":[{"@type":"ListItem","position":1,"name":"Home","item":"https:\/\/vendig.se\/de\/"},{"@type":"ListItem","position":2,"name":"Produkte","item":"https:\/\/vendig.se\/laden\/?lang=de"},{"@type":"ListItem","position":3,"name":"MAXI- PFHLUG FALTBAR 8800-VF"}]},{"@type":"WebSite","@id":"https:\/\/vendig.se\/#website","url":"https:\/\/vendig.se\/","name":"Vendig.se","description":"VENDIG LEVERERAR TRANSPORT\u00d6RKOMPONENTER!","publisher":{"@id":"https:\/\/vendig.se\/#organization"},"potentialAction":[{"@type":"SearchAction","target":{"@type":"EntryPoint","urlTemplate":"https:\/\/vendig.se\/?s={search_term_string}"},"query-input":{"@type":"PropertyValueSpecification","valueRequired":true,"valueName":"search_term_string"}}],"inLanguage":"de"},{"@type":"Organization","@id":"https:\/\/vendig.se\/#organization","name":"Vendig.se","url":"https:\/\/vendig.se\/","logo":{"@type":"ImageObject","inLanguage":"de","@id":"https:\/\/vendig.se\/#\/schema\/logo\/image\/","url":"https:\/\/vendig.se\/wp-content\/uploads\/2021\/09\/cropped-cropped-logo-4.png","contentUrl":"https:\/\/vendig.se\/wp-content\/uploads\/2021\/09\/cropped-cropped-logo-4.png","width":479,"height":69,"caption":"Vendig.se"},"image":{"@id":"https:\/\/vendig.se\/#\/schema\/logo\/image\/"}}]}},"uagb_featured_image_src":{"full":["https:\/\/vendig.se\/wp-content\/uploads\/2024\/02\/8800-VF_1.webp",750,462,false],"thumbnail":["https:\/\/vendig.se\/wp-content\/uploads\/2024\/02\/8800-VF_1-150x150.webp",150,150,true],"medium":["https:\/\/vendig.se\/wp-content\/uploads\/2024\/02\/8800-VF_1-300x185.webp",300,185,true],"medium_large":["https:\/\/vendig.se\/wp-content\/uploads\/2024\/02\/8800-VF_1.webp",750,462,false],"large":["https:\/\/vendig.se\/wp-content\/uploads\/2024\/02\/8800-VF_1.webp",750,462,false],"1536x1536":["https:\/\/vendig.se\/wp-content\/uploads\/2024\/02\/8800-VF_1.webp",750,462,false],"2048x2048":["https:\/\/vendig.se\/wp-content\/uploads\/2024\/02\/8800-VF_1.webp",750,462,false],"gb-block-post-grid-landscape":["https:\/\/vendig.se\/wp-content\/uploads\/2024\/02\/8800-VF_1-600x400.webp",600,400,true],"gb-block-post-grid-square":["https:\/\/vendig.se\/wp-content\/uploads\/2024\/02\/8800-VF_1-600x462.webp",600,462,true],"woocommerce_thumbnail":["https:\/\/vendig.se\/wp-content\/uploads\/2024\/02\/8800-VF_1-530x326.webp",530,326,true],"woocommerce_single":["https:\/\/vendig.se\/wp-content\/uploads\/2024\/02\/8800-VF_1-720x444.webp",720,444,true],"woocommerce_gallery_thumbnail":["https:\/\/vendig.se\/wp-content\/uploads\/2024\/02\/8800-VF_1-100x100.webp",100,100,true],"dgwt-wcas-product-suggestion":["https:\/\/vendig.se\/wp-content\/uploads\/2024\/02\/8800-VF_1-64x39.webp",64,39,true]},"uagb_author_info":{"display_name":"itstodvendig","author_link":"https:\/\/vendig.se\/de\/author\/"},"uagb_comment_info":0,"uagb_excerpt":"Maxi-pf lug Faltbar 8800-VF \u2013Ein faltbar Pfl\u00fcge mit einfacher Montage. Der Maxi-Pflug faltbar 8800-VF ist eine funktionale und faltbare Variante...","_links":{"self":[{"href":"https:\/\/vendig.se\/de\/wp-json\/wp\/v2\/product\/190766","targetHints":{"allow":["GET"]}}],"collection":[{"href":"https:\/\/vendig.se\/de\/wp-json\/wp\/v2\/product"}],"about":[{"href":"https:\/\/vendig.se\/de\/wp-json\/wp\/v2\/types\/product"}],"wp:featuredmedia":[{"embeddable":true,"href":"https:\/\/vendig.se\/de\/wp-json\/wp\/v2\/media\/189630"}],"wp:attachment":[{"href":"https:\/\/vendig.se\/de\/wp-json\/wp\/v2\/media?parent=190766"}],"wp:term":[{"taxonomy":"product_brand","embeddable":true,"href":"https:\/\/vendig.se\/de\/wp-json\/wp\/v2\/product_brand?post=190766"},{"taxonomy":"product_cat","embeddable":true,"href":"https:\/\/vendig.se\/de\/wp-json\/wp\/v2\/product_cat?post=190766"},{"taxonomy":"product_tag","embeddable":true,"href":"https:\/\/vendig.se\/de\/wp-json\/wp\/v2\/product_tag?post=190766"}],"curies":[{"name":"wp","href":"https:\/\/api.w.org\/{rel}","templated":true}]}}