{"id":191156,"date":"2021-10-06T08:52:28","date_gmt":"2021-10-06T06:52:28","guid":{"rendered":"https:\/\/vendig.se\/arcus-feinabstreifer-9800\/"},"modified":"2026-04-19T06:59:24","modified_gmt":"2026-04-19T04:59:24","slug":"arcus-feinabstreifer-9800","status":"publish","type":"product","link":"https:\/\/vendig.se\/de\/produkt\/arcus-feinabstreifer-9800\/","title":{"rendered":"ARCUS FEINABSTREIFER 9800"},"content":{"rendered":"<h2>Arcus feinabstreifer mit hartmetallklingen<\/h2>\n<p>  l<\/p>\n<h3>\u2013 Parabolabstreifer mit sehr guter Reinigungswirkung.<\/h3>\n<p>   Arcus Feinabstreifer 9800 mit Abstreifsegmenten aus Polyurethan mit eingegossenem Hartmetall. Die Segmente sind in einem Bogen montiert, der unter der Antriebsrolle gegen das Band gespannt wird. Dank des maximalen Klingendrucks in der Mitte des F\u00f6rderbandes ist die Reinigungswirkung selbst bei verschlissenen, schalenf\u00f6rmigen B\u00e4ndern sehr hoch.    Unser einzigartiger Federhebelarm sorgt daf\u00fcr, dass der richtige Druck auf das Band aufrechterhalten wird, was den Service vereinfacht und den Wartungsbedarf verringert.    Der Feinabstreifer wird unter der F\u00f6rderrolle angebracht.<\/p>\n","protected":false},"excerpt":{"rendered":"<p>Arcus feinabstreifer mit hartmetallklingen l \u2013 Parabolabstreifer mit sehr guter Reinigungswirkung. Arcus Feinabstreifer 9800 mit Abstreifsegmenten aus Polyurethan mit eingegossenem&#8230;<\/p>\n","protected":false},"featured_media":199065,"template":"","meta":{"_acf_changed":false,"_uag_custom_page_level_css":"","_themeisle_gutenberg_block_has_review":false},"product_brand":[],"product_cat":[770,275],"product_tag":[],"class_list":{"0":"post-191156","1":"product","2":"type-product","3":"status-publish","4":"has-post-thumbnail","6":"product_cat-feinabstreifer","7":"product_cat-bandafskrapen","9":"first","10":"instock","11":"taxable","12":"shipping-taxable","13":"purchasable","14":"product-type-variable"},"acf":{"itstod_erp_ignore_discount":false},"yoast_head":"<!-- This site is optimized with the Yoast SEO plugin v27.0 - https:\/\/yoast.com\/product\/yoast-seo-wordpress\/ -->\n<title>ARCUS FEINABSTREIFER 9800 - Vendig.se<\/title>\n<meta name=\"robots\" content=\"index, follow, max-snippet:-1, max-image-preview:large, max-video-preview:-1\" \/>\n<link rel=\"canonical\" href=\"https:\/\/vendig.se\/produkt\/arcus-feinabstreifer-9800\/?lang=de\" \/>\n<meta property=\"og:locale\" content=\"de_DE\" \/>\n<meta property=\"og:type\" content=\"article\" \/>\n<meta property=\"og:title\" content=\"ARCUS FEINABSTREIFER 9800 - Vendig.se\" \/>\n<meta property=\"og:description\" content=\"Arcus feinabstreifer mit hartmetallklingen l \u2013 Parabolabstreifer mit sehr guter Reinigungswirkung. Arcus Feinabstreifer 9800 mit Abstreifsegmenten aus Polyurethan mit eingegossenem...\" \/>\n<meta property=\"og:url\" content=\"https:\/\/vendig.se\/produkt\/arcus-feinabstreifer-9800\/?lang=de\" \/>\n<meta property=\"og:site_name\" content=\"Vendig.se\" \/>\n<meta property=\"article:modified_time\" content=\"2026-04-19T04:59:24+00:00\" \/>\n<meta property=\"og:image\" content=\"https:\/\/vendig.se\/wp-content\/uploads\/2024\/02\/9800_1.webp\" \/>\n\t<meta property=\"og:image:width\" content=\"750\" \/>\n\t<meta property=\"og:image:height\" content=\"462\" \/>\n\t<meta property=\"og:image:type\" content=\"image\/webp\" \/>\n<meta name=\"twitter:card\" content=\"summary_large_image\" \/>\n<!-- \/ Yoast SEO plugin. -->","yoast_head_json":{"title":"ARCUS FEINABSTREIFER 9800 - Vendig.se","robots":{"index":"index","follow":"follow","max-snippet":"max-snippet:-1","max-image-preview":"max-image-preview:large","max-video-preview":"max-video-preview:-1"},"canonical":"https:\/\/vendig.se\/produkt\/arcus-feinabstreifer-9800\/?lang=de","og_locale":"de_DE","og_type":"article","og_title":"ARCUS FEINABSTREIFER 9800 - Vendig.se","og_description":"Arcus feinabstreifer mit hartmetallklingen l \u2013 Parabolabstreifer mit sehr guter Reinigungswirkung. Arcus Feinabstreifer 9800 mit Abstreifsegmenten aus Polyurethan mit eingegossenem...","og_url":"https:\/\/vendig.se\/produkt\/arcus-feinabstreifer-9800\/?lang=de","og_site_name":"Vendig.se","article_modified_time":"2026-04-19T04:59:24+00:00","og_image":[{"width":750,"height":462,"url":"https:\/\/vendig.se\/wp-content\/uploads\/2024\/02\/9800_1.webp","type":"image\/webp"}],"twitter_card":"summary_large_image","schema":{"@context":"https:\/\/schema.org","@graph":[{"@type":"WebPage","@id":"https:\/\/vendig.se\/produkt\/arcus-feinabstreifer-9800\/?lang=de","url":"https:\/\/vendig.se\/produkt\/arcus-feinabstreifer-9800\/?lang=de","name":"ARCUS FEINABSTREIFER 9800 - Vendig.se","isPartOf":{"@id":"https:\/\/vendig.se\/#website"},"primaryImageOfPage":{"@id":"https:\/\/vendig.se\/produkt\/arcus-feinabstreifer-9800\/?lang=de#primaryimage"},"image":{"@id":"https:\/\/vendig.se\/produkt\/arcus-feinabstreifer-9800\/?lang=de#primaryimage"},"thumbnailUrl":"https:\/\/vendig.se\/wp-content\/uploads\/2024\/02\/9800_1.webp","datePublished":"2021-10-06T06:52:28+00:00","dateModified":"2026-04-19T04:59:24+00:00","breadcrumb":{"@id":"https:\/\/vendig.se\/produkt\/arcus-feinabstreifer-9800\/?lang=de#breadcrumb"},"inLanguage":"de","potentialAction":[{"@type":"ReadAction","target":["https:\/\/vendig.se\/produkt\/arcus-feinabstreifer-9800\/?lang=de"]}]},{"@type":"ImageObject","inLanguage":"de","@id":"https:\/\/vendig.se\/produkt\/arcus-feinabstreifer-9800\/?lang=de#primaryimage","url":"https:\/\/vendig.se\/wp-content\/uploads\/2024\/02\/9800_1.webp","contentUrl":"https:\/\/vendig.se\/wp-content\/uploads\/2024\/02\/9800_1.webp","width":750,"height":462},{"@type":"BreadcrumbList","@id":"https:\/\/vendig.se\/produkt\/arcus-feinabstreifer-9800\/?lang=de#breadcrumb","itemListElement":[{"@type":"ListItem","position":1,"name":"Home","item":"https:\/\/vendig.se\/de\/"},{"@type":"ListItem","position":2,"name":"Produkte","item":"https:\/\/vendig.se\/laden\/?lang=de"},{"@type":"ListItem","position":3,"name":"ARCUS FEINABSTREIFER 9800"}]},{"@type":"WebSite","@id":"https:\/\/vendig.se\/#website","url":"https:\/\/vendig.se\/","name":"Vendig.se","description":"VENDIG LEVERERAR TRANSPORT\u00d6RKOMPONENTER!","publisher":{"@id":"https:\/\/vendig.se\/#organization"},"potentialAction":[{"@type":"SearchAction","target":{"@type":"EntryPoint","urlTemplate":"https:\/\/vendig.se\/?s={search_term_string}"},"query-input":{"@type":"PropertyValueSpecification","valueRequired":true,"valueName":"search_term_string"}}],"inLanguage":"de"},{"@type":"Organization","@id":"https:\/\/vendig.se\/#organization","name":"Vendig.se","url":"https:\/\/vendig.se\/","logo":{"@type":"ImageObject","inLanguage":"de","@id":"https:\/\/vendig.se\/#\/schema\/logo\/image\/","url":"https:\/\/vendig.se\/wp-content\/uploads\/2021\/09\/cropped-cropped-logo-4.png","contentUrl":"https:\/\/vendig.se\/wp-content\/uploads\/2021\/09\/cropped-cropped-logo-4.png","width":479,"height":69,"caption":"Vendig.se"},"image":{"@id":"https:\/\/vendig.se\/#\/schema\/logo\/image\/"}}]}},"uagb_featured_image_src":{"full":["https:\/\/vendig.se\/wp-content\/uploads\/2024\/02\/9800_1.webp",750,462,false],"thumbnail":["https:\/\/vendig.se\/wp-content\/uploads\/2024\/02\/9800_1-150x150.webp",150,150,true],"medium":["https:\/\/vendig.se\/wp-content\/uploads\/2024\/02\/9800_1-300x185.webp",300,185,true],"medium_large":["https:\/\/vendig.se\/wp-content\/uploads\/2024\/02\/9800_1.webp",750,462,false],"large":["https:\/\/vendig.se\/wp-content\/uploads\/2024\/02\/9800_1.webp",750,462,false],"1536x1536":["https:\/\/vendig.se\/wp-content\/uploads\/2024\/02\/9800_1.webp",750,462,false],"2048x2048":["https:\/\/vendig.se\/wp-content\/uploads\/2024\/02\/9800_1.webp",750,462,false],"gb-block-post-grid-landscape":["https:\/\/vendig.se\/wp-content\/uploads\/2024\/02\/9800_1-600x400.webp",600,400,true],"gb-block-post-grid-square":["https:\/\/vendig.se\/wp-content\/uploads\/2024\/02\/9800_1-600x462.webp",600,462,true],"woocommerce_thumbnail":["https:\/\/vendig.se\/wp-content\/uploads\/2024\/02\/9800_1-530x326.webp",530,326,true],"woocommerce_single":["https:\/\/vendig.se\/wp-content\/uploads\/2024\/02\/9800_1-720x444.webp",720,444,true],"woocommerce_gallery_thumbnail":["https:\/\/vendig.se\/wp-content\/uploads\/2024\/02\/9800_1-100x100.webp",100,100,true],"dgwt-wcas-product-suggestion":["https:\/\/vendig.se\/wp-content\/uploads\/2024\/02\/9800_1-64x39.webp",64,39,true]},"uagb_author_info":{"display_name":"itstodvendig","author_link":"https:\/\/vendig.se\/de\/author\/"},"uagb_comment_info":0,"uagb_excerpt":"Arcus feinabstreifer mit hartmetallklingen l \u2013 Parabolabstreifer mit sehr guter Reinigungswirkung. Arcus Feinabstreifer 9800 mit Abstreifsegmenten aus Polyurethan mit eingegossenem...","_links":{"self":[{"href":"https:\/\/vendig.se\/de\/wp-json\/wp\/v2\/product\/191156","targetHints":{"allow":["GET"]}}],"collection":[{"href":"https:\/\/vendig.se\/de\/wp-json\/wp\/v2\/product"}],"about":[{"href":"https:\/\/vendig.se\/de\/wp-json\/wp\/v2\/types\/product"}],"wp:featuredmedia":[{"embeddable":true,"href":"https:\/\/vendig.se\/de\/wp-json\/wp\/v2\/media\/199065"}],"wp:attachment":[{"href":"https:\/\/vendig.se\/de\/wp-json\/wp\/v2\/media?parent=191156"}],"wp:term":[{"taxonomy":"product_brand","embeddable":true,"href":"https:\/\/vendig.se\/de\/wp-json\/wp\/v2\/product_brand?post=191156"},{"taxonomy":"product_cat","embeddable":true,"href":"https:\/\/vendig.se\/de\/wp-json\/wp\/v2\/product_cat?post=191156"},{"taxonomy":"product_tag","embeddable":true,"href":"https:\/\/vendig.se\/de\/wp-json\/wp\/v2\/product_tag?post=191156"}],"curies":[{"name":"wp","href":"https:\/\/api.w.org\/{rel}","templated":true}]}}