{"id":191185,"date":"2021-10-06T08:52:44","date_gmt":"2021-10-06T06:52:44","guid":{"rendered":"https:\/\/vendig.se\/sirius-9900\/"},"modified":"2026-04-19T07:00:19","modified_gmt":"2026-04-19T05:00:19","slug":"sirius-9900","status":"publish","type":"product","link":"https:\/\/vendig.se\/de\/produkt\/sirius-9900\/","title":{"rendered":"SIRIUS 9900"},"content":{"rendered":"<h2>Sirius\u00ae vorabstreifer mit polyurethansegmenten<\/h2>\n<h3>\u2013 Wartungsfreundlicher Vorabstreifer aus verschlei\u00dfbest\u00e4ndigem olyurethan.<\/h3>\n<p>    Der Sirius Vorabstreifer 9900 ist ein F\u00f6rderbandabstreifer aus verschlei\u00dfbest\u00e4ndigem Polyurethan mit individuellen Segmenten, die in einer abnehmbaren Kassette montiert sind.     Jedes Segment kann beim Auswechseln oder bei der Reinigung einfach abgenommen werden. Ohne jegliches Werkzeug zieht man entweder seitlich daran oder l\u00e4sst es im Aluminiumprofil einrasten. Diese \u201afast-connect\u2018 L\u00f6sung besitzt das <b> europ\u00e4ische Patent2805901.<\/b>    Unser einzigartiger Federhebelarm sorgt daf\u00fcr, dass der richtige Druck auf das Band aufrechterhalten wird, was den Service vereinfacht und den Wartungsbedarf verringert.     Der Vorabstreifer wird an der F\u00f6rderrolle angebracht, direkt unter dem Materialfluss.    F\u00fcr Antriebsrollen mit \u00d8 220-630mm empfohlen.<\/p>\n","protected":false},"excerpt":{"rendered":"<p>Sirius\u00ae vorabstreifer mit polyurethansegmenten \u2013 Wartungsfreundlicher Vorabstreifer aus verschlei\u00dfbest\u00e4ndigem olyurethan. Der Sirius Vorabstreifer 9900 ist ein F\u00f6rderbandabstreifer aus verschlei\u00dfbest\u00e4ndigem Polyurethan&#8230;<\/p>\n","protected":false},"featured_media":199031,"template":"","meta":{"_acf_changed":false,"_uag_custom_page_level_css":"","_themeisle_gutenberg_block_has_review":false},"product_brand":[],"product_cat":[769,275],"product_tag":[],"class_list":{"0":"post-191185","1":"product","2":"type-product","3":"status-publish","4":"has-post-thumbnail","6":"product_cat-vorabstreifer","7":"product_cat-bandafskrapen","9":"first","10":"instock","11":"taxable","12":"shipping-taxable","13":"purchasable","14":"product-type-variable"},"acf":{"itstod_erp_ignore_discount":false},"yoast_head":"<!-- This site is optimized with the Yoast SEO plugin v27.0 - https:\/\/yoast.com\/product\/yoast-seo-wordpress\/ -->\n<title>SIRIUS 9900 - Vendig.se<\/title>\n<meta name=\"robots\" content=\"index, follow, max-snippet:-1, max-image-preview:large, max-video-preview:-1\" \/>\n<link rel=\"canonical\" href=\"https:\/\/vendig.se\/produkt\/sirius-9900\/?lang=de\" \/>\n<meta property=\"og:locale\" content=\"de_DE\" \/>\n<meta property=\"og:type\" content=\"article\" \/>\n<meta property=\"og:title\" content=\"SIRIUS 9900 - Vendig.se\" \/>\n<meta property=\"og:description\" content=\"Sirius\u00ae vorabstreifer mit polyurethansegmenten \u2013 Wartungsfreundlicher Vorabstreifer aus verschlei\u00dfbest\u00e4ndigem olyurethan. Der Sirius Vorabstreifer 9900 ist ein F\u00f6rderbandabstreifer aus verschlei\u00dfbest\u00e4ndigem Polyurethan...\" \/>\n<meta property=\"og:url\" content=\"https:\/\/vendig.se\/produkt\/sirius-9900\/?lang=de\" \/>\n<meta property=\"og:site_name\" content=\"Vendig.se\" \/>\n<meta property=\"article:modified_time\" content=\"2026-04-19T05:00:19+00:00\" \/>\n<meta property=\"og:image\" content=\"https:\/\/vendig.se\/wp-content\/uploads\/2024\/02\/9900.webp\" \/>\n\t<meta property=\"og:image:width\" content=\"750\" \/>\n\t<meta property=\"og:image:height\" content=\"462\" \/>\n\t<meta property=\"og:image:type\" content=\"image\/webp\" \/>\n<meta name=\"twitter:card\" content=\"summary_large_image\" \/>\n<meta name=\"twitter:label1\" content=\"Gesch\u00e4tzte Lesezeit\" \/>\n\t<meta name=\"twitter:data1\" content=\"1\u00a0Minute\" \/>\n<!-- \/ Yoast SEO plugin. -->","yoast_head_json":{"title":"SIRIUS 9900 - Vendig.se","robots":{"index":"index","follow":"follow","max-snippet":"max-snippet:-1","max-image-preview":"max-image-preview:large","max-video-preview":"max-video-preview:-1"},"canonical":"https:\/\/vendig.se\/produkt\/sirius-9900\/?lang=de","og_locale":"de_DE","og_type":"article","og_title":"SIRIUS 9900 - Vendig.se","og_description":"Sirius\u00ae vorabstreifer mit polyurethansegmenten \u2013 Wartungsfreundlicher Vorabstreifer aus verschlei\u00dfbest\u00e4ndigem olyurethan. Der Sirius Vorabstreifer 9900 ist ein F\u00f6rderbandabstreifer aus verschlei\u00dfbest\u00e4ndigem Polyurethan...","og_url":"https:\/\/vendig.se\/produkt\/sirius-9900\/?lang=de","og_site_name":"Vendig.se","article_modified_time":"2026-04-19T05:00:19+00:00","og_image":[{"width":750,"height":462,"url":"https:\/\/vendig.se\/wp-content\/uploads\/2024\/02\/9900.webp","type":"image\/webp"}],"twitter_card":"summary_large_image","twitter_misc":{"Gesch\u00e4tzte Lesezeit":"1\u00a0Minute"},"schema":{"@context":"https:\/\/schema.org","@graph":[{"@type":"WebPage","@id":"https:\/\/vendig.se\/produkt\/sirius-9900\/?lang=de","url":"https:\/\/vendig.se\/produkt\/sirius-9900\/?lang=de","name":"SIRIUS 9900 - Vendig.se","isPartOf":{"@id":"https:\/\/vendig.se\/#website"},"primaryImageOfPage":{"@id":"https:\/\/vendig.se\/produkt\/sirius-9900\/?lang=de#primaryimage"},"image":{"@id":"https:\/\/vendig.se\/produkt\/sirius-9900\/?lang=de#primaryimage"},"thumbnailUrl":"https:\/\/vendig.se\/wp-content\/uploads\/2024\/02\/9900.webp","datePublished":"2021-10-06T06:52:44+00:00","dateModified":"2026-04-19T05:00:19+00:00","breadcrumb":{"@id":"https:\/\/vendig.se\/produkt\/sirius-9900\/?lang=de#breadcrumb"},"inLanguage":"de","potentialAction":[{"@type":"ReadAction","target":["https:\/\/vendig.se\/produkt\/sirius-9900\/?lang=de"]}]},{"@type":"ImageObject","inLanguage":"de","@id":"https:\/\/vendig.se\/produkt\/sirius-9900\/?lang=de#primaryimage","url":"https:\/\/vendig.se\/wp-content\/uploads\/2024\/02\/9900.webp","contentUrl":"https:\/\/vendig.se\/wp-content\/uploads\/2024\/02\/9900.webp","width":750,"height":462},{"@type":"BreadcrumbList","@id":"https:\/\/vendig.se\/produkt\/sirius-9900\/?lang=de#breadcrumb","itemListElement":[{"@type":"ListItem","position":1,"name":"Home","item":"https:\/\/vendig.se\/de\/"},{"@type":"ListItem","position":2,"name":"Produkte","item":"https:\/\/vendig.se\/laden\/?lang=de"},{"@type":"ListItem","position":3,"name":"SIRIUS 9900"}]},{"@type":"WebSite","@id":"https:\/\/vendig.se\/#website","url":"https:\/\/vendig.se\/","name":"Vendig.se","description":"VENDIG LEVERERAR TRANSPORT\u00d6RKOMPONENTER!","publisher":{"@id":"https:\/\/vendig.se\/#organization"},"potentialAction":[{"@type":"SearchAction","target":{"@type":"EntryPoint","urlTemplate":"https:\/\/vendig.se\/?s={search_term_string}"},"query-input":{"@type":"PropertyValueSpecification","valueRequired":true,"valueName":"search_term_string"}}],"inLanguage":"de"},{"@type":"Organization","@id":"https:\/\/vendig.se\/#organization","name":"Vendig.se","url":"https:\/\/vendig.se\/","logo":{"@type":"ImageObject","inLanguage":"de","@id":"https:\/\/vendig.se\/#\/schema\/logo\/image\/","url":"https:\/\/vendig.se\/wp-content\/uploads\/2021\/09\/cropped-cropped-logo-4.png","contentUrl":"https:\/\/vendig.se\/wp-content\/uploads\/2021\/09\/cropped-cropped-logo-4.png","width":479,"height":69,"caption":"Vendig.se"},"image":{"@id":"https:\/\/vendig.se\/#\/schema\/logo\/image\/"}}]}},"uagb_featured_image_src":{"full":["https:\/\/vendig.se\/wp-content\/uploads\/2024\/02\/9900.webp",750,462,false],"thumbnail":["https:\/\/vendig.se\/wp-content\/uploads\/2024\/02\/9900-150x150.webp",150,150,true],"medium":["https:\/\/vendig.se\/wp-content\/uploads\/2024\/02\/9900-300x185.webp",300,185,true],"medium_large":["https:\/\/vendig.se\/wp-content\/uploads\/2024\/02\/9900.webp",750,462,false],"large":["https:\/\/vendig.se\/wp-content\/uploads\/2024\/02\/9900.webp",750,462,false],"1536x1536":["https:\/\/vendig.se\/wp-content\/uploads\/2024\/02\/9900.webp",750,462,false],"2048x2048":["https:\/\/vendig.se\/wp-content\/uploads\/2024\/02\/9900.webp",750,462,false],"gb-block-post-grid-landscape":["https:\/\/vendig.se\/wp-content\/uploads\/2024\/02\/9900-600x400.webp",600,400,true],"gb-block-post-grid-square":["https:\/\/vendig.se\/wp-content\/uploads\/2024\/02\/9900-600x462.webp",600,462,true],"woocommerce_thumbnail":["https:\/\/vendig.se\/wp-content\/uploads\/2024\/02\/9900-530x326.webp",530,326,true],"woocommerce_single":["https:\/\/vendig.se\/wp-content\/uploads\/2024\/02\/9900-720x444.webp",720,444,true],"woocommerce_gallery_thumbnail":["https:\/\/vendig.se\/wp-content\/uploads\/2024\/02\/9900-100x100.webp",100,100,true],"dgwt-wcas-product-suggestion":["https:\/\/vendig.se\/wp-content\/uploads\/2024\/02\/9900-64x39.webp",64,39,true]},"uagb_author_info":{"display_name":"itstodvendig","author_link":"https:\/\/vendig.se\/de\/author\/"},"uagb_comment_info":0,"uagb_excerpt":"Sirius\u00ae vorabstreifer mit polyurethansegmenten \u2013 Wartungsfreundlicher Vorabstreifer aus verschlei\u00dfbest\u00e4ndigem olyurethan. Der Sirius Vorabstreifer 9900 ist ein F\u00f6rderbandabstreifer aus verschlei\u00dfbest\u00e4ndigem Polyurethan...","_links":{"self":[{"href":"https:\/\/vendig.se\/de\/wp-json\/wp\/v2\/product\/191185","targetHints":{"allow":["GET"]}}],"collection":[{"href":"https:\/\/vendig.se\/de\/wp-json\/wp\/v2\/product"}],"about":[{"href":"https:\/\/vendig.se\/de\/wp-json\/wp\/v2\/types\/product"}],"wp:featuredmedia":[{"embeddable":true,"href":"https:\/\/vendig.se\/de\/wp-json\/wp\/v2\/media\/199031"}],"wp:attachment":[{"href":"https:\/\/vendig.se\/de\/wp-json\/wp\/v2\/media?parent=191185"}],"wp:term":[{"taxonomy":"product_brand","embeddable":true,"href":"https:\/\/vendig.se\/de\/wp-json\/wp\/v2\/product_brand?post=191185"},{"taxonomy":"product_cat","embeddable":true,"href":"https:\/\/vendig.se\/de\/wp-json\/wp\/v2\/product_cat?post=191185"},{"taxonomy":"product_tag","embeddable":true,"href":"https:\/\/vendig.se\/de\/wp-json\/wp\/v2\/product_tag?post=191185"}],"curies":[{"name":"wp","href":"https:\/\/api.w.org\/{rel}","templated":true}]}}