{"id":191213,"date":"2021-10-06T08:53:04","date_gmt":"2021-10-06T06:53:04","guid":{"rendered":"https:\/\/vendig.se\/sirius-hm-vorabstreifer-9930\/"},"modified":"2026-04-19T07:02:14","modified_gmt":"2026-04-19T05:02:14","slug":"sirius-hm-vorabstreifer-9930","status":"publish","type":"product","link":"https:\/\/vendig.se\/de\/produkt\/sirius-hm-vorabstreifer-9930\/","title":{"rendered":"SIRIUS HM VORABSTREIFER 9930"},"content":{"rendered":"<h2>Sirius\u00ae HM vorabstreifer mit hartmetallkante<\/h2>\n<h3>\u2013 Wartungsfreundlicher Vorabstreifer f\u00fcr den Einsatz in der Schwerindustrie.<\/h3>\n<p>  Angelehnt an unseren erfolgreichen Sirius Vorabstreifer wurde der Sirius HM f\u00fcr den anspruchsvolleren Einsatz entwickelt. In die Segmente mit dem neuartigen, patentierten Klick-System wurde eine Hartmetall-Kante eingegossen, dies verbindet die bew\u00e4hrte, einfache Montage und Wartung des Sirius mit hohen Anspr\u00fcchen an Sauberkeit und Haltbarkeit in schwerem Umfeld.     Jedes Segment kann einzeln f\u00fcr den Austausch oderReinigung entnommen werden. Das Abstreifsegment ist passend f\u00fcr Sirius 9900. 9931 ist mit 9901 austauschbar, dem Sirius Vorabstreifer Standardsegment. Die Segmente werden in ein Aluminiumprofil \u2019eingeklickt\u2019 oder k\u00f6nnen seitlich heraus geschoben werden, <b>Europ\u00e4isches Patent 2805901<\/b>.    Unser einzigartiger Federhebelarm sorgt daf\u00fcr, dass der richtige Druck auf das Band aufrechterhalten wird, was den Service vereinfacht und den Wartungsbedarf verringert.     Der Vorabstreifer wird an der F\u00f6rderrolle angebracht, direkt unter dem Materialfluss.      F\u00fcr Antriebsrollen mit \u00d8 220-630mm empfohlen.<\/p>\n","protected":false},"excerpt":{"rendered":"<p>Sirius\u00ae HM vorabstreifer mit hartmetallkante \u2013 Wartungsfreundlicher Vorabstreifer f\u00fcr den Einsatz in der Schwerindustrie. Angelehnt an unseren erfolgreichen Sirius Vorabstreifer&#8230;<\/p>\n","protected":false},"featured_media":199033,"template":"","meta":{"_acf_changed":false,"_uag_custom_page_level_css":"","_themeisle_gutenberg_block_has_review":false},"product_brand":[],"product_cat":[769,275],"product_tag":[],"class_list":{"0":"post-191213","1":"product","2":"type-product","3":"status-publish","4":"has-post-thumbnail","6":"product_cat-vorabstreifer","7":"product_cat-bandafskrapen","9":"first","10":"instock","11":"taxable","12":"shipping-taxable","13":"purchasable","14":"product-type-variable"},"acf":{"itstod_erp_ignore_discount":false},"yoast_head":"<!-- This site is optimized with the Yoast SEO plugin v27.0 - https:\/\/yoast.com\/product\/yoast-seo-wordpress\/ -->\n<title>SIRIUS HM VORABSTREIFER 9930 - Vendig.se<\/title>\n<meta name=\"robots\" content=\"index, follow, max-snippet:-1, max-image-preview:large, max-video-preview:-1\" \/>\n<link rel=\"canonical\" href=\"https:\/\/vendig.se\/produkt\/sirius-hm-vorabstreifer-9930\/?lang=de\" \/>\n<meta property=\"og:locale\" content=\"de_DE\" \/>\n<meta property=\"og:type\" content=\"article\" \/>\n<meta property=\"og:title\" content=\"SIRIUS HM VORABSTREIFER 9930 - Vendig.se\" \/>\n<meta property=\"og:description\" content=\"Sirius\u00ae HM vorabstreifer mit hartmetallkante \u2013 Wartungsfreundlicher Vorabstreifer f\u00fcr den Einsatz in der Schwerindustrie. Angelehnt an unseren erfolgreichen Sirius Vorabstreifer...\" \/>\n<meta property=\"og:url\" content=\"https:\/\/vendig.se\/produkt\/sirius-hm-vorabstreifer-9930\/?lang=de\" \/>\n<meta property=\"og:site_name\" content=\"Vendig.se\" \/>\n<meta property=\"article:modified_time\" content=\"2026-04-19T05:02:14+00:00\" \/>\n<meta property=\"og:image\" content=\"https:\/\/vendig.se\/wp-content\/uploads\/2024\/02\/9930.webp\" \/>\n\t<meta property=\"og:image:width\" content=\"750\" \/>\n\t<meta property=\"og:image:height\" content=\"462\" \/>\n\t<meta property=\"og:image:type\" content=\"image\/webp\" \/>\n<meta name=\"twitter:card\" content=\"summary_large_image\" \/>\n<meta name=\"twitter:label1\" content=\"Gesch\u00e4tzte Lesezeit\" \/>\n\t<meta name=\"twitter:data1\" content=\"1\u00a0Minute\" \/>\n<!-- \/ Yoast SEO plugin. -->","yoast_head_json":{"title":"SIRIUS HM VORABSTREIFER 9930 - Vendig.se","robots":{"index":"index","follow":"follow","max-snippet":"max-snippet:-1","max-image-preview":"max-image-preview:large","max-video-preview":"max-video-preview:-1"},"canonical":"https:\/\/vendig.se\/produkt\/sirius-hm-vorabstreifer-9930\/?lang=de","og_locale":"de_DE","og_type":"article","og_title":"SIRIUS HM VORABSTREIFER 9930 - Vendig.se","og_description":"Sirius\u00ae HM vorabstreifer mit hartmetallkante \u2013 Wartungsfreundlicher Vorabstreifer f\u00fcr den Einsatz in der Schwerindustrie. Angelehnt an unseren erfolgreichen Sirius Vorabstreifer...","og_url":"https:\/\/vendig.se\/produkt\/sirius-hm-vorabstreifer-9930\/?lang=de","og_site_name":"Vendig.se","article_modified_time":"2026-04-19T05:02:14+00:00","og_image":[{"width":750,"height":462,"url":"https:\/\/vendig.se\/wp-content\/uploads\/2024\/02\/9930.webp","type":"image\/webp"}],"twitter_card":"summary_large_image","twitter_misc":{"Gesch\u00e4tzte Lesezeit":"1\u00a0Minute"},"schema":{"@context":"https:\/\/schema.org","@graph":[{"@type":"WebPage","@id":"https:\/\/vendig.se\/produkt\/sirius-hm-vorabstreifer-9930\/?lang=de","url":"https:\/\/vendig.se\/produkt\/sirius-hm-vorabstreifer-9930\/?lang=de","name":"SIRIUS HM VORABSTREIFER 9930 - Vendig.se","isPartOf":{"@id":"https:\/\/vendig.se\/#website"},"primaryImageOfPage":{"@id":"https:\/\/vendig.se\/produkt\/sirius-hm-vorabstreifer-9930\/?lang=de#primaryimage"},"image":{"@id":"https:\/\/vendig.se\/produkt\/sirius-hm-vorabstreifer-9930\/?lang=de#primaryimage"},"thumbnailUrl":"https:\/\/vendig.se\/wp-content\/uploads\/2024\/02\/9930.webp","datePublished":"2021-10-06T06:53:04+00:00","dateModified":"2026-04-19T05:02:14+00:00","breadcrumb":{"@id":"https:\/\/vendig.se\/produkt\/sirius-hm-vorabstreifer-9930\/?lang=de#breadcrumb"},"inLanguage":"de","potentialAction":[{"@type":"ReadAction","target":["https:\/\/vendig.se\/produkt\/sirius-hm-vorabstreifer-9930\/?lang=de"]}]},{"@type":"ImageObject","inLanguage":"de","@id":"https:\/\/vendig.se\/produkt\/sirius-hm-vorabstreifer-9930\/?lang=de#primaryimage","url":"https:\/\/vendig.se\/wp-content\/uploads\/2024\/02\/9930.webp","contentUrl":"https:\/\/vendig.se\/wp-content\/uploads\/2024\/02\/9930.webp","width":750,"height":462},{"@type":"BreadcrumbList","@id":"https:\/\/vendig.se\/produkt\/sirius-hm-vorabstreifer-9930\/?lang=de#breadcrumb","itemListElement":[{"@type":"ListItem","position":1,"name":"Home","item":"https:\/\/vendig.se\/de\/"},{"@type":"ListItem","position":2,"name":"Produkte","item":"https:\/\/vendig.se\/laden\/?lang=de"},{"@type":"ListItem","position":3,"name":"SIRIUS HM VORABSTREIFER 9930"}]},{"@type":"WebSite","@id":"https:\/\/vendig.se\/#website","url":"https:\/\/vendig.se\/","name":"Vendig.se","description":"VENDIG LEVERERAR TRANSPORT\u00d6RKOMPONENTER!","publisher":{"@id":"https:\/\/vendig.se\/#organization"},"potentialAction":[{"@type":"SearchAction","target":{"@type":"EntryPoint","urlTemplate":"https:\/\/vendig.se\/?s={search_term_string}"},"query-input":{"@type":"PropertyValueSpecification","valueRequired":true,"valueName":"search_term_string"}}],"inLanguage":"de"},{"@type":"Organization","@id":"https:\/\/vendig.se\/#organization","name":"Vendig.se","url":"https:\/\/vendig.se\/","logo":{"@type":"ImageObject","inLanguage":"de","@id":"https:\/\/vendig.se\/#\/schema\/logo\/image\/","url":"https:\/\/vendig.se\/wp-content\/uploads\/2021\/09\/cropped-cropped-logo-4.png","contentUrl":"https:\/\/vendig.se\/wp-content\/uploads\/2021\/09\/cropped-cropped-logo-4.png","width":479,"height":69,"caption":"Vendig.se"},"image":{"@id":"https:\/\/vendig.se\/#\/schema\/logo\/image\/"}}]}},"uagb_featured_image_src":{"full":["https:\/\/vendig.se\/wp-content\/uploads\/2024\/02\/9930.webp",750,462,false],"thumbnail":["https:\/\/vendig.se\/wp-content\/uploads\/2024\/02\/9930-150x150.webp",150,150,true],"medium":["https:\/\/vendig.se\/wp-content\/uploads\/2024\/02\/9930-300x185.webp",300,185,true],"medium_large":["https:\/\/vendig.se\/wp-content\/uploads\/2024\/02\/9930.webp",750,462,false],"large":["https:\/\/vendig.se\/wp-content\/uploads\/2024\/02\/9930.webp",750,462,false],"1536x1536":["https:\/\/vendig.se\/wp-content\/uploads\/2024\/02\/9930.webp",750,462,false],"2048x2048":["https:\/\/vendig.se\/wp-content\/uploads\/2024\/02\/9930.webp",750,462,false],"gb-block-post-grid-landscape":["https:\/\/vendig.se\/wp-content\/uploads\/2024\/02\/9930-600x400.webp",600,400,true],"gb-block-post-grid-square":["https:\/\/vendig.se\/wp-content\/uploads\/2024\/02\/9930-600x462.webp",600,462,true],"woocommerce_thumbnail":["https:\/\/vendig.se\/wp-content\/uploads\/2024\/02\/9930-530x326.webp",530,326,true],"woocommerce_single":["https:\/\/vendig.se\/wp-content\/uploads\/2024\/02\/9930-720x444.webp",720,444,true],"woocommerce_gallery_thumbnail":["https:\/\/vendig.se\/wp-content\/uploads\/2024\/02\/9930-100x100.webp",100,100,true],"dgwt-wcas-product-suggestion":["https:\/\/vendig.se\/wp-content\/uploads\/2024\/02\/9930-64x39.webp",64,39,true]},"uagb_author_info":{"display_name":"itstodvendig","author_link":"https:\/\/vendig.se\/de\/author\/"},"uagb_comment_info":0,"uagb_excerpt":"Sirius\u00ae HM vorabstreifer mit hartmetallkante \u2013 Wartungsfreundlicher Vorabstreifer f\u00fcr den Einsatz in der Schwerindustrie. Angelehnt an unseren erfolgreichen Sirius Vorabstreifer...","_links":{"self":[{"href":"https:\/\/vendig.se\/de\/wp-json\/wp\/v2\/product\/191213","targetHints":{"allow":["GET"]}}],"collection":[{"href":"https:\/\/vendig.se\/de\/wp-json\/wp\/v2\/product"}],"about":[{"href":"https:\/\/vendig.se\/de\/wp-json\/wp\/v2\/types\/product"}],"wp:featuredmedia":[{"embeddable":true,"href":"https:\/\/vendig.se\/de\/wp-json\/wp\/v2\/media\/199033"}],"wp:attachment":[{"href":"https:\/\/vendig.se\/de\/wp-json\/wp\/v2\/media?parent=191213"}],"wp:term":[{"taxonomy":"product_brand","embeddable":true,"href":"https:\/\/vendig.se\/de\/wp-json\/wp\/v2\/product_brand?post=191213"},{"taxonomy":"product_cat","embeddable":true,"href":"https:\/\/vendig.se\/de\/wp-json\/wp\/v2\/product_cat?post=191213"},{"taxonomy":"product_tag","embeddable":true,"href":"https:\/\/vendig.se\/de\/wp-json\/wp\/v2\/product_tag?post=191213"}],"curies":[{"name":"wp","href":"https:\/\/api.w.org\/{rel}","templated":true}]}}