{"id":191751,"date":"2023-10-04T08:48:09","date_gmt":"2023-10-04T06:48:09","guid":{"rendered":"https:\/\/vendig.se\/hampus-vorabstreifer-9100-pu-2\/"},"modified":"2026-04-19T06:48:45","modified_gmt":"2026-04-19T04:48:45","slug":"hampus-vorabstreifer-9100-pu-2","status":"publish","type":"product","link":"https:\/\/vendig.se\/de\/produkt\/hampus-vorabstreifer-9100-pu-2\/","title":{"rendered":"Hampus Vorabstreifer 9100-PU"},"content":{"rendered":"<h2>Hampus vorabstreifer mit PU<\/h2>\n<h3>\u2013 Erweiterung unserer Hampus-Familie.<\/h3>\n<p>  Hampus ist unsere vielseitigste Bandabstreifer-Serie, passend f\u00fcr die meisten Anwendungsgebiete. Die Abstreifer bestehen aus individuell befestigten Abstreifersegmenten, die sich unabh\u00e4ngig voneinander bewegen k\u00f6nnen und daher maximale Flexibilit\u00e4t f\u00fcr eine sehr effektive Reinigung bieten.    PU-Abstreifer sind weniger hart zu gebrauchten Gummi-F\u00f6rderb\u00e4ndern und daher eine popul\u00e4re Alternative unserer Kunden. Die Segmente k\u00f6nnen auf die Bed\u00fcrfnisse verschiedener spezialisierter Einsatzgebiete angepasst werden, z.B. f\u00fcrdie Lebensmittelindustrie. Kann auch gut im reversiblen Betrieb eingesetzt werden.     Das Abstreiferblatt ist mit dem Hampus-Tr\u00e4ger kompatible. 9102-V3 ist mit 9101 austauschbar, dem Hampus standard Vorabstreifer-Segment.     F\u00fcr Antriebsrollen mit \u00d8 220-630mm empfohlen.<\/p>\n","protected":false},"excerpt":{"rendered":"<p>Hampus vorabstreifer mit PU \u2013 Erweiterung unserer Hampus-Familie. Hampus ist unsere vielseitigste Bandabstreifer-Serie, passend f\u00fcr die meisten Anwendungsgebiete. Die Abstreifer&#8230;<\/p>\n","protected":false},"featured_media":189651,"template":"","meta":{"_acf_changed":false,"_uag_custom_page_level_css":"","_themeisle_gutenberg_block_has_review":false},"product_brand":[],"product_cat":[769,275],"product_tag":[],"class_list":{"0":"post-191751","1":"product","2":"type-product","3":"status-publish","4":"has-post-thumbnail","6":"product_cat-vorabstreifer","7":"product_cat-bandafskrapen","9":"first","10":"instock","11":"taxable","12":"shipping-taxable","13":"purchasable","14":"product-type-variable"},"acf":{"itstod_erp_ignore_discount":false},"yoast_head":"<!-- This site is optimized with the Yoast SEO plugin v27.0 - https:\/\/yoast.com\/product\/yoast-seo-wordpress\/ -->\n<title>Hampus Vorabstreifer 9100-PU - Vendig.se<\/title>\n<meta name=\"robots\" content=\"index, follow, max-snippet:-1, max-image-preview:large, max-video-preview:-1\" \/>\n<link rel=\"canonical\" href=\"https:\/\/vendig.se\/produkt\/hampus-vorabstreifer-9100-pu-2\/?lang=de\" \/>\n<meta property=\"og:locale\" content=\"de_DE\" \/>\n<meta property=\"og:type\" content=\"article\" \/>\n<meta property=\"og:title\" content=\"Hampus Vorabstreifer 9100-PU - Vendig.se\" \/>\n<meta property=\"og:description\" content=\"Hampus vorabstreifer mit PU \u2013 Erweiterung unserer Hampus-Familie. Hampus ist unsere vielseitigste Bandabstreifer-Serie, passend f\u00fcr die meisten Anwendungsgebiete. Die Abstreifer...\" \/>\n<meta property=\"og:url\" content=\"https:\/\/vendig.se\/produkt\/hampus-vorabstreifer-9100-pu-2\/?lang=de\" \/>\n<meta property=\"og:site_name\" content=\"Vendig.se\" \/>\n<meta property=\"article:modified_time\" content=\"2026-04-19T04:48:45+00:00\" \/>\n<meta property=\"og:image\" content=\"https:\/\/vendig.se\/wp-content\/uploads\/2024\/02\/9100-PU_1.webp\" \/>\n\t<meta property=\"og:image:width\" content=\"750\" \/>\n\t<meta property=\"og:image:height\" content=\"462\" \/>\n\t<meta property=\"og:image:type\" content=\"image\/webp\" \/>\n<meta name=\"twitter:card\" content=\"summary_large_image\" \/>\n<meta name=\"twitter:label1\" content=\"Gesch\u00e4tzte Lesezeit\" \/>\n\t<meta name=\"twitter:data1\" content=\"1\u00a0Minute\" \/>\n<!-- \/ Yoast SEO plugin. -->","yoast_head_json":{"title":"Hampus Vorabstreifer 9100-PU - Vendig.se","robots":{"index":"index","follow":"follow","max-snippet":"max-snippet:-1","max-image-preview":"max-image-preview:large","max-video-preview":"max-video-preview:-1"},"canonical":"https:\/\/vendig.se\/produkt\/hampus-vorabstreifer-9100-pu-2\/?lang=de","og_locale":"de_DE","og_type":"article","og_title":"Hampus Vorabstreifer 9100-PU - Vendig.se","og_description":"Hampus vorabstreifer mit PU \u2013 Erweiterung unserer Hampus-Familie. Hampus ist unsere vielseitigste Bandabstreifer-Serie, passend f\u00fcr die meisten Anwendungsgebiete. Die Abstreifer...","og_url":"https:\/\/vendig.se\/produkt\/hampus-vorabstreifer-9100-pu-2\/?lang=de","og_site_name":"Vendig.se","article_modified_time":"2026-04-19T04:48:45+00:00","og_image":[{"width":750,"height":462,"url":"https:\/\/vendig.se\/wp-content\/uploads\/2024\/02\/9100-PU_1.webp","type":"image\/webp"}],"twitter_card":"summary_large_image","twitter_misc":{"Gesch\u00e4tzte Lesezeit":"1\u00a0Minute"},"schema":{"@context":"https:\/\/schema.org","@graph":[{"@type":"WebPage","@id":"https:\/\/vendig.se\/produkt\/hampus-vorabstreifer-9100-pu-2\/?lang=de","url":"https:\/\/vendig.se\/produkt\/hampus-vorabstreifer-9100-pu-2\/?lang=de","name":"Hampus Vorabstreifer 9100-PU - Vendig.se","isPartOf":{"@id":"https:\/\/vendig.se\/#website"},"primaryImageOfPage":{"@id":"https:\/\/vendig.se\/produkt\/hampus-vorabstreifer-9100-pu-2\/?lang=de#primaryimage"},"image":{"@id":"https:\/\/vendig.se\/produkt\/hampus-vorabstreifer-9100-pu-2\/?lang=de#primaryimage"},"thumbnailUrl":"https:\/\/vendig.se\/wp-content\/uploads\/2024\/02\/9100-PU_1.webp","datePublished":"2023-10-04T06:48:09+00:00","dateModified":"2026-04-19T04:48:45+00:00","breadcrumb":{"@id":"https:\/\/vendig.se\/produkt\/hampus-vorabstreifer-9100-pu-2\/?lang=de#breadcrumb"},"inLanguage":"de","potentialAction":[{"@type":"ReadAction","target":["https:\/\/vendig.se\/produkt\/hampus-vorabstreifer-9100-pu-2\/?lang=de"]}]},{"@type":"ImageObject","inLanguage":"de","@id":"https:\/\/vendig.se\/produkt\/hampus-vorabstreifer-9100-pu-2\/?lang=de#primaryimage","url":"https:\/\/vendig.se\/wp-content\/uploads\/2024\/02\/9100-PU_1.webp","contentUrl":"https:\/\/vendig.se\/wp-content\/uploads\/2024\/02\/9100-PU_1.webp","width":750,"height":462},{"@type":"BreadcrumbList","@id":"https:\/\/vendig.se\/produkt\/hampus-vorabstreifer-9100-pu-2\/?lang=de#breadcrumb","itemListElement":[{"@type":"ListItem","position":1,"name":"Home","item":"https:\/\/vendig.se\/de\/"},{"@type":"ListItem","position":2,"name":"Produkte","item":"https:\/\/vendig.se\/laden\/?lang=de"},{"@type":"ListItem","position":3,"name":"Hampus Vorabstreifer 9100-PU"}]},{"@type":"WebSite","@id":"https:\/\/vendig.se\/#website","url":"https:\/\/vendig.se\/","name":"Vendig.se","description":"VENDIG LEVERERAR TRANSPORT\u00d6RKOMPONENTER!","publisher":{"@id":"https:\/\/vendig.se\/#organization"},"potentialAction":[{"@type":"SearchAction","target":{"@type":"EntryPoint","urlTemplate":"https:\/\/vendig.se\/?s={search_term_string}"},"query-input":{"@type":"PropertyValueSpecification","valueRequired":true,"valueName":"search_term_string"}}],"inLanguage":"de"},{"@type":"Organization","@id":"https:\/\/vendig.se\/#organization","name":"Vendig.se","url":"https:\/\/vendig.se\/","logo":{"@type":"ImageObject","inLanguage":"de","@id":"https:\/\/vendig.se\/#\/schema\/logo\/image\/","url":"https:\/\/vendig.se\/wp-content\/uploads\/2021\/09\/cropped-cropped-logo-4.png","contentUrl":"https:\/\/vendig.se\/wp-content\/uploads\/2021\/09\/cropped-cropped-logo-4.png","width":479,"height":69,"caption":"Vendig.se"},"image":{"@id":"https:\/\/vendig.se\/#\/schema\/logo\/image\/"}}]}},"uagb_featured_image_src":{"full":["https:\/\/vendig.se\/wp-content\/uploads\/2024\/02\/9100-PU_1.webp",750,462,false],"thumbnail":["https:\/\/vendig.se\/wp-content\/uploads\/2024\/02\/9100-PU_1-150x150.webp",150,150,true],"medium":["https:\/\/vendig.se\/wp-content\/uploads\/2024\/02\/9100-PU_1-300x185.webp",300,185,true],"medium_large":["https:\/\/vendig.se\/wp-content\/uploads\/2024\/02\/9100-PU_1.webp",750,462,false],"large":["https:\/\/vendig.se\/wp-content\/uploads\/2024\/02\/9100-PU_1.webp",750,462,false],"1536x1536":["https:\/\/vendig.se\/wp-content\/uploads\/2024\/02\/9100-PU_1.webp",750,462,false],"2048x2048":["https:\/\/vendig.se\/wp-content\/uploads\/2024\/02\/9100-PU_1.webp",750,462,false],"gb-block-post-grid-landscape":["https:\/\/vendig.se\/wp-content\/uploads\/2024\/02\/9100-PU_1-600x400.webp",600,400,true],"gb-block-post-grid-square":["https:\/\/vendig.se\/wp-content\/uploads\/2024\/02\/9100-PU_1-600x462.webp",600,462,true],"woocommerce_thumbnail":["https:\/\/vendig.se\/wp-content\/uploads\/2024\/02\/9100-PU_1-530x326.webp",530,326,true],"woocommerce_single":["https:\/\/vendig.se\/wp-content\/uploads\/2024\/02\/9100-PU_1-720x444.webp",720,444,true],"woocommerce_gallery_thumbnail":["https:\/\/vendig.se\/wp-content\/uploads\/2024\/02\/9100-PU_1-100x100.webp",100,100,true],"dgwt-wcas-product-suggestion":["https:\/\/vendig.se\/wp-content\/uploads\/2024\/02\/9100-PU_1-64x39.webp",64,39,true]},"uagb_author_info":{"display_name":"itstodvendig","author_link":"https:\/\/vendig.se\/de\/author\/"},"uagb_comment_info":0,"uagb_excerpt":"Hampus vorabstreifer mit PU \u2013 Erweiterung unserer Hampus-Familie. Hampus ist unsere vielseitigste Bandabstreifer-Serie, passend f\u00fcr die meisten Anwendungsgebiete. Die Abstreifer...","_links":{"self":[{"href":"https:\/\/vendig.se\/de\/wp-json\/wp\/v2\/product\/191751","targetHints":{"allow":["GET"]}}],"collection":[{"href":"https:\/\/vendig.se\/de\/wp-json\/wp\/v2\/product"}],"about":[{"href":"https:\/\/vendig.se\/de\/wp-json\/wp\/v2\/types\/product"}],"wp:featuredmedia":[{"embeddable":true,"href":"https:\/\/vendig.se\/de\/wp-json\/wp\/v2\/media\/189651"}],"wp:attachment":[{"href":"https:\/\/vendig.se\/de\/wp-json\/wp\/v2\/media?parent=191751"}],"wp:term":[{"taxonomy":"product_brand","embeddable":true,"href":"https:\/\/vendig.se\/de\/wp-json\/wp\/v2\/product_brand?post=191751"},{"taxonomy":"product_cat","embeddable":true,"href":"https:\/\/vendig.se\/de\/wp-json\/wp\/v2\/product_cat?post=191751"},{"taxonomy":"product_tag","embeddable":true,"href":"https:\/\/vendig.se\/de\/wp-json\/wp\/v2\/product_tag?post=191751"}],"curies":[{"name":"wp","href":"https:\/\/api.w.org\/{rel}","templated":true}]}}