{"id":192214,"date":"2024-08-22T17:02:36","date_gmt":"2024-08-22T15:02:36","guid":{"rendered":"https:\/\/vendig.se\/vendig-prime-tracker-3100\/"},"modified":"2026-04-19T06:15:18","modified_gmt":"2026-04-19T04:15:18","slug":"vendig-prime-tracker-3100","status":"publish","type":"product","link":"https:\/\/vendig.se\/de\/produkt\/vendig-prime-tracker-3100\/","title":{"rendered":"VENDIG PRIME TRACKER 3100"},"content":{"rendered":"<h2>Vendigs langlebiger Prime Tracker<\/h2>\n<h3>\u2013 Eine aussergew\u00f6hnliche Bandf\u00fchrung, die auch im reversiblen Betrieb funktioniert.<\/h3>\n<p>  Keine Fehlausrichtungen, kein Rollenverschlei\u00df!  Eine Bandf\u00fchrung ist eine Rolle, die ein F\u00f6rderband, das beginnt zu wandern, in die Mitte zur\u00fcckf\u00fchrt. Schon kleine Abweichungen von der Mittellinie kosten Energie in Form von Verschlei\u00df von Rollen und B\u00e4ndern. Vendigs Prime Tracker reagiert auf die geringste Abweichung und f\u00fchrt das Band sofort zur\u00fcck in die Mitte. Wenn das Band zentriert ist, rollt die Bandf\u00fchrung mit dem Band, ohne das Band zu beeintr\u00e4chtigen.    Der Vendig Prime Tracker l\u00e4uft mit dem R\u00fccklaufband des F\u00f6rderbandes und hat immer vollen Kontakt mit dem Band, daher ist die Lenkkraft hoch und die Startreibung gering.Beachten Sie, dass sich das Band auch vertikal bewegt, wenn es falsch ausgerichtet ist. Daf\u00fcr wurde Vendigs Prime Tracker f\u00fcr Bewegungen in horizontaler und vertikaler Richtung entwickelt, um die Kontaktfl\u00e4che am Band zu jeder Zeit zu halten.    Vendig Prime Tracker eignet sich hervorragend f\u00fcr den reversiblen Betrieb und kann unter oder \u00fcber dem R\u00fccklaufband installiert werden. Das Produkt hat eine lange Lebensdauer.    Der Prime Tracker ersetzt eine Laufrolle. Der Abstand zwischen dem Prime Tracker und der Umkehrrolle sollte ungef\u00e4hr 3 Bandbreiten entsprechen, damit der ideale Kontaktdruck erzielt wird.<\/p>\n","protected":false},"excerpt":{"rendered":"<p>Vendigs langlebiger Prime Tracker \u2013 Eine aussergew\u00f6hnliche Bandf\u00fchrung, die auch im reversiblen Betrieb funktioniert. Keine Fehlausrichtungen, kein Rollenverschlei\u00df! Eine Bandf\u00fchrung&#8230;<\/p>\n","protected":false},"featured_media":199444,"template":"","meta":{"_acf_changed":false,"_uag_custom_page_level_css":"","_themeisle_gutenberg_block_has_review":false},"product_brand":[],"product_cat":[773],"product_tag":[],"class_list":{"0":"post-192214","1":"product","2":"type-product","3":"status-publish","4":"has-post-thumbnail","6":"product_cat-bandfuhrung","8":"first","9":"instock","10":"taxable","11":"shipping-taxable","12":"purchasable","13":"product-type-variable"},"acf":{"itstod_erp_ignore_discount":false},"yoast_head":"<!-- This site is optimized with the Yoast SEO plugin v27.0 - https:\/\/yoast.com\/product\/yoast-seo-wordpress\/ -->\n<title>VENDIG PRIME TRACKER 3100 - Vendig.se<\/title>\n<meta name=\"robots\" content=\"index, follow, max-snippet:-1, max-image-preview:large, max-video-preview:-1\" \/>\n<link rel=\"canonical\" href=\"https:\/\/vendig.se\/produkt\/vendig-prime-tracker-3100\/?lang=de\" \/>\n<meta property=\"og:locale\" content=\"de_DE\" \/>\n<meta property=\"og:type\" content=\"article\" \/>\n<meta property=\"og:title\" content=\"VENDIG PRIME TRACKER 3100 - Vendig.se\" \/>\n<meta property=\"og:description\" content=\"Vendigs langlebiger Prime Tracker \u2013 Eine aussergew\u00f6hnliche Bandf\u00fchrung, die auch im reversiblen Betrieb funktioniert. Keine Fehlausrichtungen, kein Rollenverschlei\u00df! Eine Bandf\u00fchrung...\" \/>\n<meta property=\"og:url\" content=\"https:\/\/vendig.se\/produkt\/vendig-prime-tracker-3100\/?lang=de\" \/>\n<meta property=\"og:site_name\" content=\"Vendig.se\" \/>\n<meta property=\"article:modified_time\" content=\"2026-04-19T04:15:18+00:00\" \/>\n<meta property=\"og:image\" content=\"https:\/\/vendig.se\/wp-content\/uploads\/2025\/05\/3100.webp\" \/>\n\t<meta property=\"og:image:width\" content=\"749\" \/>\n\t<meta property=\"og:image:height\" content=\"462\" \/>\n\t<meta property=\"og:image:type\" content=\"image\/webp\" \/>\n<meta name=\"twitter:card\" content=\"summary_large_image\" \/>\n<meta name=\"twitter:label1\" content=\"Gesch\u00e4tzte Lesezeit\" \/>\n\t<meta name=\"twitter:data1\" content=\"1\u00a0Minute\" \/>\n<!-- \/ Yoast SEO plugin. -->","yoast_head_json":{"title":"VENDIG PRIME TRACKER 3100 - Vendig.se","robots":{"index":"index","follow":"follow","max-snippet":"max-snippet:-1","max-image-preview":"max-image-preview:large","max-video-preview":"max-video-preview:-1"},"canonical":"https:\/\/vendig.se\/produkt\/vendig-prime-tracker-3100\/?lang=de","og_locale":"de_DE","og_type":"article","og_title":"VENDIG PRIME TRACKER 3100 - Vendig.se","og_description":"Vendigs langlebiger Prime Tracker \u2013 Eine aussergew\u00f6hnliche Bandf\u00fchrung, die auch im reversiblen Betrieb funktioniert. Keine Fehlausrichtungen, kein Rollenverschlei\u00df! Eine Bandf\u00fchrung...","og_url":"https:\/\/vendig.se\/produkt\/vendig-prime-tracker-3100\/?lang=de","og_site_name":"Vendig.se","article_modified_time":"2026-04-19T04:15:18+00:00","og_image":[{"width":749,"height":462,"url":"https:\/\/vendig.se\/wp-content\/uploads\/2025\/05\/3100.webp","type":"image\/webp"}],"twitter_card":"summary_large_image","twitter_misc":{"Gesch\u00e4tzte Lesezeit":"1\u00a0Minute"},"schema":{"@context":"https:\/\/schema.org","@graph":[{"@type":"WebPage","@id":"https:\/\/vendig.se\/produkt\/vendig-prime-tracker-3100\/?lang=de","url":"https:\/\/vendig.se\/produkt\/vendig-prime-tracker-3100\/?lang=de","name":"VENDIG PRIME TRACKER 3100 - Vendig.se","isPartOf":{"@id":"https:\/\/vendig.se\/#website"},"primaryImageOfPage":{"@id":"https:\/\/vendig.se\/produkt\/vendig-prime-tracker-3100\/?lang=de#primaryimage"},"image":{"@id":"https:\/\/vendig.se\/produkt\/vendig-prime-tracker-3100\/?lang=de#primaryimage"},"thumbnailUrl":"https:\/\/vendig.se\/wp-content\/uploads\/2026\/03\/3100.avif","datePublished":"2024-08-22T15:02:36+00:00","dateModified":"2026-04-19T04:15:18+00:00","breadcrumb":{"@id":"https:\/\/vendig.se\/produkt\/vendig-prime-tracker-3100\/?lang=de#breadcrumb"},"inLanguage":"de","potentialAction":[{"@type":"ReadAction","target":["https:\/\/vendig.se\/produkt\/vendig-prime-tracker-3100\/?lang=de"]}]},{"@type":"ImageObject","inLanguage":"de","@id":"https:\/\/vendig.se\/produkt\/vendig-prime-tracker-3100\/?lang=de#primaryimage","url":"https:\/\/vendig.se\/wp-content\/uploads\/2026\/03\/3100.avif","contentUrl":"https:\/\/vendig.se\/wp-content\/uploads\/2026\/03\/3100.avif","width":749,"height":462},{"@type":"BreadcrumbList","@id":"https:\/\/vendig.se\/produkt\/vendig-prime-tracker-3100\/?lang=de#breadcrumb","itemListElement":[{"@type":"ListItem","position":1,"name":"Home","item":"https:\/\/vendig.se\/de\/"},{"@type":"ListItem","position":2,"name":"Produkte","item":"https:\/\/vendig.se\/laden\/?lang=de"},{"@type":"ListItem","position":3,"name":"VENDIG PRIME TRACKER 3100"}]},{"@type":"WebSite","@id":"https:\/\/vendig.se\/#website","url":"https:\/\/vendig.se\/","name":"Vendig.se","description":"VENDIG LEVERERAR TRANSPORT\u00d6RKOMPONENTER!","publisher":{"@id":"https:\/\/vendig.se\/#organization"},"potentialAction":[{"@type":"SearchAction","target":{"@type":"EntryPoint","urlTemplate":"https:\/\/vendig.se\/?s={search_term_string}"},"query-input":{"@type":"PropertyValueSpecification","valueRequired":true,"valueName":"search_term_string"}}],"inLanguage":"de"},{"@type":"Organization","@id":"https:\/\/vendig.se\/#organization","name":"Vendig.se","url":"https:\/\/vendig.se\/","logo":{"@type":"ImageObject","inLanguage":"de","@id":"https:\/\/vendig.se\/#\/schema\/logo\/image\/","url":"https:\/\/vendig.se\/wp-content\/uploads\/2021\/09\/cropped-cropped-logo-4.png","contentUrl":"https:\/\/vendig.se\/wp-content\/uploads\/2021\/09\/cropped-cropped-logo-4.png","width":479,"height":69,"caption":"Vendig.se"},"image":{"@id":"https:\/\/vendig.se\/#\/schema\/logo\/image\/"}}]}},"uagb_featured_image_src":{"full":["https:\/\/vendig.se\/wp-content\/uploads\/2026\/03\/3100.avif",749,462,false],"thumbnail":["https:\/\/vendig.se\/wp-content\/uploads\/2026\/03\/3100-150x150.avif",150,150,true],"medium":["https:\/\/vendig.se\/wp-content\/uploads\/2026\/03\/3100-300x185.avif",300,185,true],"medium_large":["https:\/\/vendig.se\/wp-content\/uploads\/2026\/03\/3100.avif",749,462,false],"large":["https:\/\/vendig.se\/wp-content\/uploads\/2026\/03\/3100.avif",749,462,false],"1536x1536":["https:\/\/vendig.se\/wp-content\/uploads\/2026\/03\/3100.avif",749,462,false],"2048x2048":["https:\/\/vendig.se\/wp-content\/uploads\/2026\/03\/3100.avif",749,462,false],"gb-block-post-grid-landscape":["https:\/\/vendig.se\/wp-content\/uploads\/2026\/03\/3100-600x400.avif",600,400,true],"gb-block-post-grid-square":["https:\/\/vendig.se\/wp-content\/uploads\/2026\/03\/3100-600x462.avif",600,462,true],"woocommerce_thumbnail":["https:\/\/vendig.se\/wp-content\/uploads\/2026\/03\/3100-530x327.avif",530,327,true],"woocommerce_single":["https:\/\/vendig.se\/wp-content\/uploads\/2026\/03\/3100-720x444.avif",720,444,true],"woocommerce_gallery_thumbnail":["https:\/\/vendig.se\/wp-content\/uploads\/2026\/03\/3100-100x100.avif",100,100,true],"dgwt-wcas-product-suggestion":["https:\/\/vendig.se\/wp-content\/uploads\/2026\/03\/3100-64x39.avif",64,39,true]},"uagb_author_info":{"display_name":"itstodvendig","author_link":"https:\/\/vendig.se\/de\/author\/"},"uagb_comment_info":0,"uagb_excerpt":"Vendigs langlebiger Prime Tracker \u2013 Eine aussergew\u00f6hnliche Bandf\u00fchrung, die auch im reversiblen Betrieb funktioniert. Keine Fehlausrichtungen, kein Rollenverschlei\u00df! Eine Bandf\u00fchrung...","_links":{"self":[{"href":"https:\/\/vendig.se\/de\/wp-json\/wp\/v2\/product\/192214","targetHints":{"allow":["GET"]}}],"collection":[{"href":"https:\/\/vendig.se\/de\/wp-json\/wp\/v2\/product"}],"about":[{"href":"https:\/\/vendig.se\/de\/wp-json\/wp\/v2\/types\/product"}],"wp:featuredmedia":[{"embeddable":true,"href":"https:\/\/vendig.se\/de\/wp-json\/wp\/v2\/media\/199444"}],"wp:attachment":[{"href":"https:\/\/vendig.se\/de\/wp-json\/wp\/v2\/media?parent=192214"}],"wp:term":[{"taxonomy":"product_brand","embeddable":true,"href":"https:\/\/vendig.se\/de\/wp-json\/wp\/v2\/product_brand?post=192214"},{"taxonomy":"product_cat","embeddable":true,"href":"https:\/\/vendig.se\/de\/wp-json\/wp\/v2\/product_cat?post=192214"},{"taxonomy":"product_tag","embeddable":true,"href":"https:\/\/vendig.se\/de\/wp-json\/wp\/v2\/product_tag?post=192214"}],"curies":[{"name":"wp","href":"https:\/\/api.w.org\/{rel}","templated":true}]}}