{"id":193055,"date":"2022-06-20T14:57:28","date_gmt":"2022-06-20T12:57:28","guid":{"rendered":"https:\/\/vendig.se\/halterung-pl-9380-2\/"},"modified":"2026-02-24T15:51:18","modified_gmt":"2026-02-24T13:51:18","slug":"halterung-pl-9380-2","status":"publish","type":"product","link":"https:\/\/vendig.se\/de\/produkt\/halterung-pl-9380-2\/","title":{"rendered":"HALTERUNG PL 9380"},"content":{"rendered":"<h1>HALTERUNG PL<\/h1>\n<h2>\u2013 Universalbefestigung f\u00fcr Bandabstreifleisten.<\/h2>\n<p>  Robuste und einfach zu montierende Halterung, entwickelt f\u00fcr die Abstreifleisten von Vendig. Die Halterung verf\u00fcgt \u00fcber mehrere Einstellm\u00f6glichkeiten, teils kann sie in der H\u00f6he und teils kann der Anschlagwinkel zum F\u00f6rderband eingestellt werden. In die PU-Buchse passt ein Vierkantrohr 15&#215;35 mm, f\u00fcr Flexus 2 ist ein Adapter erforderlich.    Alle Stahlteile sind standardm\u00e4\u00dfig elektrogalvanisiert. Alternativ auch in rostfreiem Edelstahl oder pulverlackierter Ausf\u00fchrung erh\u00e4ltlich.<\/p>\n","protected":false},"excerpt":{"rendered":"<p>HALTERUNG PL \u2013 Universalbefestigung f\u00fcr Bandabstreifleisten. Robuste und einfach zu montierende Halterung, entwickelt f\u00fcr die Abstreifleisten von Vendig. Die Halterung&#8230;<\/p>\n","protected":false},"featured_media":0,"template":"","meta":{"_acf_changed":false,"_uag_custom_page_level_css":"","_themeisle_gutenberg_block_has_review":false},"product_brand":[],"product_cat":[784,275],"product_tag":[],"class_list":{"0":"post-193055","1":"product","2":"type-product","3":"status-publish","5":"product_cat-zubehor-afskrapen","6":"product_cat-bandafskrapen","8":"first","9":"instock","10":"taxable","11":"shipping-taxable","12":"product-type-grouped"},"acf":{"itstod_erp_ignore_discount":false},"yoast_head":"<!-- This site is optimized with the Yoast SEO plugin v27.0 - https:\/\/yoast.com\/product\/yoast-seo-wordpress\/ -->\n<title>HALTERUNG PL 9380 - Vendig.se<\/title>\n<meta name=\"robots\" content=\"index, follow, max-snippet:-1, max-image-preview:large, max-video-preview:-1\" \/>\n<link rel=\"canonical\" href=\"https:\/\/vendig.se\/produkt\/halterung-pl-9380-2\/?lang=de\" \/>\n<meta property=\"og:locale\" content=\"de_DE\" \/>\n<meta property=\"og:type\" content=\"article\" \/>\n<meta property=\"og:title\" content=\"HALTERUNG PL 9380 - Vendig.se\" \/>\n<meta property=\"og:description\" content=\"HALTERUNG PL \u2013 Universalbefestigung f\u00fcr Bandabstreifleisten. Robuste und einfach zu montierende Halterung, entwickelt f\u00fcr die Abstreifleisten von Vendig. Die Halterung...\" \/>\n<meta property=\"og:url\" content=\"https:\/\/vendig.se\/produkt\/halterung-pl-9380-2\/?lang=de\" \/>\n<meta property=\"og:site_name\" content=\"Vendig.se\" \/>\n<meta property=\"article:modified_time\" content=\"2026-02-24T13:51:18+00:00\" \/>\n<meta property=\"og:image\" content=\"https:\/\/vendig.se\/wp-content\/uploads\/2024\/02\/127.webp\" \/>\n\t<meta property=\"og:image:width\" content=\"750\" \/>\n\t<meta property=\"og:image:height\" content=\"462\" \/>\n\t<meta property=\"og:image:type\" content=\"image\/webp\" \/>\n<meta name=\"twitter:card\" content=\"summary_large_image\" \/>\n<!-- \/ Yoast SEO plugin. -->","yoast_head_json":{"title":"HALTERUNG PL 9380 - Vendig.se","robots":{"index":"index","follow":"follow","max-snippet":"max-snippet:-1","max-image-preview":"max-image-preview:large","max-video-preview":"max-video-preview:-1"},"canonical":"https:\/\/vendig.se\/produkt\/halterung-pl-9380-2\/?lang=de","og_locale":"de_DE","og_type":"article","og_title":"HALTERUNG PL 9380 - Vendig.se","og_description":"HALTERUNG PL \u2013 Universalbefestigung f\u00fcr Bandabstreifleisten. Robuste und einfach zu montierende Halterung, entwickelt f\u00fcr die Abstreifleisten von Vendig. Die Halterung...","og_url":"https:\/\/vendig.se\/produkt\/halterung-pl-9380-2\/?lang=de","og_site_name":"Vendig.se","article_modified_time":"2026-02-24T13:51:18+00:00","og_image":[{"width":750,"height":462,"url":"https:\/\/vendig.se\/wp-content\/uploads\/2024\/02\/127.webp","type":"image\/webp"}],"twitter_card":"summary_large_image","schema":{"@context":"https:\/\/schema.org","@graph":[{"@type":"WebPage","@id":"https:\/\/vendig.se\/produkt\/halterung-pl-9380-2\/?lang=de","url":"https:\/\/vendig.se\/produkt\/halterung-pl-9380-2\/?lang=de","name":"HALTERUNG PL 9380 - Vendig.se","isPartOf":{"@id":"https:\/\/vendig.se\/#website"},"datePublished":"2022-06-20T12:57:28+00:00","dateModified":"2026-02-24T13:51:18+00:00","breadcrumb":{"@id":"https:\/\/vendig.se\/produkt\/halterung-pl-9380-2\/?lang=de#breadcrumb"},"inLanguage":"de","potentialAction":[{"@type":"ReadAction","target":["https:\/\/vendig.se\/produkt\/halterung-pl-9380-2\/?lang=de"]}]},{"@type":"BreadcrumbList","@id":"https:\/\/vendig.se\/produkt\/halterung-pl-9380-2\/?lang=de#breadcrumb","itemListElement":[{"@type":"ListItem","position":1,"name":"Home","item":"https:\/\/vendig.se\/de\/"},{"@type":"ListItem","position":2,"name":"Produkte","item":"https:\/\/vendig.se\/laden\/?lang=de"},{"@type":"ListItem","position":3,"name":"HALTERUNG PL 9380"}]},{"@type":"WebSite","@id":"https:\/\/vendig.se\/#website","url":"https:\/\/vendig.se\/","name":"Vendig.se","description":"VENDIG LEVERERAR TRANSPORT\u00d6RKOMPONENTER!","publisher":{"@id":"https:\/\/vendig.se\/#organization"},"potentialAction":[{"@type":"SearchAction","target":{"@type":"EntryPoint","urlTemplate":"https:\/\/vendig.se\/?s={search_term_string}"},"query-input":{"@type":"PropertyValueSpecification","valueRequired":true,"valueName":"search_term_string"}}],"inLanguage":"de"},{"@type":"Organization","@id":"https:\/\/vendig.se\/#organization","name":"Vendig.se","url":"https:\/\/vendig.se\/","logo":{"@type":"ImageObject","inLanguage":"de","@id":"https:\/\/vendig.se\/#\/schema\/logo\/image\/","url":"https:\/\/vendig.se\/wp-content\/uploads\/2021\/09\/cropped-cropped-logo-4.png","contentUrl":"https:\/\/vendig.se\/wp-content\/uploads\/2021\/09\/cropped-cropped-logo-4.png","width":479,"height":69,"caption":"Vendig.se"},"image":{"@id":"https:\/\/vendig.se\/#\/schema\/logo\/image\/"}}]}},"uagb_featured_image_src":{"full":false,"thumbnail":false,"medium":false,"medium_large":false,"large":false,"1536x1536":false,"2048x2048":false,"gb-block-post-grid-landscape":false,"gb-block-post-grid-square":false,"woocommerce_thumbnail":false,"woocommerce_single":false,"woocommerce_gallery_thumbnail":false,"dgwt-wcas-product-suggestion":false},"uagb_author_info":{"display_name":"itstodvendig","author_link":"https:\/\/vendig.se\/de\/author\/"},"uagb_comment_info":0,"uagb_excerpt":"HALTERUNG PL \u2013 Universalbefestigung f\u00fcr Bandabstreifleisten. Robuste und einfach zu montierende Halterung, entwickelt f\u00fcr die Abstreifleisten von Vendig. Die Halterung...","_links":{"self":[{"href":"https:\/\/vendig.se\/de\/wp-json\/wp\/v2\/product\/193055","targetHints":{"allow":["GET"]}}],"collection":[{"href":"https:\/\/vendig.se\/de\/wp-json\/wp\/v2\/product"}],"about":[{"href":"https:\/\/vendig.se\/de\/wp-json\/wp\/v2\/types\/product"}],"wp:attachment":[{"href":"https:\/\/vendig.se\/de\/wp-json\/wp\/v2\/media?parent=193055"}],"wp:term":[{"taxonomy":"product_brand","embeddable":true,"href":"https:\/\/vendig.se\/de\/wp-json\/wp\/v2\/product_brand?post=193055"},{"taxonomy":"product_cat","embeddable":true,"href":"https:\/\/vendig.se\/de\/wp-json\/wp\/v2\/product_cat?post=193055"},{"taxonomy":"product_tag","embeddable":true,"href":"https:\/\/vendig.se\/de\/wp-json\/wp\/v2\/product_tag?post=193055"}],"curies":[{"name":"wp","href":"https:\/\/api.w.org\/{rel}","templated":true}]}}