{"id":193463,"date":"2025-05-01T07:25:53","date_gmt":"2025-05-01T05:25:53","guid":{"rendered":"https:\/\/vendig.se\/drehzahlmesser-g2-20-3\/"},"modified":"2026-03-11T07:29:53","modified_gmt":"2026-03-11T05:29:53","slug":"drehzahlmesser-g2-20-3","status":"publish","type":"product","link":"https:\/\/vendig.se\/de\/produkt\/drehzahlmesser-g2-20-3\/","title":{"rendered":"DREHZAHLMESSER ERSATZTEILE"},"content":{"rendered":"<h1>Drehzahlmesser Ersatzteile0<\/h1>\n<p>  Mit dem Drehzahlmesser erkennt der Bandwaagen- Computer kleinste Abweichungen in der F\u00f6rderband- Geschwindigkeit und wiegt daher mit einer gr\u00f6\u00dferen Pr\u00e4zision.<\/p>\n","protected":false},"excerpt":{"rendered":"<p>Drehzahlmesser Ersatzteile0 Mit dem Drehzahlmesser erkennt der Bandwaagen- Computer kleinste Abweichungen in der F\u00f6rderband- Geschwindigkeit und wiegt daher mit einer&#8230;<\/p>\n","protected":false},"featured_media":193456,"template":"","meta":{"_acf_changed":false,"_uag_custom_page_level_css":"","_themeisle_gutenberg_block_has_review":false},"product_brand":[],"product_cat":[783,774],"product_tag":[],"class_list":{"0":"post-193463","1":"product","2":"type-product","3":"status-publish","4":"has-post-thumbnail","6":"product_cat-bw-ersatzteile","7":"product_cat-bandwaagen-syst","9":"first","10":"instock","11":"taxable","12":"shipping-taxable","13":"product-type-grouped"},"acf":{"itstod_erp_ignore_discount":false},"yoast_head":"<!-- This site is optimized with the Yoast SEO plugin v27.0 - https:\/\/yoast.com\/product\/yoast-seo-wordpress\/ -->\n<title>DREHZAHLMESSER ERSATZTEILE - Vendig.se<\/title>\n<meta name=\"robots\" content=\"index, follow, max-snippet:-1, max-image-preview:large, max-video-preview:-1\" \/>\n<link rel=\"canonical\" href=\"https:\/\/vendig.se\/produkt\/drehzahlmesser-g2-20-3\/?lang=de\" \/>\n<meta property=\"og:locale\" content=\"de_DE\" \/>\n<meta property=\"og:type\" content=\"article\" \/>\n<meta property=\"og:title\" content=\"DREHZAHLMESSER ERSATZTEILE - Vendig.se\" \/>\n<meta property=\"og:description\" content=\"Drehzahlmesser Ersatzteile0 Mit dem Drehzahlmesser erkennt der Bandwaagen- Computer kleinste Abweichungen in der F\u00f6rderband- Geschwindigkeit und wiegt daher mit einer...\" \/>\n<meta property=\"og:url\" content=\"https:\/\/vendig.se\/produkt\/drehzahlmesser-g2-20-3\/?lang=de\" \/>\n<meta property=\"og:site_name\" content=\"Vendig.se\" \/>\n<meta property=\"article:modified_time\" content=\"2026-03-11T05:29:53+00:00\" \/>\n<meta property=\"og:image\" content=\"https:\/\/vendig.se\/wp-content\/uploads\/2025\/05\/181.webp\" \/>\n\t<meta property=\"og:image:width\" content=\"750\" \/>\n\t<meta property=\"og:image:height\" content=\"462\" \/>\n\t<meta property=\"og:image:type\" content=\"image\/webp\" \/>\n<meta name=\"twitter:card\" content=\"summary_large_image\" \/>\n<!-- \/ Yoast SEO plugin. -->","yoast_head_json":{"title":"DREHZAHLMESSER ERSATZTEILE - Vendig.se","robots":{"index":"index","follow":"follow","max-snippet":"max-snippet:-1","max-image-preview":"max-image-preview:large","max-video-preview":"max-video-preview:-1"},"canonical":"https:\/\/vendig.se\/produkt\/drehzahlmesser-g2-20-3\/?lang=de","og_locale":"de_DE","og_type":"article","og_title":"DREHZAHLMESSER ERSATZTEILE - Vendig.se","og_description":"Drehzahlmesser Ersatzteile0 Mit dem Drehzahlmesser erkennt der Bandwaagen- Computer kleinste Abweichungen in der F\u00f6rderband- Geschwindigkeit und wiegt daher mit einer...","og_url":"https:\/\/vendig.se\/produkt\/drehzahlmesser-g2-20-3\/?lang=de","og_site_name":"Vendig.se","article_modified_time":"2026-03-11T05:29:53+00:00","og_image":[{"width":750,"height":462,"url":"https:\/\/vendig.se\/wp-content\/uploads\/2025\/05\/181.webp","type":"image\/webp"}],"twitter_card":"summary_large_image","schema":{"@context":"https:\/\/schema.org","@graph":[{"@type":"WebPage","@id":"https:\/\/vendig.se\/produkt\/drehzahlmesser-g2-20-3\/?lang=de","url":"https:\/\/vendig.se\/produkt\/drehzahlmesser-g2-20-3\/?lang=de","name":"DREHZAHLMESSER ERSATZTEILE - Vendig.se","isPartOf":{"@id":"https:\/\/vendig.se\/#website"},"primaryImageOfPage":{"@id":"https:\/\/vendig.se\/produkt\/drehzahlmesser-g2-20-3\/?lang=de#primaryimage"},"image":{"@id":"https:\/\/vendig.se\/produkt\/drehzahlmesser-g2-20-3\/?lang=de#primaryimage"},"thumbnailUrl":"https:\/\/vendig.se\/wp-content\/uploads\/2025\/05\/181.webp","datePublished":"2025-05-01T05:25:53+00:00","dateModified":"2026-03-11T05:29:53+00:00","breadcrumb":{"@id":"https:\/\/vendig.se\/produkt\/drehzahlmesser-g2-20-3\/?lang=de#breadcrumb"},"inLanguage":"de","potentialAction":[{"@type":"ReadAction","target":["https:\/\/vendig.se\/produkt\/drehzahlmesser-g2-20-3\/?lang=de"]}]},{"@type":"ImageObject","inLanguage":"de","@id":"https:\/\/vendig.se\/produkt\/drehzahlmesser-g2-20-3\/?lang=de#primaryimage","url":"https:\/\/vendig.se\/wp-content\/uploads\/2025\/05\/181.webp","contentUrl":"https:\/\/vendig.se\/wp-content\/uploads\/2025\/05\/181.webp","width":750,"height":462},{"@type":"BreadcrumbList","@id":"https:\/\/vendig.se\/produkt\/drehzahlmesser-g2-20-3\/?lang=de#breadcrumb","itemListElement":[{"@type":"ListItem","position":1,"name":"Home","item":"https:\/\/vendig.se\/de\/"},{"@type":"ListItem","position":2,"name":"Produkte","item":"https:\/\/vendig.se\/laden\/?lang=de"},{"@type":"ListItem","position":3,"name":"DREHZAHLMESSER ERSATZTEILE"}]},{"@type":"WebSite","@id":"https:\/\/vendig.se\/#website","url":"https:\/\/vendig.se\/","name":"Vendig.se","description":"VENDIG LEVERERAR TRANSPORT\u00d6RKOMPONENTER!","publisher":{"@id":"https:\/\/vendig.se\/#organization"},"potentialAction":[{"@type":"SearchAction","target":{"@type":"EntryPoint","urlTemplate":"https:\/\/vendig.se\/?s={search_term_string}"},"query-input":{"@type":"PropertyValueSpecification","valueRequired":true,"valueName":"search_term_string"}}],"inLanguage":"de"},{"@type":"Organization","@id":"https:\/\/vendig.se\/#organization","name":"Vendig.se","url":"https:\/\/vendig.se\/","logo":{"@type":"ImageObject","inLanguage":"de","@id":"https:\/\/vendig.se\/#\/schema\/logo\/image\/","url":"https:\/\/vendig.se\/wp-content\/uploads\/2021\/09\/cropped-cropped-logo-4.png","contentUrl":"https:\/\/vendig.se\/wp-content\/uploads\/2021\/09\/cropped-cropped-logo-4.png","width":479,"height":69,"caption":"Vendig.se"},"image":{"@id":"https:\/\/vendig.se\/#\/schema\/logo\/image\/"}}]}},"uagb_featured_image_src":{"full":["https:\/\/vendig.se\/wp-content\/uploads\/2025\/05\/181.webp",750,462,false],"thumbnail":["https:\/\/vendig.se\/wp-content\/uploads\/2025\/05\/181-150x150.webp",150,150,true],"medium":["https:\/\/vendig.se\/wp-content\/uploads\/2025\/05\/181-300x185.webp",300,185,true],"medium_large":["https:\/\/vendig.se\/wp-content\/uploads\/2025\/05\/181.webp",750,462,false],"large":["https:\/\/vendig.se\/wp-content\/uploads\/2025\/05\/181.webp",750,462,false],"1536x1536":["https:\/\/vendig.se\/wp-content\/uploads\/2025\/05\/181.webp",750,462,false],"2048x2048":["https:\/\/vendig.se\/wp-content\/uploads\/2025\/05\/181.webp",750,462,false],"gb-block-post-grid-landscape":["https:\/\/vendig.se\/wp-content\/uploads\/2025\/05\/181-600x400.webp",600,400,true],"gb-block-post-grid-square":["https:\/\/vendig.se\/wp-content\/uploads\/2025\/05\/181-600x462.webp",600,462,true],"woocommerce_thumbnail":["https:\/\/vendig.se\/wp-content\/uploads\/2025\/05\/181-530x326.webp",530,326,true],"woocommerce_single":["https:\/\/vendig.se\/wp-content\/uploads\/2025\/05\/181-720x444.webp",720,444,true],"woocommerce_gallery_thumbnail":["https:\/\/vendig.se\/wp-content\/uploads\/2025\/05\/181-100x100.webp",100,100,true],"dgwt-wcas-product-suggestion":["https:\/\/vendig.se\/wp-content\/uploads\/2025\/05\/181-64x39.webp",64,39,true]},"uagb_author_info":{"display_name":"itstodvendig","author_link":"https:\/\/vendig.se\/de\/author\/"},"uagb_comment_info":0,"uagb_excerpt":"Drehzahlmesser Ersatzteile0 Mit dem Drehzahlmesser erkennt der Bandwaagen- Computer kleinste Abweichungen in der F\u00f6rderband- Geschwindigkeit und wiegt daher mit einer...","_links":{"self":[{"href":"https:\/\/vendig.se\/de\/wp-json\/wp\/v2\/product\/193463","targetHints":{"allow":["GET"]}}],"collection":[{"href":"https:\/\/vendig.se\/de\/wp-json\/wp\/v2\/product"}],"about":[{"href":"https:\/\/vendig.se\/de\/wp-json\/wp\/v2\/types\/product"}],"wp:featuredmedia":[{"embeddable":true,"href":"https:\/\/vendig.se\/de\/wp-json\/wp\/v2\/media\/193456"}],"wp:attachment":[{"href":"https:\/\/vendig.se\/de\/wp-json\/wp\/v2\/media?parent=193463"}],"wp:term":[{"taxonomy":"product_brand","embeddable":true,"href":"https:\/\/vendig.se\/de\/wp-json\/wp\/v2\/product_brand?post=193463"},{"taxonomy":"product_cat","embeddable":true,"href":"https:\/\/vendig.se\/de\/wp-json\/wp\/v2\/product_cat?post=193463"},{"taxonomy":"product_tag","embeddable":true,"href":"https:\/\/vendig.se\/de\/wp-json\/wp\/v2\/product_tag?post=193463"}],"curies":[{"name":"wp","href":"https:\/\/api.w.org\/{rel}","templated":true}]}}