{"id":193620,"date":"2025-05-07T22:02:31","date_gmt":"2025-05-07T20:02:31","guid":{"rendered":"https:\/\/vendig.se\/wiegezelle\/"},"modified":"2026-03-11T07:30:49","modified_gmt":"2026-03-11T05:30:49","slug":"wiegezelle","status":"publish","type":"product","link":"https:\/\/vendig.se\/de\/produkt\/wiegezelle\/","title":{"rendered":"WIEGEZELLE"},"content":{"rendered":"<h2>Wiegezelle<\/h2>\n<h3>\u2013Wiegezelle f\u00fcr OJ:s Einheit 1250<\/h3>\n<p>  Wiegezelle aus Aluminium mit Genauigkeitsklasse C3 und IP67.  Zwei Artikel verf\u00fcgbar, f\u00fcr bis 150 kg oder bis 300 kg.<\/p>\n<h3>\u2013Wiegezelle f\u00fcr OJ:s Einheit 1330<\/h3>\n<p>  Wiegezelle aus Aluminium mit Genauigkeitsklasse C3 und IP67. Erh\u00e4ltliche  in einer Kapazit\u00e4t bis 500 kg.<\/p>\n<h3>\u2013Wiegezelle f\u00fcr OJ:s Einheit 3510<\/h3>\n<p>  Wiegezelle aus rostfreier Stahl mit Genauigkeitsklasse C3 und IP68. Erh\u00e4ltliche  in einer Kapazit\u00e4t bis 500 kg.<\/p>\n<h3>\u2013Wiegezelle f\u00fcr OJ:s Einheit 355<\/h3>\n<p>  Wiegezelle aus rostfreier Stahl , hermetisch versiegelt mit IP68. Ersatzteil f\u00fcr unsere \u00e4lteren Waagen. Erh\u00e4ltliche  in einer Kapazit\u00e4t bis 50\/100\/200kg.<\/p>\n","protected":false},"excerpt":{"rendered":"<p>Wiegezelle \u2013Wiegezelle f\u00fcr OJ:s Einheit 1250 Wiegezelle aus Aluminium mit Genauigkeitsklasse C3 und IP67. Zwei Artikel verf\u00fcgbar, f\u00fcr bis 150&#8230;<\/p>\n","protected":false},"featured_media":193607,"template":"","meta":{"_acf_changed":false,"_uag_custom_page_level_css":"","_themeisle_gutenberg_block_has_review":false},"product_brand":[],"product_cat":[783,774],"product_tag":[],"class_list":{"0":"post-193620","1":"product","2":"type-product","3":"status-publish","4":"has-post-thumbnail","6":"product_cat-bw-ersatzteile","7":"product_cat-bandwaagen-syst","9":"first","10":"instock","11":"taxable","12":"shipping-taxable","13":"product-type-grouped"},"acf":{"itstod_erp_ignore_discount":false},"yoast_head":"<!-- This site is optimized with the Yoast SEO plugin v27.0 - https:\/\/yoast.com\/product\/yoast-seo-wordpress\/ -->\n<title>WIEGEZELLE - Vendig.se<\/title>\n<meta name=\"robots\" content=\"index, follow, max-snippet:-1, max-image-preview:large, max-video-preview:-1\" \/>\n<link rel=\"canonical\" href=\"https:\/\/vendig.se\/produkt\/wiegezelle\/?lang=de\" \/>\n<meta property=\"og:locale\" content=\"de_DE\" \/>\n<meta property=\"og:type\" content=\"article\" \/>\n<meta property=\"og:title\" content=\"WIEGEZELLE - Vendig.se\" \/>\n<meta property=\"og:description\" content=\"Wiegezelle \u2013Wiegezelle f\u00fcr OJ:s Einheit 1250 Wiegezelle aus Aluminium mit Genauigkeitsklasse C3 und IP67. Zwei Artikel verf\u00fcgbar, f\u00fcr bis 150...\" \/>\n<meta property=\"og:url\" content=\"https:\/\/vendig.se\/produkt\/wiegezelle\/?lang=de\" \/>\n<meta property=\"og:site_name\" content=\"Vendig.se\" \/>\n<meta property=\"article:modified_time\" content=\"2026-03-11T05:30:49+00:00\" \/>\n<meta name=\"twitter:card\" content=\"summary_large_image\" \/>\n<!-- \/ Yoast SEO plugin. -->","yoast_head_json":{"title":"WIEGEZELLE - Vendig.se","robots":{"index":"index","follow":"follow","max-snippet":"max-snippet:-1","max-image-preview":"max-image-preview:large","max-video-preview":"max-video-preview:-1"},"canonical":"https:\/\/vendig.se\/produkt\/wiegezelle\/?lang=de","og_locale":"de_DE","og_type":"article","og_title":"WIEGEZELLE - Vendig.se","og_description":"Wiegezelle \u2013Wiegezelle f\u00fcr OJ:s Einheit 1250 Wiegezelle aus Aluminium mit Genauigkeitsklasse C3 und IP67. Zwei Artikel verf\u00fcgbar, f\u00fcr bis 150...","og_url":"https:\/\/vendig.se\/produkt\/wiegezelle\/?lang=de","og_site_name":"Vendig.se","article_modified_time":"2026-03-11T05:30:49+00:00","twitter_card":"summary_large_image","schema":{"@context":"https:\/\/schema.org","@graph":[{"@type":"WebPage","@id":"https:\/\/vendig.se\/produkt\/wiegezelle\/?lang=de","url":"https:\/\/vendig.se\/produkt\/wiegezelle\/?lang=de","name":"WIEGEZELLE - Vendig.se","isPartOf":{"@id":"https:\/\/vendig.se\/#website"},"primaryImageOfPage":{"@id":"https:\/\/vendig.se\/produkt\/wiegezelle\/?lang=de#primaryimage"},"image":{"@id":"https:\/\/vendig.se\/produkt\/wiegezelle\/?lang=de#primaryimage"},"thumbnailUrl":"https:\/\/vendig.se\/wp-content\/uploads\/2025\/05\/193-OJ.webp","datePublished":"2025-05-07T20:02:31+00:00","dateModified":"2026-03-11T05:30:49+00:00","breadcrumb":{"@id":"https:\/\/vendig.se\/produkt\/wiegezelle\/?lang=de#breadcrumb"},"inLanguage":"de","potentialAction":[{"@type":"ReadAction","target":["https:\/\/vendig.se\/produkt\/wiegezelle\/?lang=de"]}]},{"@type":"ImageObject","inLanguage":"de","@id":"https:\/\/vendig.se\/produkt\/wiegezelle\/?lang=de#primaryimage","url":"https:\/\/vendig.se\/wp-content\/uploads\/2025\/05\/193-OJ.webp","contentUrl":"https:\/\/vendig.se\/wp-content\/uploads\/2025\/05\/193-OJ.webp","width":750,"height":462},{"@type":"BreadcrumbList","@id":"https:\/\/vendig.se\/produkt\/wiegezelle\/?lang=de#breadcrumb","itemListElement":[{"@type":"ListItem","position":1,"name":"Home","item":"https:\/\/vendig.se\/de\/"},{"@type":"ListItem","position":2,"name":"Produkte","item":"https:\/\/vendig.se\/laden\/?lang=de"},{"@type":"ListItem","position":3,"name":"WIEGEZELLE"}]},{"@type":"WebSite","@id":"https:\/\/vendig.se\/#website","url":"https:\/\/vendig.se\/","name":"Vendig.se","description":"VENDIG LEVERERAR TRANSPORT\u00d6RKOMPONENTER!","publisher":{"@id":"https:\/\/vendig.se\/#organization"},"potentialAction":[{"@type":"SearchAction","target":{"@type":"EntryPoint","urlTemplate":"https:\/\/vendig.se\/?s={search_term_string}"},"query-input":{"@type":"PropertyValueSpecification","valueRequired":true,"valueName":"search_term_string"}}],"inLanguage":"de"},{"@type":"Organization","@id":"https:\/\/vendig.se\/#organization","name":"Vendig.se","url":"https:\/\/vendig.se\/","logo":{"@type":"ImageObject","inLanguage":"de","@id":"https:\/\/vendig.se\/#\/schema\/logo\/image\/","url":"https:\/\/vendig.se\/wp-content\/uploads\/2021\/09\/cropped-cropped-logo-4.png","contentUrl":"https:\/\/vendig.se\/wp-content\/uploads\/2021\/09\/cropped-cropped-logo-4.png","width":479,"height":69,"caption":"Vendig.se"},"image":{"@id":"https:\/\/vendig.se\/#\/schema\/logo\/image\/"}}]}},"uagb_featured_image_src":{"full":["https:\/\/vendig.se\/wp-content\/uploads\/2025\/05\/193-OJ.webp",750,462,false],"thumbnail":["https:\/\/vendig.se\/wp-content\/uploads\/2025\/05\/193-OJ-150x150.webp",150,150,true],"medium":["https:\/\/vendig.se\/wp-content\/uploads\/2025\/05\/193-OJ-300x185.webp",300,185,true],"medium_large":["https:\/\/vendig.se\/wp-content\/uploads\/2025\/05\/193-OJ.webp",750,462,false],"large":["https:\/\/vendig.se\/wp-content\/uploads\/2025\/05\/193-OJ.webp",750,462,false],"1536x1536":["https:\/\/vendig.se\/wp-content\/uploads\/2025\/05\/193-OJ.webp",750,462,false],"2048x2048":["https:\/\/vendig.se\/wp-content\/uploads\/2025\/05\/193-OJ.webp",750,462,false],"gb-block-post-grid-landscape":["https:\/\/vendig.se\/wp-content\/uploads\/2025\/05\/193-OJ-600x400.webp",600,400,true],"gb-block-post-grid-square":["https:\/\/vendig.se\/wp-content\/uploads\/2025\/05\/193-OJ-600x462.webp",600,462,true],"woocommerce_thumbnail":["https:\/\/vendig.se\/wp-content\/uploads\/2025\/05\/193-OJ-530x326.webp",530,326,true],"woocommerce_single":["https:\/\/vendig.se\/wp-content\/uploads\/2025\/05\/193-OJ-720x444.webp",720,444,true],"woocommerce_gallery_thumbnail":["https:\/\/vendig.se\/wp-content\/uploads\/2025\/05\/193-OJ-100x100.webp",100,100,true],"dgwt-wcas-product-suggestion":["https:\/\/vendig.se\/wp-content\/uploads\/2025\/05\/193-OJ-64x39.webp",64,39,true]},"uagb_author_info":{"display_name":"itstodvendig","author_link":"https:\/\/vendig.se\/de\/author\/"},"uagb_comment_info":0,"uagb_excerpt":"Wiegezelle \u2013Wiegezelle f\u00fcr OJ:s Einheit 1250 Wiegezelle aus Aluminium mit Genauigkeitsklasse C3 und IP67. Zwei Artikel verf\u00fcgbar, f\u00fcr bis 150...","_links":{"self":[{"href":"https:\/\/vendig.se\/de\/wp-json\/wp\/v2\/product\/193620","targetHints":{"allow":["GET"]}}],"collection":[{"href":"https:\/\/vendig.se\/de\/wp-json\/wp\/v2\/product"}],"about":[{"href":"https:\/\/vendig.se\/de\/wp-json\/wp\/v2\/types\/product"}],"wp:featuredmedia":[{"embeddable":true,"href":"https:\/\/vendig.se\/de\/wp-json\/wp\/v2\/media\/193607"}],"wp:attachment":[{"href":"https:\/\/vendig.se\/de\/wp-json\/wp\/v2\/media?parent=193620"}],"wp:term":[{"taxonomy":"product_brand","embeddable":true,"href":"https:\/\/vendig.se\/de\/wp-json\/wp\/v2\/product_brand?post=193620"},{"taxonomy":"product_cat","embeddable":true,"href":"https:\/\/vendig.se\/de\/wp-json\/wp\/v2\/product_cat?post=193620"},{"taxonomy":"product_tag","embeddable":true,"href":"https:\/\/vendig.se\/de\/wp-json\/wp\/v2\/product_tag?post=193620"}],"curies":[{"name":"wp","href":"https:\/\/api.w.org\/{rel}","templated":true}]}}