{"id":198750,"date":"2021-10-06T08:40:18","date_gmt":"2021-10-06T06:40:18","guid":{"rendered":"https:\/\/vendig.se\/miniabstreifer-vorabstreifer-8700\/"},"modified":"2026-04-19T06:44:57","modified_gmt":"2026-04-19T04:44:57","slug":"miniabstreifer-vorabstreifer-8700","status":"publish","type":"product","link":"https:\/\/vendig.se\/de\/produkt\/miniabstreifer-vorabstreifer-8700\/","title":{"rendered":"MINIABSTREIFER VORABSTREIFER  8700"},"content":{"rendered":"<h2>Miniabstreifer 8700<\/h2>\n<h3>\u2013 Effektive Reinigung f\u00fcr leichtere Materialien.<\/h3>\n<p>  Der Miniabstreifer 8700 ist ein kleinerer Bandabstreifer, der ausgezeichnet zu PVC-B\u00e4ndern, z. B. der Recyclingindustrie, passt. Unser einzigartiger Federhebelarm sorgt daf\u00fcr, dass der richtige Druck auf das Band aufrechterhalten wird, was den Service vereinfacht und den Wartungsbedarf verringert. Der Druck der Klinge gegen das Band wird stufenlos durch eine Torsionsfeder geregelt, die im Vierkantrohr montiert ist.    Der Vorabstreifer wird an der F\u00f6rderrolle angebracht, direkt unter dem Materialfluss.    F\u00fcr Antriebsrollen mit \u00d8 100-200mm empfohlen.<\/p>\n","protected":false},"excerpt":{"rendered":"<p>Miniabstreifer 8700 \u2013 Effektive Reinigung f\u00fcr leichtere Materialien. Der Miniabstreifer 8700 ist ein kleinerer Bandabstreifer, der ausgezeichnet zu PVC-B\u00e4ndern, z&#8230;.<\/p>\n","protected":false},"featured_media":199878,"template":"","meta":{"_acf_changed":false,"_uag_custom_page_level_css":"","_themeisle_gutenberg_block_has_review":false},"product_brand":[],"product_cat":[769,275],"product_tag":[],"class_list":{"0":"post-198750","1":"product","2":"type-product","3":"status-publish","4":"has-post-thumbnail","6":"product_cat-vorabstreifer","7":"product_cat-bandafskrapen","9":"first","10":"instock","11":"taxable","12":"shipping-taxable","13":"purchasable","14":"product-type-variable"},"acf":{"itstod_erp_ignore_discount":false},"yoast_head":"<!-- This site is optimized with the Yoast SEO plugin v27.0 - https:\/\/yoast.com\/product\/yoast-seo-wordpress\/ -->\n<title>MINIABSTREIFER VORABSTREIFER 8700 - Vendig.se<\/title>\n<meta name=\"robots\" content=\"index, follow, max-snippet:-1, max-image-preview:large, max-video-preview:-1\" \/>\n<link rel=\"canonical\" href=\"https:\/\/vendig.se\/produkt\/miniabstreifer-vorabstreifer-8700\/?lang=de\" \/>\n<meta property=\"og:locale\" content=\"de_DE\" \/>\n<meta property=\"og:type\" content=\"article\" \/>\n<meta property=\"og:title\" content=\"MINIABSTREIFER VORABSTREIFER 8700 - Vendig.se\" \/>\n<meta property=\"og:description\" content=\"Miniabstreifer 8700 \u2013 Effektive Reinigung f\u00fcr leichtere Materialien. Der Miniabstreifer 8700 ist ein kleinerer Bandabstreifer, der ausgezeichnet zu PVC-B\u00e4ndern, z....\" \/>\n<meta property=\"og:url\" content=\"https:\/\/vendig.se\/produkt\/miniabstreifer-vorabstreifer-8700\/?lang=de\" \/>\n<meta property=\"og:site_name\" content=\"Vendig.se\" \/>\n<meta property=\"article:modified_time\" content=\"2026-04-19T04:44:57+00:00\" \/>\n<meta name=\"twitter:card\" content=\"summary_large_image\" \/>\n<!-- \/ Yoast SEO plugin. -->","yoast_head_json":{"title":"MINIABSTREIFER VORABSTREIFER 8700 - Vendig.se","robots":{"index":"index","follow":"follow","max-snippet":"max-snippet:-1","max-image-preview":"max-image-preview:large","max-video-preview":"max-video-preview:-1"},"canonical":"https:\/\/vendig.se\/produkt\/miniabstreifer-vorabstreifer-8700\/?lang=de","og_locale":"de_DE","og_type":"article","og_title":"MINIABSTREIFER VORABSTREIFER 8700 - Vendig.se","og_description":"Miniabstreifer 8700 \u2013 Effektive Reinigung f\u00fcr leichtere Materialien. Der Miniabstreifer 8700 ist ein kleinerer Bandabstreifer, der ausgezeichnet zu PVC-B\u00e4ndern, z....","og_url":"https:\/\/vendig.se\/produkt\/miniabstreifer-vorabstreifer-8700\/?lang=de","og_site_name":"Vendig.se","article_modified_time":"2026-04-19T04:44:57+00:00","twitter_card":"summary_large_image","schema":{"@context":"https:\/\/schema.org","@graph":[{"@type":"WebPage","@id":"https:\/\/vendig.se\/produkt\/miniabstreifer-vorabstreifer-8700\/?lang=de","url":"https:\/\/vendig.se\/produkt\/miniabstreifer-vorabstreifer-8700\/?lang=de","name":"MINIABSTREIFER VORABSTREIFER 8700 - Vendig.se","isPartOf":{"@id":"https:\/\/vendig.se\/#website"},"primaryImageOfPage":{"@id":"https:\/\/vendig.se\/produkt\/miniabstreifer-vorabstreifer-8700\/?lang=de#primaryimage"},"image":{"@id":"https:\/\/vendig.se\/produkt\/miniabstreifer-vorabstreifer-8700\/?lang=de#primaryimage"},"thumbnailUrl":"https:\/\/vendig.se\/wp-content\/uploads\/2026\/04\/8700.avif","datePublished":"2021-10-06T06:40:18+00:00","dateModified":"2026-04-19T04:44:57+00:00","breadcrumb":{"@id":"https:\/\/vendig.se\/produkt\/miniabstreifer-vorabstreifer-8700\/?lang=de#breadcrumb"},"inLanguage":"de","potentialAction":[{"@type":"ReadAction","target":["https:\/\/vendig.se\/produkt\/miniabstreifer-vorabstreifer-8700\/?lang=de"]}]},{"@type":"ImageObject","inLanguage":"de","@id":"https:\/\/vendig.se\/produkt\/miniabstreifer-vorabstreifer-8700\/?lang=de#primaryimage","url":"https:\/\/vendig.se\/wp-content\/uploads\/2026\/04\/8700.avif","contentUrl":"https:\/\/vendig.se\/wp-content\/uploads\/2026\/04\/8700.avif","width":750,"height":462},{"@type":"BreadcrumbList","@id":"https:\/\/vendig.se\/produkt\/miniabstreifer-vorabstreifer-8700\/?lang=de#breadcrumb","itemListElement":[{"@type":"ListItem","position":1,"name":"Home","item":"https:\/\/vendig.se\/de\/"},{"@type":"ListItem","position":2,"name":"Produkte","item":"https:\/\/vendig.se\/laden\/?lang=de"},{"@type":"ListItem","position":3,"name":"MINIABSTREIFER VORABSTREIFER 8700"}]},{"@type":"WebSite","@id":"https:\/\/vendig.se\/#website","url":"https:\/\/vendig.se\/","name":"Vendig.se","description":"VENDIG LEVERERAR TRANSPORT\u00d6RKOMPONENTER!","publisher":{"@id":"https:\/\/vendig.se\/#organization"},"potentialAction":[{"@type":"SearchAction","target":{"@type":"EntryPoint","urlTemplate":"https:\/\/vendig.se\/?s={search_term_string}"},"query-input":{"@type":"PropertyValueSpecification","valueRequired":true,"valueName":"search_term_string"}}],"inLanguage":"de"},{"@type":"Organization","@id":"https:\/\/vendig.se\/#organization","name":"Vendig.se","url":"https:\/\/vendig.se\/","logo":{"@type":"ImageObject","inLanguage":"de","@id":"https:\/\/vendig.se\/#\/schema\/logo\/image\/","url":"https:\/\/vendig.se\/wp-content\/uploads\/2021\/09\/cropped-cropped-logo-4.png","contentUrl":"https:\/\/vendig.se\/wp-content\/uploads\/2021\/09\/cropped-cropped-logo-4.png","width":479,"height":69,"caption":"Vendig.se"},"image":{"@id":"https:\/\/vendig.se\/#\/schema\/logo\/image\/"}}]}},"uagb_featured_image_src":{"full":["https:\/\/vendig.se\/wp-content\/uploads\/2026\/04\/8700.avif",750,462,false],"thumbnail":["https:\/\/vendig.se\/wp-content\/uploads\/2026\/04\/8700-150x150.avif",150,150,true],"medium":["https:\/\/vendig.se\/wp-content\/uploads\/2026\/04\/8700-300x185.avif",300,185,true],"medium_large":["https:\/\/vendig.se\/wp-content\/uploads\/2026\/04\/8700.avif",750,462,false],"large":["https:\/\/vendig.se\/wp-content\/uploads\/2026\/04\/8700.avif",750,462,false],"1536x1536":["https:\/\/vendig.se\/wp-content\/uploads\/2026\/04\/8700.avif",750,462,false],"2048x2048":["https:\/\/vendig.se\/wp-content\/uploads\/2026\/04\/8700.avif",750,462,false],"gb-block-post-grid-landscape":["https:\/\/vendig.se\/wp-content\/uploads\/2026\/04\/8700-600x400.avif",600,400,true],"gb-block-post-grid-square":["https:\/\/vendig.se\/wp-content\/uploads\/2026\/04\/8700-600x462.avif",600,462,true],"woocommerce_thumbnail":["https:\/\/vendig.se\/wp-content\/uploads\/2026\/04\/8700-530x326.avif",530,326,true],"woocommerce_single":["https:\/\/vendig.se\/wp-content\/uploads\/2026\/04\/8700-720x444.avif",720,444,true],"woocommerce_gallery_thumbnail":["https:\/\/vendig.se\/wp-content\/uploads\/2026\/04\/8700-100x100.avif",100,100,true],"dgwt-wcas-product-suggestion":["https:\/\/vendig.se\/wp-content\/uploads\/2026\/04\/8700-64x39.avif",64,39,true]},"uagb_author_info":{"display_name":"itstodvendig","author_link":"https:\/\/vendig.se\/de\/author\/"},"uagb_comment_info":0,"uagb_excerpt":"Miniabstreifer 8700 \u2013 Effektive Reinigung f\u00fcr leichtere Materialien. Der Miniabstreifer 8700 ist ein kleinerer Bandabstreifer, der ausgezeichnet zu PVC-B\u00e4ndern, z....","_links":{"self":[{"href":"https:\/\/vendig.se\/de\/wp-json\/wp\/v2\/product\/198750","targetHints":{"allow":["GET"]}}],"collection":[{"href":"https:\/\/vendig.se\/de\/wp-json\/wp\/v2\/product"}],"about":[{"href":"https:\/\/vendig.se\/de\/wp-json\/wp\/v2\/types\/product"}],"wp:featuredmedia":[{"embeddable":true,"href":"https:\/\/vendig.se\/de\/wp-json\/wp\/v2\/media\/199878"}],"wp:attachment":[{"href":"https:\/\/vendig.se\/de\/wp-json\/wp\/v2\/media?parent=198750"}],"wp:term":[{"taxonomy":"product_brand","embeddable":true,"href":"https:\/\/vendig.se\/de\/wp-json\/wp\/v2\/product_brand?post=198750"},{"taxonomy":"product_cat","embeddable":true,"href":"https:\/\/vendig.se\/de\/wp-json\/wp\/v2\/product_cat?post=198750"},{"taxonomy":"product_tag","embeddable":true,"href":"https:\/\/vendig.se\/de\/wp-json\/wp\/v2\/product_tag?post=198750"}],"curies":[{"name":"wp","href":"https:\/\/api.w.org\/{rel}","templated":true}]}}