{"id":199726,"date":"2021-10-06T08:49:36","date_gmt":"2021-10-06T06:49:36","guid":{"rendered":"https:\/\/vendig.se\/hampus-abstrei-leiste-9300\/"},"modified":"2026-04-07T07:50:11","modified_gmt":"2026-04-07T05:50:11","slug":"hampus-abstrei-leiste-9300","status":"publish","type":"product","link":"https:\/\/vendig.se\/de\/produkt\/hampus-abstrei-leiste-9300\/","title":{"rendered":"HAMPUS ABSTREI LEISTE 9300"},"content":{"rendered":"<h2>Hampus abstreif leiste mit hartmetall<\/h2>\n<h3>\u2013 Abstreifleiste mit federndem Abstreifsegmenten.<\/h3>\n<p>  Hampus Abstreifleiste 9300 mit Abstreifsegmenten aus Polyurethan mit eingegossenem Hartmetall. Jedes Segment ist einzeln egen das Band gefedert und passt sich deshalb besser an das Band an, was eine sehr gute Reinigungswirkung ergibt.     Die Abstreifleiste wird normalerweise an der R\u00fccklaufseite des F\u00f6rderbandes anstatt einer R\u00fccklaufrolle angebracht.Beliebt bei Tunnelf\u00f6rderb\u00e4ndern Die Hampus Abstreifleiste wird besonders gerne an Tunnelf\u00f6rderb\u00e4ndern angebracht, wo sie an der Stelle platziert wird, unmittelbar bevor das Band in den Tunnel l\u00e4uft.<\/p>\n","protected":false},"excerpt":{"rendered":"<p>Hampus abstreif leiste mit hartmetall \u2013 Abstreifleiste mit federndem Abstreifsegmenten. Hampus Abstreifleiste 9300 mit Abstreifsegmenten aus Polyurethan mit eingegossenem Hartmetall&#8230;.<\/p>\n","protected":false},"featured_media":199046,"template":"","meta":{"_acf_changed":false,"_uag_custom_page_level_css":"","_themeisle_gutenberg_block_has_review":false},"product_brand":[],"product_cat":[771,275],"product_tag":[],"class_list":{"0":"post-199726","1":"product","2":"type-product","3":"status-publish","4":"has-post-thumbnail","6":"product_cat-abstreifleiste","7":"product_cat-bandafskrapen","9":"first","10":"instock","11":"taxable","12":"shipping-taxable","13":"purchasable","14":"product-type-variable"},"acf":{"itstod_erp_ignore_discount":false},"yoast_head":"<!-- This site is optimized with the Yoast SEO plugin v27.0 - https:\/\/yoast.com\/product\/yoast-seo-wordpress\/ -->\n<title>HAMPUS ABSTREI LEISTE 9300 - Vendig.se<\/title>\n<meta name=\"robots\" content=\"index, follow, max-snippet:-1, max-image-preview:large, max-video-preview:-1\" \/>\n<link rel=\"canonical\" href=\"https:\/\/vendig.se\/de\/produkt\/hampus-abstrei-leiste-9300\/\" \/>\n<meta property=\"og:locale\" content=\"de_DE\" \/>\n<meta property=\"og:type\" content=\"article\" \/>\n<meta property=\"og:title\" content=\"HAMPUS ABSTREI LEISTE 9300 - Vendig.se\" \/>\n<meta property=\"og:description\" content=\"Hampus abstreif leiste mit hartmetall \u2013 Abstreifleiste mit federndem Abstreifsegmenten. Hampus Abstreifleiste 9300 mit Abstreifsegmenten aus Polyurethan mit eingegossenem Hartmetall....\" \/>\n<meta property=\"og:url\" content=\"https:\/\/vendig.se\/de\/produkt\/hampus-abstrei-leiste-9300\/\" \/>\n<meta property=\"og:site_name\" content=\"Vendig.se\" \/>\n<meta property=\"article:modified_time\" content=\"2026-04-07T05:50:11+00:00\" \/>\n<meta name=\"twitter:card\" content=\"summary_large_image\" \/>\n<!-- \/ Yoast SEO plugin. -->","yoast_head_json":{"title":"HAMPUS ABSTREI LEISTE 9300 - Vendig.se","robots":{"index":"index","follow":"follow","max-snippet":"max-snippet:-1","max-image-preview":"max-image-preview:large","max-video-preview":"max-video-preview:-1"},"canonical":"https:\/\/vendig.se\/de\/produkt\/hampus-abstrei-leiste-9300\/","og_locale":"de_DE","og_type":"article","og_title":"HAMPUS ABSTREI LEISTE 9300 - Vendig.se","og_description":"Hampus abstreif leiste mit hartmetall \u2013 Abstreifleiste mit federndem Abstreifsegmenten. Hampus Abstreifleiste 9300 mit Abstreifsegmenten aus Polyurethan mit eingegossenem Hartmetall....","og_url":"https:\/\/vendig.se\/de\/produkt\/hampus-abstrei-leiste-9300\/","og_site_name":"Vendig.se","article_modified_time":"2026-04-07T05:50:11+00:00","twitter_card":"summary_large_image","schema":{"@context":"https:\/\/schema.org","@graph":[{"@type":"WebPage","@id":"https:\/\/vendig.se\/de\/produkt\/hampus-abstrei-leiste-9300\/","url":"https:\/\/vendig.se\/de\/produkt\/hampus-abstrei-leiste-9300\/","name":"HAMPUS ABSTREI LEISTE 9300 - Vendig.se","isPartOf":{"@id":"https:\/\/vendig.se\/#website"},"primaryImageOfPage":{"@id":"https:\/\/vendig.se\/de\/produkt\/hampus-abstrei-leiste-9300\/#primaryimage"},"image":{"@id":"https:\/\/vendig.se\/de\/produkt\/hampus-abstrei-leiste-9300\/#primaryimage"},"thumbnailUrl":"https:\/\/vendig.se\/wp-content\/uploads\/2024\/02\/9300.webp","datePublished":"2021-10-06T06:49:36+00:00","dateModified":"2026-04-07T05:50:11+00:00","breadcrumb":{"@id":"https:\/\/vendig.se\/de\/produkt\/hampus-abstrei-leiste-9300\/#breadcrumb"},"inLanguage":"de","potentialAction":[{"@type":"ReadAction","target":["https:\/\/vendig.se\/de\/produkt\/hampus-abstrei-leiste-9300\/"]}]},{"@type":"ImageObject","inLanguage":"de","@id":"https:\/\/vendig.se\/de\/produkt\/hampus-abstrei-leiste-9300\/#primaryimage","url":"https:\/\/vendig.se\/wp-content\/uploads\/2024\/02\/9300.webp","contentUrl":"https:\/\/vendig.se\/wp-content\/uploads\/2024\/02\/9300.webp","width":750,"height":462},{"@type":"BreadcrumbList","@id":"https:\/\/vendig.se\/de\/produkt\/hampus-abstrei-leiste-9300\/#breadcrumb","itemListElement":[{"@type":"ListItem","position":1,"name":"Home","item":"https:\/\/vendig.se\/de\/"},{"@type":"ListItem","position":2,"name":"Produkte","item":"https:\/\/vendig.se\/laden\/?lang=de"},{"@type":"ListItem","position":3,"name":"HAMPUS ABSTREI LEISTE 9300"}]},{"@type":"WebSite","@id":"https:\/\/vendig.se\/#website","url":"https:\/\/vendig.se\/","name":"Vendig.se","description":"VENDIG LEVERERAR TRANSPORT\u00d6RKOMPONENTER!","publisher":{"@id":"https:\/\/vendig.se\/#organization"},"potentialAction":[{"@type":"SearchAction","target":{"@type":"EntryPoint","urlTemplate":"https:\/\/vendig.se\/?s={search_term_string}"},"query-input":{"@type":"PropertyValueSpecification","valueRequired":true,"valueName":"search_term_string"}}],"inLanguage":"de"},{"@type":"Organization","@id":"https:\/\/vendig.se\/#organization","name":"Vendig.se","url":"https:\/\/vendig.se\/","logo":{"@type":"ImageObject","inLanguage":"de","@id":"https:\/\/vendig.se\/#\/schema\/logo\/image\/","url":"https:\/\/vendig.se\/wp-content\/uploads\/2021\/09\/cropped-cropped-logo-4.png","contentUrl":"https:\/\/vendig.se\/wp-content\/uploads\/2021\/09\/cropped-cropped-logo-4.png","width":479,"height":69,"caption":"Vendig.se"},"image":{"@id":"https:\/\/vendig.se\/#\/schema\/logo\/image\/"}}]}},"uagb_featured_image_src":{"full":["https:\/\/vendig.se\/wp-content\/uploads\/2024\/02\/9300.webp",750,462,false],"thumbnail":["https:\/\/vendig.se\/wp-content\/uploads\/2024\/02\/9300-150x150.webp",150,150,true],"medium":["https:\/\/vendig.se\/wp-content\/uploads\/2024\/02\/9300-300x185.webp",300,185,true],"medium_large":["https:\/\/vendig.se\/wp-content\/uploads\/2024\/02\/9300.webp",750,462,false],"large":["https:\/\/vendig.se\/wp-content\/uploads\/2024\/02\/9300.webp",750,462,false],"1536x1536":["https:\/\/vendig.se\/wp-content\/uploads\/2024\/02\/9300.webp",750,462,false],"2048x2048":["https:\/\/vendig.se\/wp-content\/uploads\/2024\/02\/9300.webp",750,462,false],"gb-block-post-grid-landscape":["https:\/\/vendig.se\/wp-content\/uploads\/2024\/02\/9300-600x400.webp",600,400,true],"gb-block-post-grid-square":["https:\/\/vendig.se\/wp-content\/uploads\/2024\/02\/9300-600x462.webp",600,462,true],"woocommerce_thumbnail":["https:\/\/vendig.se\/wp-content\/uploads\/2024\/02\/9300-530x326.webp",530,326,true],"woocommerce_single":["https:\/\/vendig.se\/wp-content\/uploads\/2024\/02\/9300-720x444.webp",720,444,true],"woocommerce_gallery_thumbnail":["https:\/\/vendig.se\/wp-content\/uploads\/2024\/02\/9300-100x100.webp",100,100,true],"dgwt-wcas-product-suggestion":["https:\/\/vendig.se\/wp-content\/uploads\/2024\/02\/9300-64x39.webp",64,39,true]},"uagb_author_info":{"display_name":"itstodvendig","author_link":"https:\/\/vendig.se\/de\/author\/"},"uagb_comment_info":0,"uagb_excerpt":"Hampus abstreif leiste mit hartmetall \u2013 Abstreifleiste mit federndem Abstreifsegmenten. Hampus Abstreifleiste 9300 mit Abstreifsegmenten aus Polyurethan mit eingegossenem Hartmetall....","_links":{"self":[{"href":"https:\/\/vendig.se\/de\/wp-json\/wp\/v2\/product\/199726","targetHints":{"allow":["GET"]}}],"collection":[{"href":"https:\/\/vendig.se\/de\/wp-json\/wp\/v2\/product"}],"about":[{"href":"https:\/\/vendig.se\/de\/wp-json\/wp\/v2\/types\/product"}],"wp:featuredmedia":[{"embeddable":true,"href":"https:\/\/vendig.se\/de\/wp-json\/wp\/v2\/media\/199046"}],"wp:attachment":[{"href":"https:\/\/vendig.se\/de\/wp-json\/wp\/v2\/media?parent=199726"}],"wp:term":[{"taxonomy":"product_brand","embeddable":true,"href":"https:\/\/vendig.se\/de\/wp-json\/wp\/v2\/product_brand?post=199726"},{"taxonomy":"product_cat","embeddable":true,"href":"https:\/\/vendig.se\/de\/wp-json\/wp\/v2\/product_cat?post=199726"},{"taxonomy":"product_tag","embeddable":true,"href":"https:\/\/vendig.se\/de\/wp-json\/wp\/v2\/product_tag?post=199726"}],"curies":[{"name":"wp","href":"https:\/\/api.w.org\/{rel}","templated":true}]}}