{"id":190901,"date":"2022-10-27T16:36:52","date_gmt":"2022-10-27T14:36:52","guid":{"rendered":"https:\/\/vendig.se\/hampus-segment-prescraper-compact-100-mm\/"},"modified":"2026-04-01T16:58:17","modified_gmt":"2026-04-01T14:58:17","slug":"hampus-segment-prescraper-compact-100-mm","status":"publish","type":"product","link":"https:\/\/vendig.se\/en\/products\/hampus-segment-prescraper-compact-100-mm\/","title":{"rendered":"HAMPUS SEGMENT, PRESCRAPER, COMPACT 100 mm"},"content":{"rendered":"<p>With tungstencarbide. Including fastening details.INP\u00c5SLAGET T\u00c4CKER F\u00c4STDETALJER, FRAKT OCH HANTERING.<\/p>\n","protected":false},"excerpt":{"rendered":"<p>With tungstencarbide. Including fastening details.INP\u00c5SLAGET T\u00c4CKER F\u00c4STDETALJER, FRAKT OCH HANTERING.<\/p>\n","protected":false},"featured_media":0,"template":"","meta":{"_acf_changed":false,"_uag_custom_page_level_css":"","_themeisle_gutenberg_block_has_review":false},"product_brand":[],"product_cat":[1068,666],"product_tag":[],"class_list":{"0":"post-190901","1":"product","2":"type-product","3":"status-publish","5":"product_cat-spareparts-bc","6":"product_cat-beltcleaning","8":"first","9":"instock","10":"taxable","11":"shipping-taxable","12":"purchasable","13":"product-type-simple"},"acf":{"itstod_erp_ignore_discount":false},"yoast_head":"<!-- This site is optimized with the Yoast SEO plugin v27.0 - https:\/\/yoast.com\/product\/yoast-seo-wordpress\/ -->\n<title>HAMPUS SEGMENT, PRESCRAPER, COMPACT 100 mm - Vendig.se<\/title>\n<meta name=\"robots\" content=\"index, follow, max-snippet:-1, max-image-preview:large, max-video-preview:-1\" \/>\n<link rel=\"canonical\" href=\"https:\/\/vendig.se\/products\/hampus-segment-prescraper-compact-100-mm\/?lang=en\" \/>\n<meta property=\"og:locale\" content=\"en_US\" \/>\n<meta property=\"og:type\" content=\"article\" \/>\n<meta property=\"og:title\" content=\"HAMPUS SEGMENT, PRESCRAPER, COMPACT 100 mm - Vendig.se\" \/>\n<meta property=\"og:description\" content=\"With tungstencarbide. Including fastening details.INP\u00c5SLAGET T\u00c4CKER F\u00c4STDETALJER, FRAKT OCH HANTERING.\" \/>\n<meta property=\"og:url\" content=\"https:\/\/vendig.se\/products\/hampus-segment-prescraper-compact-100-mm\/?lang=en\" \/>\n<meta property=\"og:site_name\" content=\"Vendig.se\" \/>\n<meta property=\"article:modified_time\" content=\"2026-04-01T14:58:17+00:00\" \/>\n<meta name=\"twitter:card\" content=\"summary_large_image\" \/>\n<!-- \/ Yoast SEO plugin. -->","yoast_head_json":{"title":"HAMPUS SEGMENT, PRESCRAPER, COMPACT 100 mm - Vendig.se","robots":{"index":"index","follow":"follow","max-snippet":"max-snippet:-1","max-image-preview":"max-image-preview:large","max-video-preview":"max-video-preview:-1"},"canonical":"https:\/\/vendig.se\/products\/hampus-segment-prescraper-compact-100-mm\/?lang=en","og_locale":"en_US","og_type":"article","og_title":"HAMPUS SEGMENT, PRESCRAPER, COMPACT 100 mm - Vendig.se","og_description":"With tungstencarbide. Including fastening details.INP\u00c5SLAGET T\u00c4CKER F\u00c4STDETALJER, FRAKT OCH HANTERING.","og_url":"https:\/\/vendig.se\/products\/hampus-segment-prescraper-compact-100-mm\/?lang=en","og_site_name":"Vendig.se","article_modified_time":"2026-04-01T14:58:17+00:00","twitter_card":"summary_large_image","schema":{"@context":"https:\/\/schema.org","@graph":[{"@type":"WebPage","@id":"https:\/\/vendig.se\/products\/hampus-segment-prescraper-compact-100-mm\/?lang=en","url":"https:\/\/vendig.se\/products\/hampus-segment-prescraper-compact-100-mm\/?lang=en","name":"HAMPUS SEGMENT, PRESCRAPER, COMPACT 100 mm - Vendig.se","isPartOf":{"@id":"https:\/\/vendig.se\/#website"},"datePublished":"2022-10-27T14:36:52+00:00","dateModified":"2026-04-01T14:58:17+00:00","breadcrumb":{"@id":"https:\/\/vendig.se\/products\/hampus-segment-prescraper-compact-100-mm\/?lang=en#breadcrumb"},"inLanguage":"en-US","potentialAction":[{"@type":"ReadAction","target":["https:\/\/vendig.se\/products\/hampus-segment-prescraper-compact-100-mm\/?lang=en"]}]},{"@type":"BreadcrumbList","@id":"https:\/\/vendig.se\/products\/hampus-segment-prescraper-compact-100-mm\/?lang=en#breadcrumb","itemListElement":[{"@type":"ListItem","position":1,"name":"Home","item":"https:\/\/vendig.se\/en\/"},{"@type":"ListItem","position":2,"name":"Products","item":"https:\/\/vendig.se\/shop\/?lang=en"},{"@type":"ListItem","position":3,"name":"HAMPUS SEGMENT, PRESCRAPER, COMPACT 100 mm"}]},{"@type":"WebSite","@id":"https:\/\/vendig.se\/#website","url":"https:\/\/vendig.se\/","name":"Vendig.se","description":"VENDIG LEVERERAR TRANSPORT\u00d6RKOMPONENTER!","publisher":{"@id":"https:\/\/vendig.se\/#organization"},"potentialAction":[{"@type":"SearchAction","target":{"@type":"EntryPoint","urlTemplate":"https:\/\/vendig.se\/?s={search_term_string}"},"query-input":{"@type":"PropertyValueSpecification","valueRequired":true,"valueName":"search_term_string"}}],"inLanguage":"en-US"},{"@type":"Organization","@id":"https:\/\/vendig.se\/#organization","name":"Vendig.se","url":"https:\/\/vendig.se\/","logo":{"@type":"ImageObject","inLanguage":"en-US","@id":"https:\/\/vendig.se\/#\/schema\/logo\/image\/","url":"https:\/\/vendig.se\/wp-content\/uploads\/2021\/09\/cropped-cropped-logo-4.png","contentUrl":"https:\/\/vendig.se\/wp-content\/uploads\/2021\/09\/cropped-cropped-logo-4.png","width":479,"height":69,"caption":"Vendig.se"},"image":{"@id":"https:\/\/vendig.se\/#\/schema\/logo\/image\/"}}]}},"uagb_featured_image_src":{"full":false,"thumbnail":false,"medium":false,"medium_large":false,"large":false,"1536x1536":false,"2048x2048":false,"gb-block-post-grid-landscape":false,"gb-block-post-grid-square":false,"woocommerce_thumbnail":false,"woocommerce_single":false,"woocommerce_gallery_thumbnail":false,"dgwt-wcas-product-suggestion":false},"uagb_author_info":{"display_name":"itstodvendig","author_link":"https:\/\/vendig.se\/en\/author\/"},"uagb_comment_info":0,"uagb_excerpt":"With tungstencarbide. Including fastening details.INP\u00c5SLAGET T\u00c4CKER F\u00c4STDETALJER, FRAKT OCH HANTERING.","_links":{"self":[{"href":"https:\/\/vendig.se\/en\/wp-json\/wp\/v2\/product\/190901","targetHints":{"allow":["GET"]}}],"collection":[{"href":"https:\/\/vendig.se\/en\/wp-json\/wp\/v2\/product"}],"about":[{"href":"https:\/\/vendig.se\/en\/wp-json\/wp\/v2\/types\/product"}],"wp:attachment":[{"href":"https:\/\/vendig.se\/en\/wp-json\/wp\/v2\/media?parent=190901"}],"wp:term":[{"taxonomy":"product_brand","embeddable":true,"href":"https:\/\/vendig.se\/en\/wp-json\/wp\/v2\/product_brand?post=190901"},{"taxonomy":"product_cat","embeddable":true,"href":"https:\/\/vendig.se\/en\/wp-json\/wp\/v2\/product_cat?post=190901"},{"taxonomy":"product_tag","embeddable":true,"href":"https:\/\/vendig.se\/en\/wp-json\/wp\/v2\/product_tag?post=190901"}],"curies":[{"name":"wp","href":"https:\/\/api.w.org\/{rel}","templated":true}]}}